{"id":6830,"date":"2024-12-10T17:34:56","date_gmt":"2024-12-10T13:34:56","guid":{"rendered":"http:\/\/labonnk.cluster023.hosting.ovh.net\/?post_type=product&#038;p=6830"},"modified":"2026-04-19T11:54:32","modified_gmt":"2026-04-19T07:54:32","slug":"claquette-tresse-jilak","status":"publish","type":"product","link":"https:\/\/labonnepointure.re\/index.php\/produit\/claquette-tresse-jilak\/","title":{"rendered":"JILAK"},"content":{"rendered":"<h3 data-start=\"53\" data-end=\"129\"><strong data-start=\"57\" data-end=\"129\">Sandale tress\u00e9e \u00e0 enfiler \u2013 Style et simplicit\u00e9 au quotidien \ud83e\uddd8\u200d\u2640\ufe0f\ud83d\udc61<\/strong><\/h3>\n<p data-start=\"131\" data-end=\"367\">Avec sa bande large tress\u00e9e et sa semelle plate confortable, cette sandale \u00e0 enfiler allie design moderne et praticit\u00e9. Id\u00e9ale pour vos journ\u00e9es actives ou vos instants d\u00e9tente, elle s\u2019adapte \u00e0 toutes vos tenues casual en un clin d&rsquo;\u0153il.<\/p>\n<p data-start=\"369\" data-end=\"579\"><strong data-start=\"369\" data-end=\"388\">Ce qu\u2019on aime :<\/strong><br data-start=\"388\" data-end=\"391\" \/>\u2022 Finition tress\u00e9e chic et tendance \ud83d\udd04<br data-start=\"429\" data-end=\"432\" \/>\u2022 Facile \u00e0 enfiler et \u00e0 retirer \ud83e\ude74<br data-start=\"466\" data-end=\"469\" \/>\u2022 Semelle amortissante pour un confort optimal \ud83d\udc5f<br data-start=\"518\" data-end=\"521\" \/>\u2022 Parfaite pour la ville, les vacances ou la maison \ud83c\udfd9\ufe0f\ud83c\udfd6\ufe0f<\/p>\n","protected":false},"excerpt":{"rendered":"<p>\u2022 <strong data-start=\"90\" data-end=\"102\">Mod\u00e8le :<\/strong> Claquette \u00e0 plateforme au look tress\u00e9<br data-start=\"140\" data-end=\"143\" \/>\u2022 <strong data-start=\"145\" data-end=\"164\">Dessus \/ Tige :<\/strong> Large bride effet tress\u00e9 en mati\u00e8re synth\u00e9tique<br data-start=\"212\" data-end=\"215\" \/>\u2022 <strong data-start=\"217\" data-end=\"231\">Doublure :<\/strong> Lisse et agr\u00e9able au toucher<br data-start=\"260\" data-end=\"263\" \/>\u2022 <strong data-start=\"265\" data-end=\"289\">Semelle int\u00e9rieure :<\/strong> Ergonomique et l\u00e9g\u00e8rement rembourr\u00e9e pour plus de confort<br data-start=\"347\" data-end=\"350\" \/>\u2022 <strong data-start=\"352\" data-end=\"376\">Semelle ext\u00e9rieure :<\/strong> Solide, avec reliefs antid\u00e9rapants<br data-start=\"411\" data-end=\"414\" \/>\u2022 <strong data-start=\"416\" data-end=\"431\">Fermeture :<\/strong> \u00c0 enfiler (sans fermeture)<\/p>\n","protected":false},"featured_media":15670,"comment_status":"open","ping_status":"closed","template":"","meta":[],"product_brand":[],"product_cat":[162,157],"product_tag":[177,188],"class_list":{"0":"post-6830","1":"product","2":"type-product","3":"status-publish","4":"has-post-thumbnail","6":"product_cat-claquette","7":"product_cat-femme","8":"product_tag-claquette","9":"product_tag-femme","11":"first","12":"instock","13":"sale","14":"taxable","15":"shipping-taxable","16":"purchasable","17":"product-type-variable","18":"add-to-wishlist-before_image"},"yoast_head":"<!-- This site is optimized with the Yoast SEO plugin v27.3 - https:\/\/yoast.com\/product\/yoast-seo-wordpress\/ -->\n<title>JILAK - La Bonne Pointure<\/title>\n<meta name=\"robots\" content=\"index, follow, max-snippet:-1, max-image-preview:large, max-video-preview:-1\" \/>\n<link rel=\"canonical\" href=\"https:\/\/labonnepointure.re\/index.php\/produit\/claquette-tresse-jilak\/\" \/>\n<meta property=\"og:locale\" content=\"fr_FR\" \/>\n<meta property=\"og:type\" content=\"article\" \/>\n<meta property=\"og:title\" content=\"JILAK - La Bonne Pointure\" \/>\n<meta property=\"og:description\" content=\"\u2022 Mod\u00e8le : Claquette \u00e0 plateforme au look tress\u00e9\u2022 Dessus \/ Tige : Large bride effet tress\u00e9 en mati\u00e8re synth\u00e9tique\u2022 Doublure : Lisse et agr\u00e9able au toucher\u2022 Semelle int\u00e9rieure : Ergonomique et l\u00e9g\u00e8rement rembourr\u00e9e pour plus de confort\u2022 Semelle ext\u00e9rieure : Solide, avec reliefs antid\u00e9rapants\u2022 Fermeture : \u00c0 enfiler (sans fermeture)\" \/>\n<meta property=\"og:url\" content=\"https:\/\/labonnepointure.re\/index.php\/produit\/claquette-tresse-jilak\/\" \/>\n<meta property=\"og:site_name\" content=\"La Bonne Pointure\" \/>\n<meta property=\"article:publisher\" content=\"https:\/\/www.facebook.com\/LaBonnePointure974\" \/>\n<meta property=\"article:modified_time\" content=\"2026-04-19T07:54:32+00:00\" \/>\n<meta property=\"og:image\" content=\"https:\/\/labonnepointure.re\/wp-content\/uploads\/2025\/06\/ChatGPT-Image-20-juin-2025-12_34_32.webp\" \/>\n\t<meta property=\"og:image:width\" content=\"1024\" \/>\n\t<meta property=\"og:image:height\" content=\"1536\" \/>\n\t<meta property=\"og:image:type\" content=\"image\/webp\" \/>\n<meta name=\"twitter:card\" content=\"summary_large_image\" \/>\n<meta name=\"twitter:label1\" content=\"Dur\u00e9e de lecture estim\u00e9e\" \/>\n\t<meta name=\"twitter:data1\" content=\"1 minute\" \/>\n<script type=\"application\/ld+json\" class=\"yoast-schema-graph\">{\"@context\":\"https:\\\/\\\/schema.org\",\"@graph\":[{\"@type\":\"WebPage\",\"@id\":\"https:\\\/\\\/labonnepointure.re\\\/index.php\\\/produit\\\/claquette-tresse-jilak\\\/\",\"url\":\"https:\\\/\\\/labonnepointure.re\\\/index.php\\\/produit\\\/claquette-tresse-jilak\\\/\",\"name\":\"JILAK - La Bonne Pointure\",\"isPartOf\":{\"@id\":\"https:\\\/\\\/labonnepointure.re\\\/#website\"},\"primaryImageOfPage\":{\"@id\":\"https:\\\/\\\/labonnepointure.re\\\/index.php\\\/produit\\\/claquette-tresse-jilak\\\/#primaryimage\"},\"image\":{\"@id\":\"https:\\\/\\\/labonnepointure.re\\\/index.php\\\/produit\\\/claquette-tresse-jilak\\\/#primaryimage\"},\"thumbnailUrl\":\"https:\\\/\\\/labonnepointure.re\\\/wp-content\\\/uploads\\\/2025\\\/06\\\/ChatGPT-Image-20-juin-2025-12_34_32.webp\",\"datePublished\":\"2024-12-10T13:34:56+00:00\",\"dateModified\":\"2026-04-19T07:54:32+00:00\",\"breadcrumb\":{\"@id\":\"https:\\\/\\\/labonnepointure.re\\\/index.php\\\/produit\\\/claquette-tresse-jilak\\\/#breadcrumb\"},\"inLanguage\":\"fr-FR\",\"potentialAction\":[{\"@type\":\"ReadAction\",\"target\":[\"https:\\\/\\\/labonnepointure.re\\\/index.php\\\/produit\\\/claquette-tresse-jilak\\\/\"]}]},{\"@type\":\"ImageObject\",\"inLanguage\":\"fr-FR\",\"@id\":\"https:\\\/\\\/labonnepointure.re\\\/index.php\\\/produit\\\/claquette-tresse-jilak\\\/#primaryimage\",\"url\":\"https:\\\/\\\/labonnepointure.re\\\/wp-content\\\/uploads\\\/2025\\\/06\\\/ChatGPT-Image-20-juin-2025-12_34_32.webp\",\"contentUrl\":\"https:\\\/\\\/labonnepointure.re\\\/wp-content\\\/uploads\\\/2025\\\/06\\\/ChatGPT-Image-20-juin-2025-12_34_32.webp\",\"width\":1024,\"height\":1536},{\"@type\":\"BreadcrumbList\",\"@id\":\"https:\\\/\\\/labonnepointure.re\\\/index.php\\\/produit\\\/claquette-tresse-jilak\\\/#breadcrumb\",\"itemListElement\":[{\"@type\":\"ListItem\",\"position\":1,\"name\":\"Accueil\",\"item\":\"https:\\\/\\\/labonnepointure.re\\\/\"},{\"@type\":\"ListItem\",\"position\":2,\"name\":\"FEMME &#8211; TALONS\",\"item\":\"https:\\\/\\\/labonnepointure.re\\\/index.php\\\/femme-talons\\\/\"},{\"@type\":\"ListItem\",\"position\":3,\"name\":\"JILAK\"}]},{\"@type\":\"WebSite\",\"@id\":\"https:\\\/\\\/labonnepointure.re\\\/#website\",\"url\":\"https:\\\/\\\/labonnepointure.re\\\/\",\"name\":\"La Bonne Pointure R\u00e9union\",\"description\":\"La Bonne Pointure votre marque 100% r\u00e9unionnaise\",\"publisher\":{\"@id\":\"https:\\\/\\\/labonnepointure.re\\\/#organization\"},\"potentialAction\":[{\"@type\":\"SearchAction\",\"target\":{\"@type\":\"EntryPoint\",\"urlTemplate\":\"https:\\\/\\\/labonnepointure.re\\\/?s={search_term_string}\"},\"query-input\":{\"@type\":\"PropertyValueSpecification\",\"valueRequired\":true,\"valueName\":\"search_term_string\"}}],\"inLanguage\":\"fr-FR\"},{\"@type\":\"Organization\",\"@id\":\"https:\\\/\\\/labonnepointure.re\\\/#organization\",\"name\":\"La Bonne Pointure R\u00e9union\",\"alternateName\":\"La Bonne Pointure\",\"url\":\"https:\\\/\\\/labonnepointure.re\\\/\",\"logo\":{\"@type\":\"ImageObject\",\"inLanguage\":\"fr-FR\",\"@id\":\"https:\\\/\\\/labonnepointure.re\\\/#\\\/schema\\\/logo\\\/image\\\/\",\"url\":\"https:\\\/\\\/labonnepointure.re\\\/wp-content\\\/uploads\\\/2024\\\/05\\\/cropped-Copie-de-post-instfb-13.png\",\"contentUrl\":\"https:\\\/\\\/labonnepointure.re\\\/wp-content\\\/uploads\\\/2024\\\/05\\\/cropped-Copie-de-post-instfb-13.png\",\"width\":512,\"height\":512,\"caption\":\"La Bonne Pointure R\u00e9union\"},\"image\":{\"@id\":\"https:\\\/\\\/labonnepointure.re\\\/#\\\/schema\\\/logo\\\/image\\\/\"},\"sameAs\":[\"https:\\\/\\\/www.facebook.com\\\/LaBonnePointure974\",\"https:\\\/\\\/www.instagram.com\\\/labonnepointure_run\\\/\"]}]}<\/script>\n<!-- \/ Yoast SEO plugin. -->","yoast_head_json":{"title":"JILAK - La Bonne Pointure","robots":{"index":"index","follow":"follow","max-snippet":"max-snippet:-1","max-image-preview":"max-image-preview:large","max-video-preview":"max-video-preview:-1"},"canonical":"https:\/\/labonnepointure.re\/index.php\/produit\/claquette-tresse-jilak\/","og_locale":"fr_FR","og_type":"article","og_title":"JILAK - La Bonne Pointure","og_description":"\u2022 Mod\u00e8le : Claquette \u00e0 plateforme au look tress\u00e9\u2022 Dessus \/ Tige : Large bride effet tress\u00e9 en mati\u00e8re synth\u00e9tique\u2022 Doublure : Lisse et agr\u00e9able au toucher\u2022 Semelle int\u00e9rieure : Ergonomique et l\u00e9g\u00e8rement rembourr\u00e9e pour plus de confort\u2022 Semelle ext\u00e9rieure : Solide, avec reliefs antid\u00e9rapants\u2022 Fermeture : \u00c0 enfiler (sans fermeture)","og_url":"https:\/\/labonnepointure.re\/index.php\/produit\/claquette-tresse-jilak\/","og_site_name":"La Bonne Pointure","article_publisher":"https:\/\/www.facebook.com\/LaBonnePointure974","article_modified_time":"2026-04-19T07:54:32+00:00","og_image":[{"width":1024,"height":1536,"url":"https:\/\/labonnepointure.re\/wp-content\/uploads\/2025\/06\/ChatGPT-Image-20-juin-2025-12_34_32.webp","type":"image\/webp"}],"twitter_card":"summary_large_image","twitter_misc":{"Dur\u00e9e de lecture estim\u00e9e":"1 minute"},"schema":{"@context":"https:\/\/schema.org","@graph":[{"@type":"WebPage","@id":"https:\/\/labonnepointure.re\/index.php\/produit\/claquette-tresse-jilak\/","url":"https:\/\/labonnepointure.re\/index.php\/produit\/claquette-tresse-jilak\/","name":"JILAK - La Bonne Pointure","isPartOf":{"@id":"https:\/\/labonnepointure.re\/#website"},"primaryImageOfPage":{"@id":"https:\/\/labonnepointure.re\/index.php\/produit\/claquette-tresse-jilak\/#primaryimage"},"image":{"@id":"https:\/\/labonnepointure.re\/index.php\/produit\/claquette-tresse-jilak\/#primaryimage"},"thumbnailUrl":"https:\/\/labonnepointure.re\/wp-content\/uploads\/2025\/06\/ChatGPT-Image-20-juin-2025-12_34_32.webp","datePublished":"2024-12-10T13:34:56+00:00","dateModified":"2026-04-19T07:54:32+00:00","breadcrumb":{"@id":"https:\/\/labonnepointure.re\/index.php\/produit\/claquette-tresse-jilak\/#breadcrumb"},"inLanguage":"fr-FR","potentialAction":[{"@type":"ReadAction","target":["https:\/\/labonnepointure.re\/index.php\/produit\/claquette-tresse-jilak\/"]}]},{"@type":"ImageObject","inLanguage":"fr-FR","@id":"https:\/\/labonnepointure.re\/index.php\/produit\/claquette-tresse-jilak\/#primaryimage","url":"https:\/\/labonnepointure.re\/wp-content\/uploads\/2025\/06\/ChatGPT-Image-20-juin-2025-12_34_32.webp","contentUrl":"https:\/\/labonnepointure.re\/wp-content\/uploads\/2025\/06\/ChatGPT-Image-20-juin-2025-12_34_32.webp","width":1024,"height":1536},{"@type":"BreadcrumbList","@id":"https:\/\/labonnepointure.re\/index.php\/produit\/claquette-tresse-jilak\/#breadcrumb","itemListElement":[{"@type":"ListItem","position":1,"name":"Accueil","item":"https:\/\/labonnepointure.re\/"},{"@type":"ListItem","position":2,"name":"FEMME &#8211; TALONS","item":"https:\/\/labonnepointure.re\/index.php\/femme-talons\/"},{"@type":"ListItem","position":3,"name":"JILAK"}]},{"@type":"WebSite","@id":"https:\/\/labonnepointure.re\/#website","url":"https:\/\/labonnepointure.re\/","name":"La Bonne Pointure R\u00e9union","description":"La Bonne Pointure votre marque 100% r\u00e9unionnaise","publisher":{"@id":"https:\/\/labonnepointure.re\/#organization"},"potentialAction":[{"@type":"SearchAction","target":{"@type":"EntryPoint","urlTemplate":"https:\/\/labonnepointure.re\/?s={search_term_string}"},"query-input":{"@type":"PropertyValueSpecification","valueRequired":true,"valueName":"search_term_string"}}],"inLanguage":"fr-FR"},{"@type":"Organization","@id":"https:\/\/labonnepointure.re\/#organization","name":"La Bonne Pointure R\u00e9union","alternateName":"La Bonne Pointure","url":"https:\/\/labonnepointure.re\/","logo":{"@type":"ImageObject","inLanguage":"fr-FR","@id":"https:\/\/labonnepointure.re\/#\/schema\/logo\/image\/","url":"https:\/\/labonnepointure.re\/wp-content\/uploads\/2024\/05\/cropped-Copie-de-post-instfb-13.png","contentUrl":"https:\/\/labonnepointure.re\/wp-content\/uploads\/2024\/05\/cropped-Copie-de-post-instfb-13.png","width":512,"height":512,"caption":"La Bonne Pointure R\u00e9union"},"image":{"@id":"https:\/\/labonnepointure.re\/#\/schema\/logo\/image\/"},"sameAs":["https:\/\/www.facebook.com\/LaBonnePointure974","https:\/\/www.instagram.com\/labonnepointure_run\/"]}]}},"_links":{"self":[{"href":"https:\/\/labonnepointure.re\/index.php\/wp-json\/wp\/v2\/product\/6830","targetHints":{"allow":["GET"]}}],"collection":[{"href":"https:\/\/labonnepointure.re\/index.php\/wp-json\/wp\/v2\/product"}],"about":[{"href":"https:\/\/labonnepointure.re\/index.php\/wp-json\/wp\/v2\/types\/product"}],"replies":[{"embeddable":true,"href":"https:\/\/labonnepointure.re\/index.php\/wp-json\/wp\/v2\/comments?post=6830"}],"version-history":[{"count":2,"href":"https:\/\/labonnepointure.re\/index.php\/wp-json\/wp\/v2\/product\/6830\/revisions"}],"predecessor-version":[{"id":18078,"href":"https:\/\/labonnepointure.re\/index.php\/wp-json\/wp\/v2\/product\/6830\/revisions\/18078"}],"wp:featuredmedia":[{"embeddable":true,"href":"https:\/\/labonnepointure.re\/index.php\/wp-json\/wp\/v2\/media\/15670"}],"wp:attachment":[{"href":"https:\/\/labonnepointure.re\/index.php\/wp-json\/wp\/v2\/media?parent=6830"}],"wp:term":[{"taxonomy":"product_brand","embeddable":true,"href":"https:\/\/labonnepointure.re\/index.php\/wp-json\/wp\/v2\/product_brand?post=6830"},{"taxonomy":"product_cat","embeddable":true,"href":"https:\/\/labonnepointure.re\/index.php\/wp-json\/wp\/v2\/product_cat?post=6830"},{"taxonomy":"product_tag","embeddable":true,"href":"https:\/\/labonnepointure.re\/index.php\/wp-json\/wp\/v2\/product_tag?post=6830"}],"curies":[{"name":"wp","href":"https:\/\/api.w.org\/{rel}","templated":true}]}}