{"id":24785,"date":"2026-04-30T11:20:57","date_gmt":"2026-04-30T07:20:57","guid":{"rendered":"https:\/\/labonnepointure.re\/?post_type=product&#038;p=24785"},"modified":"2026-04-30T16:16:41","modified_gmt":"2026-04-30T12:16:41","slug":"sandale-compensee-minimaliste","status":"publish","type":"product","link":"https:\/\/labonnepointure.re\/index.php\/produit\/sandale-compensee-minimaliste\/","title":{"rendered":"VIZANNO &#8211; Sandale compens\u00e9e minimaliste"},"content":{"rendered":"<p class=\"p1\">Craquez pour cette sandale femme au design minimaliste et moderne, parfaite pour sublimer vos tenues \u00e0 La R\u00e9union.<\/p>\n<p class=\"p1\">Son style \u00e9pur\u00e9 avec bride large \u00e0 l\u2019avant apporte une touche \u00e9l\u00e9gante tout en assurant un bon maintien du pied. Facile \u00e0 enfiler, elle est id\u00e9ale pour un usage quotidien sans compromis sur le style.<\/p>\n<p class=\"p1\">Sa semelle compens\u00e9e offre une l\u00e9g\u00e8re hauteur tout en garantissant confort et stabilit\u00e9, pour marcher en toute confiance tout au long de la journ\u00e9e.<\/p>\n<p class=\"p1\">Un mod\u00e8le chic, confortable et facile \u00e0 porter pour celles qui recherchent des chaussures femme \u00e0 La R\u00e9union \u00e0 la fois simples et tendance.<\/p>\n","protected":false},"excerpt":{"rendered":"<p class=\"p1\">Mod\u00e8le : Sandale femme compens\u00e9e minimaliste<\/p>\n<p class=\"p1\">Dessus \/ Tige : Mati\u00e8re synth\u00e9tique<\/p>\n<p class=\"p1\">Doublure : Mati\u00e8re synth\u00e9tique<\/p>\n<p class=\"p1\">Semelle int\u00e9rieure : Semelle confortable<\/p>\n<p class=\"p1\">Semelle ext\u00e9rieure : Mati\u00e8re synth\u00e9tique \u00e9paisse et antid\u00e9rapante<\/p>\n<p class=\"p1\">Fermeture : \u00c0 enfiler<\/p>\n<p class=\"p1\">Type de semelle : Compens\u00e9e<\/p>\n<p class=\"p1\">Chaussant : Standard<\/p>\n","protected":false},"featured_media":24974,"comment_status":"open","ping_status":"closed","template":"","meta":[],"product_brand":[386],"product_cat":[157,160],"product_tag":[188,178,392],"class_list":{"0":"post-24785","1":"product","2":"type-product","3":"status-publish","4":"has-post-thumbnail","6":"product_brand-vizzano","7":"product_cat-femme","8":"product_cat-sandale","9":"product_tag-femme","10":"product_tag-sandale","11":"product_tag-vizzano","13":"first","14":"instock","15":"taxable","16":"shipping-taxable","17":"purchasable","18":"product-type-variable","19":"add-to-wishlist-before_image"},"yoast_head":"<!-- This site is optimized with the Yoast SEO plugin v27.5 - https:\/\/yoast.com\/product\/yoast-seo-wordpress\/ -->\n<title>VIZANNO - Sandale compens\u00e9e minimaliste - La Bonne Pointure<\/title>\n<meta name=\"robots\" content=\"index, follow, max-snippet:-1, max-image-preview:large, max-video-preview:-1\" \/>\n<link rel=\"canonical\" href=\"https:\/\/labonnepointure.re\/index.php\/produit\/sandale-compensee-minimaliste\/\" \/>\n<meta property=\"og:locale\" content=\"fr_FR\" \/>\n<meta property=\"og:type\" content=\"article\" \/>\n<meta property=\"og:title\" content=\"VIZANNO - Sandale compens\u00e9e minimaliste - La Bonne Pointure\" \/>\n<meta property=\"og:description\" content=\"Mod\u00e8le : Sandale femme compens\u00e9e minimaliste Dessus \/ Tige : Mati\u00e8re synth\u00e9tique Doublure : Mati\u00e8re synth\u00e9tique Semelle int\u00e9rieure : Semelle confortable Semelle ext\u00e9rieure : Mati\u00e8re synth\u00e9tique \u00e9paisse et antid\u00e9rapante Fermeture : \u00c0 enfiler Type de semelle : Compens\u00e9e Chaussant : Standard\" \/>\n<meta property=\"og:url\" content=\"https:\/\/labonnepointure.re\/index.php\/produit\/sandale-compensee-minimaliste\/\" \/>\n<meta property=\"og:site_name\" content=\"La Bonne Pointure\" \/>\n<meta property=\"article:publisher\" content=\"https:\/\/www.facebook.com\/LaBonnePointure974\" \/>\n<meta property=\"article:modified_time\" content=\"2026-04-30T12:16:41+00:00\" \/>\n<meta property=\"og:image\" content=\"https:\/\/labonnepointure.re\/wp-content\/uploads\/2026\/04\/ChatGPT-Image-29-avr.-2026-09_52_30.webp\" \/>\n\t<meta property=\"og:image:width\" content=\"1086\" \/>\n\t<meta property=\"og:image:height\" content=\"1448\" \/>\n\t<meta property=\"og:image:type\" content=\"image\/webp\" \/>\n<meta name=\"twitter:card\" content=\"summary_large_image\" \/>\n<meta name=\"twitter:label1\" content=\"Dur\u00e9e de lecture estim\u00e9e\" \/>\n\t<meta name=\"twitter:data1\" content=\"1 minute\" \/>\n<script type=\"application\/ld+json\" class=\"yoast-schema-graph\">{\"@context\":\"https:\\\/\\\/schema.org\",\"@graph\":[{\"@type\":\"WebPage\",\"@id\":\"https:\\\/\\\/labonnepointure.re\\\/index.php\\\/produit\\\/sandale-compensee-minimaliste\\\/\",\"url\":\"https:\\\/\\\/labonnepointure.re\\\/index.php\\\/produit\\\/sandale-compensee-minimaliste\\\/\",\"name\":\"VIZANNO - Sandale compens\u00e9e minimaliste - La Bonne Pointure\",\"isPartOf\":{\"@id\":\"https:\\\/\\\/labonnepointure.re\\\/#website\"},\"primaryImageOfPage\":{\"@id\":\"https:\\\/\\\/labonnepointure.re\\\/index.php\\\/produit\\\/sandale-compensee-minimaliste\\\/#primaryimage\"},\"image\":{\"@id\":\"https:\\\/\\\/labonnepointure.re\\\/index.php\\\/produit\\\/sandale-compensee-minimaliste\\\/#primaryimage\"},\"thumbnailUrl\":\"https:\\\/\\\/labonnepointure.re\\\/wp-content\\\/uploads\\\/2026\\\/04\\\/ChatGPT-Image-29-avr.-2026-09_52_30.webp\",\"datePublished\":\"2026-04-30T07:20:57+00:00\",\"dateModified\":\"2026-04-30T12:16:41+00:00\",\"breadcrumb\":{\"@id\":\"https:\\\/\\\/labonnepointure.re\\\/index.php\\\/produit\\\/sandale-compensee-minimaliste\\\/#breadcrumb\"},\"inLanguage\":\"fr-FR\",\"potentialAction\":[{\"@type\":\"ReadAction\",\"target\":[\"https:\\\/\\\/labonnepointure.re\\\/index.php\\\/produit\\\/sandale-compensee-minimaliste\\\/\"]}]},{\"@type\":\"ImageObject\",\"inLanguage\":\"fr-FR\",\"@id\":\"https:\\\/\\\/labonnepointure.re\\\/index.php\\\/produit\\\/sandale-compensee-minimaliste\\\/#primaryimage\",\"url\":\"https:\\\/\\\/labonnepointure.re\\\/wp-content\\\/uploads\\\/2026\\\/04\\\/ChatGPT-Image-29-avr.-2026-09_52_30.webp\",\"contentUrl\":\"https:\\\/\\\/labonnepointure.re\\\/wp-content\\\/uploads\\\/2026\\\/04\\\/ChatGPT-Image-29-avr.-2026-09_52_30.webp\",\"width\":1086,\"height\":1448},{\"@type\":\"BreadcrumbList\",\"@id\":\"https:\\\/\\\/labonnepointure.re\\\/index.php\\\/produit\\\/sandale-compensee-minimaliste\\\/#breadcrumb\",\"itemListElement\":[{\"@type\":\"ListItem\",\"position\":1,\"name\":\"Accueil\",\"item\":\"https:\\\/\\\/labonnepointure.re\\\/\"},{\"@type\":\"ListItem\",\"position\":2,\"name\":\"FEMME &#8211; TALONS\",\"item\":\"https:\\\/\\\/labonnepointure.re\\\/index.php\\\/femme-talons\\\/\"},{\"@type\":\"ListItem\",\"position\":3,\"name\":\"VIZANNO &#8211; Sandale compens\u00e9e minimaliste\"}]},{\"@type\":\"WebSite\",\"@id\":\"https:\\\/\\\/labonnepointure.re\\\/#website\",\"url\":\"https:\\\/\\\/labonnepointure.re\\\/\",\"name\":\"La Bonne Pointure R\u00e9union\",\"description\":\"La Bonne Pointure votre marque 100% r\u00e9unionnaise\",\"publisher\":{\"@id\":\"https:\\\/\\\/labonnepointure.re\\\/#organization\"},\"potentialAction\":[{\"@type\":\"SearchAction\",\"target\":{\"@type\":\"EntryPoint\",\"urlTemplate\":\"https:\\\/\\\/labonnepointure.re\\\/?s={search_term_string}\"},\"query-input\":{\"@type\":\"PropertyValueSpecification\",\"valueRequired\":true,\"valueName\":\"search_term_string\"}}],\"inLanguage\":\"fr-FR\"},{\"@type\":\"Organization\",\"@id\":\"https:\\\/\\\/labonnepointure.re\\\/#organization\",\"name\":\"La Bonne Pointure R\u00e9union\",\"alternateName\":\"La Bonne Pointure\",\"url\":\"https:\\\/\\\/labonnepointure.re\\\/\",\"logo\":{\"@type\":\"ImageObject\",\"inLanguage\":\"fr-FR\",\"@id\":\"https:\\\/\\\/labonnepointure.re\\\/#\\\/schema\\\/logo\\\/image\\\/\",\"url\":\"https:\\\/\\\/labonnepointure.re\\\/wp-content\\\/uploads\\\/2024\\\/05\\\/cropped-Copie-de-post-instfb-13.png\",\"contentUrl\":\"https:\\\/\\\/labonnepointure.re\\\/wp-content\\\/uploads\\\/2024\\\/05\\\/cropped-Copie-de-post-instfb-13.png\",\"width\":512,\"height\":512,\"caption\":\"La Bonne Pointure R\u00e9union\"},\"image\":{\"@id\":\"https:\\\/\\\/labonnepointure.re\\\/#\\\/schema\\\/logo\\\/image\\\/\"},\"sameAs\":[\"https:\\\/\\\/www.facebook.com\\\/LaBonnePointure974\",\"https:\\\/\\\/www.instagram.com\\\/labonnepointure_run\\\/\"]}]}<\/script>\n<!-- \/ Yoast SEO plugin. -->","yoast_head_json":{"title":"VIZANNO - Sandale compens\u00e9e minimaliste - La Bonne Pointure","robots":{"index":"index","follow":"follow","max-snippet":"max-snippet:-1","max-image-preview":"max-image-preview:large","max-video-preview":"max-video-preview:-1"},"canonical":"https:\/\/labonnepointure.re\/index.php\/produit\/sandale-compensee-minimaliste\/","og_locale":"fr_FR","og_type":"article","og_title":"VIZANNO - Sandale compens\u00e9e minimaliste - La Bonne Pointure","og_description":"Mod\u00e8le : Sandale femme compens\u00e9e minimaliste Dessus \/ Tige : Mati\u00e8re synth\u00e9tique Doublure : Mati\u00e8re synth\u00e9tique Semelle int\u00e9rieure : Semelle confortable Semelle ext\u00e9rieure : Mati\u00e8re synth\u00e9tique \u00e9paisse et antid\u00e9rapante Fermeture : \u00c0 enfiler Type de semelle : Compens\u00e9e Chaussant : Standard","og_url":"https:\/\/labonnepointure.re\/index.php\/produit\/sandale-compensee-minimaliste\/","og_site_name":"La Bonne Pointure","article_publisher":"https:\/\/www.facebook.com\/LaBonnePointure974","article_modified_time":"2026-04-30T12:16:41+00:00","og_image":[{"width":1086,"height":1448,"url":"https:\/\/labonnepointure.re\/wp-content\/uploads\/2026\/04\/ChatGPT-Image-29-avr.-2026-09_52_30.webp","type":"image\/webp"}],"twitter_card":"summary_large_image","twitter_misc":{"Dur\u00e9e de lecture estim\u00e9e":"1 minute"},"schema":{"@context":"https:\/\/schema.org","@graph":[{"@type":"WebPage","@id":"https:\/\/labonnepointure.re\/index.php\/produit\/sandale-compensee-minimaliste\/","url":"https:\/\/labonnepointure.re\/index.php\/produit\/sandale-compensee-minimaliste\/","name":"VIZANNO - Sandale compens\u00e9e minimaliste - La Bonne Pointure","isPartOf":{"@id":"https:\/\/labonnepointure.re\/#website"},"primaryImageOfPage":{"@id":"https:\/\/labonnepointure.re\/index.php\/produit\/sandale-compensee-minimaliste\/#primaryimage"},"image":{"@id":"https:\/\/labonnepointure.re\/index.php\/produit\/sandale-compensee-minimaliste\/#primaryimage"},"thumbnailUrl":"https:\/\/labonnepointure.re\/wp-content\/uploads\/2026\/04\/ChatGPT-Image-29-avr.-2026-09_52_30.webp","datePublished":"2026-04-30T07:20:57+00:00","dateModified":"2026-04-30T12:16:41+00:00","breadcrumb":{"@id":"https:\/\/labonnepointure.re\/index.php\/produit\/sandale-compensee-minimaliste\/#breadcrumb"},"inLanguage":"fr-FR","potentialAction":[{"@type":"ReadAction","target":["https:\/\/labonnepointure.re\/index.php\/produit\/sandale-compensee-minimaliste\/"]}]},{"@type":"ImageObject","inLanguage":"fr-FR","@id":"https:\/\/labonnepointure.re\/index.php\/produit\/sandale-compensee-minimaliste\/#primaryimage","url":"https:\/\/labonnepointure.re\/wp-content\/uploads\/2026\/04\/ChatGPT-Image-29-avr.-2026-09_52_30.webp","contentUrl":"https:\/\/labonnepointure.re\/wp-content\/uploads\/2026\/04\/ChatGPT-Image-29-avr.-2026-09_52_30.webp","width":1086,"height":1448},{"@type":"BreadcrumbList","@id":"https:\/\/labonnepointure.re\/index.php\/produit\/sandale-compensee-minimaliste\/#breadcrumb","itemListElement":[{"@type":"ListItem","position":1,"name":"Accueil","item":"https:\/\/labonnepointure.re\/"},{"@type":"ListItem","position":2,"name":"FEMME &#8211; TALONS","item":"https:\/\/labonnepointure.re\/index.php\/femme-talons\/"},{"@type":"ListItem","position":3,"name":"VIZANNO &#8211; Sandale compens\u00e9e minimaliste"}]},{"@type":"WebSite","@id":"https:\/\/labonnepointure.re\/#website","url":"https:\/\/labonnepointure.re\/","name":"La Bonne Pointure R\u00e9union","description":"La Bonne Pointure votre marque 100% r\u00e9unionnaise","publisher":{"@id":"https:\/\/labonnepointure.re\/#organization"},"potentialAction":[{"@type":"SearchAction","target":{"@type":"EntryPoint","urlTemplate":"https:\/\/labonnepointure.re\/?s={search_term_string}"},"query-input":{"@type":"PropertyValueSpecification","valueRequired":true,"valueName":"search_term_string"}}],"inLanguage":"fr-FR"},{"@type":"Organization","@id":"https:\/\/labonnepointure.re\/#organization","name":"La Bonne Pointure R\u00e9union","alternateName":"La Bonne Pointure","url":"https:\/\/labonnepointure.re\/","logo":{"@type":"ImageObject","inLanguage":"fr-FR","@id":"https:\/\/labonnepointure.re\/#\/schema\/logo\/image\/","url":"https:\/\/labonnepointure.re\/wp-content\/uploads\/2024\/05\/cropped-Copie-de-post-instfb-13.png","contentUrl":"https:\/\/labonnepointure.re\/wp-content\/uploads\/2024\/05\/cropped-Copie-de-post-instfb-13.png","width":512,"height":512,"caption":"La Bonne Pointure R\u00e9union"},"image":{"@id":"https:\/\/labonnepointure.re\/#\/schema\/logo\/image\/"},"sameAs":["https:\/\/www.facebook.com\/LaBonnePointure974","https:\/\/www.instagram.com\/labonnepointure_run\/"]}]}},"_links":{"self":[{"href":"https:\/\/labonnepointure.re\/index.php\/wp-json\/wp\/v2\/product\/24785","targetHints":{"allow":["GET"]}}],"collection":[{"href":"https:\/\/labonnepointure.re\/index.php\/wp-json\/wp\/v2\/product"}],"about":[{"href":"https:\/\/labonnepointure.re\/index.php\/wp-json\/wp\/v2\/types\/product"}],"replies":[{"embeddable":true,"href":"https:\/\/labonnepointure.re\/index.php\/wp-json\/wp\/v2\/comments?post=24785"}],"version-history":[{"count":2,"href":"https:\/\/labonnepointure.re\/index.php\/wp-json\/wp\/v2\/product\/24785\/revisions"}],"predecessor-version":[{"id":25158,"href":"https:\/\/labonnepointure.re\/index.php\/wp-json\/wp\/v2\/product\/24785\/revisions\/25158"}],"wp:featuredmedia":[{"embeddable":true,"href":"https:\/\/labonnepointure.re\/index.php\/wp-json\/wp\/v2\/media\/24974"}],"wp:attachment":[{"href":"https:\/\/labonnepointure.re\/index.php\/wp-json\/wp\/v2\/media?parent=24785"}],"wp:term":[{"taxonomy":"product_brand","embeddable":true,"href":"https:\/\/labonnepointure.re\/index.php\/wp-json\/wp\/v2\/product_brand?post=24785"},{"taxonomy":"product_cat","embeddable":true,"href":"https:\/\/labonnepointure.re\/index.php\/wp-json\/wp\/v2\/product_cat?post=24785"},{"taxonomy":"product_tag","embeddable":true,"href":"https:\/\/labonnepointure.re\/index.php\/wp-json\/wp\/v2\/product_tag?post=24785"}],"curies":[{"name":"wp","href":"https:\/\/api.w.org\/{rel}","templated":true}]}}