{"id":24633,"date":"2026-04-30T11:21:09","date_gmt":"2026-04-30T07:21:09","guid":{"rendered":"https:\/\/labonnepointure.re\/?post_type=product&#038;p=24633"},"modified":"2026-04-30T16:11:30","modified_gmt":"2026-04-30T12:11:30","slug":"claquette-femme-ultra-confort","status":"publish","type":"product","link":"https:\/\/labonnepointure.re\/index.php\/produit\/claquette-femme-ultra-confort\/","title":{"rendered":"Claquette femme Ultra Confort &#8211; Modare"},"content":{"rendered":"<p class=\"p1\">Optez pour le confort au quotidien avec cette claquette femme <b>Modare Ultra Confort<\/b>, une marque reconnue pour ses mod\u00e8les pens\u00e9s pour le bien-\u00eatre du pied.<\/p>\n<p class=\"p1\">Son design \u00e0 brides larges offre un bon maintien tout en restant facile \u00e0 enfiler. L\u00e9g\u00e8re et agr\u00e9able \u00e0 porter, cette chaussure femme est id\u00e9ale pour les journ\u00e9es actives \u00e0 La R\u00e9union.<\/p>\n<p class=\"p1\">Un mod\u00e8le confortable, pratique et abordable pour celles qui recherchent des chaussures femme \u00e0 La R\u00e9union alliant style simple et bien-\u00eatre.<\/p>\n<p class=\"p2\"><span class=\"s1\">\ud83d\udccc<\/span><b> Fiche technique<\/b><\/p>\n","protected":false},"excerpt":{"rendered":"<p class=\"p1\"><b>Mod\u00e8le :<\/b> Claquette femme \u00e0 brides larges<\/p>\n<p class=\"p1\"><b>Marque :<\/b> Modare Ultra Confort<\/p>\n<p class=\"p1\"><b>Dessus \/ Tige :<\/b> Mati\u00e8re synth\u00e9tique<\/p>\n<p class=\"p1\"><b>Doublure :<\/b> Mati\u00e8re synth\u00e9tique<\/p>\n<p class=\"p1\"><b>Semelle int\u00e9rieure :<\/b> Mati\u00e8re synth\u00e9tique confortable<\/p>\n<p class=\"p1\"><b>Semelle ext\u00e9rieure :<\/b> Mati\u00e8re synth\u00e9tique souple et antid\u00e9rapante<\/p>\n<p class=\"p1\"><b>Fermeture :<\/b> Sans fermeture, \u00e0 enfiler<\/p>\n<p class=\"p1\"><b>Type de semelle :<\/b> Compens\u00e9e<\/p>\n<p class=\"p1\"><b>Chaussant :<\/b> Standard<\/p>\n","protected":false},"featured_media":24652,"comment_status":"open","ping_status":"closed","template":"","meta":[],"product_brand":[385],"product_cat":[162,195,157],"product_tag":[177,189,390],"class_list":{"0":"post-24633","1":"product","2":"type-product","3":"status-publish","4":"has-post-thumbnail","6":"product_brand-modare","7":"product_cat-claquette","8":"product_cat-confort","9":"product_cat-femme","10":"product_tag-claquette","11":"product_tag-confort","12":"product_tag-modare","14":"first","15":"instock","16":"taxable","17":"shipping-taxable","18":"purchasable","19":"product-type-variable","20":"add-to-wishlist-before_image"},"yoast_head":"<!-- This site is optimized with the Yoast SEO plugin v27.5 - https:\/\/yoast.com\/product\/yoast-seo-wordpress\/ -->\n<title>Claquette femme Ultra Confort - Modare - La Bonne Pointure<\/title>\n<meta name=\"robots\" content=\"index, follow, max-snippet:-1, max-image-preview:large, max-video-preview:-1\" \/>\n<link rel=\"canonical\" href=\"https:\/\/labonnepointure.re\/index.php\/produit\/claquette-femme-ultra-confort\/\" \/>\n<meta property=\"og:locale\" content=\"fr_FR\" \/>\n<meta property=\"og:type\" content=\"article\" \/>\n<meta property=\"og:title\" content=\"Claquette femme Ultra Confort - Modare - La Bonne Pointure\" \/>\n<meta property=\"og:description\" content=\"Mod\u00e8le : Claquette femme \u00e0 brides larges Marque : Modare Ultra Confort Dessus \/ Tige : Mati\u00e8re synth\u00e9tique Doublure : Mati\u00e8re synth\u00e9tique Semelle int\u00e9rieure : Mati\u00e8re synth\u00e9tique confortable Semelle ext\u00e9rieure : Mati\u00e8re synth\u00e9tique souple et antid\u00e9rapante Fermeture : Sans fermeture, \u00e0 enfiler Type de semelle : Compens\u00e9e Chaussant : Standard\" \/>\n<meta property=\"og:url\" content=\"https:\/\/labonnepointure.re\/index.php\/produit\/claquette-femme-ultra-confort\/\" \/>\n<meta property=\"og:site_name\" content=\"La Bonne Pointure\" \/>\n<meta property=\"article:publisher\" content=\"https:\/\/www.facebook.com\/LaBonnePointure974\" \/>\n<meta property=\"article:modified_time\" content=\"2026-04-30T12:11:30+00:00\" \/>\n<meta property=\"og:image\" content=\"https:\/\/labonnepointure.re\/wp-content\/uploads\/2026\/04\/ChatGPT-Image-28-avr.-2026-14_26_11.webp\" \/>\n\t<meta property=\"og:image:width\" content=\"1086\" \/>\n\t<meta property=\"og:image:height\" content=\"1448\" \/>\n\t<meta property=\"og:image:type\" content=\"image\/webp\" \/>\n<meta name=\"twitter:card\" content=\"summary_large_image\" \/>\n<meta name=\"twitter:label1\" content=\"Dur\u00e9e de lecture estim\u00e9e\" \/>\n\t<meta name=\"twitter:data1\" content=\"1 minute\" \/>\n<script type=\"application\/ld+json\" class=\"yoast-schema-graph\">{\"@context\":\"https:\\\/\\\/schema.org\",\"@graph\":[{\"@type\":\"WebPage\",\"@id\":\"https:\\\/\\\/labonnepointure.re\\\/index.php\\\/produit\\\/claquette-femme-ultra-confort\\\/\",\"url\":\"https:\\\/\\\/labonnepointure.re\\\/index.php\\\/produit\\\/claquette-femme-ultra-confort\\\/\",\"name\":\"Claquette femme Ultra Confort - Modare - La Bonne Pointure\",\"isPartOf\":{\"@id\":\"https:\\\/\\\/labonnepointure.re\\\/#website\"},\"primaryImageOfPage\":{\"@id\":\"https:\\\/\\\/labonnepointure.re\\\/index.php\\\/produit\\\/claquette-femme-ultra-confort\\\/#primaryimage\"},\"image\":{\"@id\":\"https:\\\/\\\/labonnepointure.re\\\/index.php\\\/produit\\\/claquette-femme-ultra-confort\\\/#primaryimage\"},\"thumbnailUrl\":\"https:\\\/\\\/labonnepointure.re\\\/wp-content\\\/uploads\\\/2026\\\/04\\\/ChatGPT-Image-28-avr.-2026-14_26_11.webp\",\"datePublished\":\"2026-04-30T07:21:09+00:00\",\"dateModified\":\"2026-04-30T12:11:30+00:00\",\"breadcrumb\":{\"@id\":\"https:\\\/\\\/labonnepointure.re\\\/index.php\\\/produit\\\/claquette-femme-ultra-confort\\\/#breadcrumb\"},\"inLanguage\":\"fr-FR\",\"potentialAction\":[{\"@type\":\"ReadAction\",\"target\":[\"https:\\\/\\\/labonnepointure.re\\\/index.php\\\/produit\\\/claquette-femme-ultra-confort\\\/\"]}]},{\"@type\":\"ImageObject\",\"inLanguage\":\"fr-FR\",\"@id\":\"https:\\\/\\\/labonnepointure.re\\\/index.php\\\/produit\\\/claquette-femme-ultra-confort\\\/#primaryimage\",\"url\":\"https:\\\/\\\/labonnepointure.re\\\/wp-content\\\/uploads\\\/2026\\\/04\\\/ChatGPT-Image-28-avr.-2026-14_26_11.webp\",\"contentUrl\":\"https:\\\/\\\/labonnepointure.re\\\/wp-content\\\/uploads\\\/2026\\\/04\\\/ChatGPT-Image-28-avr.-2026-14_26_11.webp\",\"width\":1086,\"height\":1448},{\"@type\":\"BreadcrumbList\",\"@id\":\"https:\\\/\\\/labonnepointure.re\\\/index.php\\\/produit\\\/claquette-femme-ultra-confort\\\/#breadcrumb\",\"itemListElement\":[{\"@type\":\"ListItem\",\"position\":1,\"name\":\"Accueil\",\"item\":\"https:\\\/\\\/labonnepointure.re\\\/\"},{\"@type\":\"ListItem\",\"position\":2,\"name\":\"FEMME &#8211; TALONS\",\"item\":\"https:\\\/\\\/labonnepointure.re\\\/index.php\\\/femme-talons\\\/\"},{\"@type\":\"ListItem\",\"position\":3,\"name\":\"Claquette femme Ultra Confort &#8211; Modare\"}]},{\"@type\":\"WebSite\",\"@id\":\"https:\\\/\\\/labonnepointure.re\\\/#website\",\"url\":\"https:\\\/\\\/labonnepointure.re\\\/\",\"name\":\"La Bonne Pointure R\u00e9union\",\"description\":\"La Bonne Pointure votre marque 100% r\u00e9unionnaise\",\"publisher\":{\"@id\":\"https:\\\/\\\/labonnepointure.re\\\/#organization\"},\"potentialAction\":[{\"@type\":\"SearchAction\",\"target\":{\"@type\":\"EntryPoint\",\"urlTemplate\":\"https:\\\/\\\/labonnepointure.re\\\/?s={search_term_string}\"},\"query-input\":{\"@type\":\"PropertyValueSpecification\",\"valueRequired\":true,\"valueName\":\"search_term_string\"}}],\"inLanguage\":\"fr-FR\"},{\"@type\":\"Organization\",\"@id\":\"https:\\\/\\\/labonnepointure.re\\\/#organization\",\"name\":\"La Bonne Pointure R\u00e9union\",\"alternateName\":\"La Bonne Pointure\",\"url\":\"https:\\\/\\\/labonnepointure.re\\\/\",\"logo\":{\"@type\":\"ImageObject\",\"inLanguage\":\"fr-FR\",\"@id\":\"https:\\\/\\\/labonnepointure.re\\\/#\\\/schema\\\/logo\\\/image\\\/\",\"url\":\"https:\\\/\\\/labonnepointure.re\\\/wp-content\\\/uploads\\\/2024\\\/05\\\/cropped-Copie-de-post-instfb-13.png\",\"contentUrl\":\"https:\\\/\\\/labonnepointure.re\\\/wp-content\\\/uploads\\\/2024\\\/05\\\/cropped-Copie-de-post-instfb-13.png\",\"width\":512,\"height\":512,\"caption\":\"La Bonne Pointure R\u00e9union\"},\"image\":{\"@id\":\"https:\\\/\\\/labonnepointure.re\\\/#\\\/schema\\\/logo\\\/image\\\/\"},\"sameAs\":[\"https:\\\/\\\/www.facebook.com\\\/LaBonnePointure974\",\"https:\\\/\\\/www.instagram.com\\\/labonnepointure_run\\\/\"]}]}<\/script>\n<!-- \/ Yoast SEO plugin. -->","yoast_head_json":{"title":"Claquette femme Ultra Confort - Modare - La Bonne Pointure","robots":{"index":"index","follow":"follow","max-snippet":"max-snippet:-1","max-image-preview":"max-image-preview:large","max-video-preview":"max-video-preview:-1"},"canonical":"https:\/\/labonnepointure.re\/index.php\/produit\/claquette-femme-ultra-confort\/","og_locale":"fr_FR","og_type":"article","og_title":"Claquette femme Ultra Confort - Modare - La Bonne Pointure","og_description":"Mod\u00e8le : Claquette femme \u00e0 brides larges Marque : Modare Ultra Confort Dessus \/ Tige : Mati\u00e8re synth\u00e9tique Doublure : Mati\u00e8re synth\u00e9tique Semelle int\u00e9rieure : Mati\u00e8re synth\u00e9tique confortable Semelle ext\u00e9rieure : Mati\u00e8re synth\u00e9tique souple et antid\u00e9rapante Fermeture : Sans fermeture, \u00e0 enfiler Type de semelle : Compens\u00e9e Chaussant : Standard","og_url":"https:\/\/labonnepointure.re\/index.php\/produit\/claquette-femme-ultra-confort\/","og_site_name":"La Bonne Pointure","article_publisher":"https:\/\/www.facebook.com\/LaBonnePointure974","article_modified_time":"2026-04-30T12:11:30+00:00","og_image":[{"width":1086,"height":1448,"url":"https:\/\/labonnepointure.re\/wp-content\/uploads\/2026\/04\/ChatGPT-Image-28-avr.-2026-14_26_11.webp","type":"image\/webp"}],"twitter_card":"summary_large_image","twitter_misc":{"Dur\u00e9e de lecture estim\u00e9e":"1 minute"},"schema":{"@context":"https:\/\/schema.org","@graph":[{"@type":"WebPage","@id":"https:\/\/labonnepointure.re\/index.php\/produit\/claquette-femme-ultra-confort\/","url":"https:\/\/labonnepointure.re\/index.php\/produit\/claquette-femme-ultra-confort\/","name":"Claquette femme Ultra Confort - Modare - La Bonne Pointure","isPartOf":{"@id":"https:\/\/labonnepointure.re\/#website"},"primaryImageOfPage":{"@id":"https:\/\/labonnepointure.re\/index.php\/produit\/claquette-femme-ultra-confort\/#primaryimage"},"image":{"@id":"https:\/\/labonnepointure.re\/index.php\/produit\/claquette-femme-ultra-confort\/#primaryimage"},"thumbnailUrl":"https:\/\/labonnepointure.re\/wp-content\/uploads\/2026\/04\/ChatGPT-Image-28-avr.-2026-14_26_11.webp","datePublished":"2026-04-30T07:21:09+00:00","dateModified":"2026-04-30T12:11:30+00:00","breadcrumb":{"@id":"https:\/\/labonnepointure.re\/index.php\/produit\/claquette-femme-ultra-confort\/#breadcrumb"},"inLanguage":"fr-FR","potentialAction":[{"@type":"ReadAction","target":["https:\/\/labonnepointure.re\/index.php\/produit\/claquette-femme-ultra-confort\/"]}]},{"@type":"ImageObject","inLanguage":"fr-FR","@id":"https:\/\/labonnepointure.re\/index.php\/produit\/claquette-femme-ultra-confort\/#primaryimage","url":"https:\/\/labonnepointure.re\/wp-content\/uploads\/2026\/04\/ChatGPT-Image-28-avr.-2026-14_26_11.webp","contentUrl":"https:\/\/labonnepointure.re\/wp-content\/uploads\/2026\/04\/ChatGPT-Image-28-avr.-2026-14_26_11.webp","width":1086,"height":1448},{"@type":"BreadcrumbList","@id":"https:\/\/labonnepointure.re\/index.php\/produit\/claquette-femme-ultra-confort\/#breadcrumb","itemListElement":[{"@type":"ListItem","position":1,"name":"Accueil","item":"https:\/\/labonnepointure.re\/"},{"@type":"ListItem","position":2,"name":"FEMME &#8211; TALONS","item":"https:\/\/labonnepointure.re\/index.php\/femme-talons\/"},{"@type":"ListItem","position":3,"name":"Claquette femme Ultra Confort &#8211; Modare"}]},{"@type":"WebSite","@id":"https:\/\/labonnepointure.re\/#website","url":"https:\/\/labonnepointure.re\/","name":"La Bonne Pointure R\u00e9union","description":"La Bonne Pointure votre marque 100% r\u00e9unionnaise","publisher":{"@id":"https:\/\/labonnepointure.re\/#organization"},"potentialAction":[{"@type":"SearchAction","target":{"@type":"EntryPoint","urlTemplate":"https:\/\/labonnepointure.re\/?s={search_term_string}"},"query-input":{"@type":"PropertyValueSpecification","valueRequired":true,"valueName":"search_term_string"}}],"inLanguage":"fr-FR"},{"@type":"Organization","@id":"https:\/\/labonnepointure.re\/#organization","name":"La Bonne Pointure R\u00e9union","alternateName":"La Bonne Pointure","url":"https:\/\/labonnepointure.re\/","logo":{"@type":"ImageObject","inLanguage":"fr-FR","@id":"https:\/\/labonnepointure.re\/#\/schema\/logo\/image\/","url":"https:\/\/labonnepointure.re\/wp-content\/uploads\/2024\/05\/cropped-Copie-de-post-instfb-13.png","contentUrl":"https:\/\/labonnepointure.re\/wp-content\/uploads\/2024\/05\/cropped-Copie-de-post-instfb-13.png","width":512,"height":512,"caption":"La Bonne Pointure R\u00e9union"},"image":{"@id":"https:\/\/labonnepointure.re\/#\/schema\/logo\/image\/"},"sameAs":["https:\/\/www.facebook.com\/LaBonnePointure974","https:\/\/www.instagram.com\/labonnepointure_run\/"]}]}},"_links":{"self":[{"href":"https:\/\/labonnepointure.re\/index.php\/wp-json\/wp\/v2\/product\/24633","targetHints":{"allow":["GET"]}}],"collection":[{"href":"https:\/\/labonnepointure.re\/index.php\/wp-json\/wp\/v2\/product"}],"about":[{"href":"https:\/\/labonnepointure.re\/index.php\/wp-json\/wp\/v2\/types\/product"}],"replies":[{"embeddable":true,"href":"https:\/\/labonnepointure.re\/index.php\/wp-json\/wp\/v2\/comments?post=24633"}],"version-history":[{"count":2,"href":"https:\/\/labonnepointure.re\/index.php\/wp-json\/wp\/v2\/product\/24633\/revisions"}],"predecessor-version":[{"id":25150,"href":"https:\/\/labonnepointure.re\/index.php\/wp-json\/wp\/v2\/product\/24633\/revisions\/25150"}],"wp:featuredmedia":[{"embeddable":true,"href":"https:\/\/labonnepointure.re\/index.php\/wp-json\/wp\/v2\/media\/24652"}],"wp:attachment":[{"href":"https:\/\/labonnepointure.re\/index.php\/wp-json\/wp\/v2\/media?parent=24633"}],"wp:term":[{"taxonomy":"product_brand","embeddable":true,"href":"https:\/\/labonnepointure.re\/index.php\/wp-json\/wp\/v2\/product_brand?post=24633"},{"taxonomy":"product_cat","embeddable":true,"href":"https:\/\/labonnepointure.re\/index.php\/wp-json\/wp\/v2\/product_cat?post=24633"},{"taxonomy":"product_tag","embeddable":true,"href":"https:\/\/labonnepointure.re\/index.php\/wp-json\/wp\/v2\/product_tag?post=24633"}],"curies":[{"name":"wp","href":"https:\/\/api.w.org\/{rel}","templated":true}]}}