{"id":23249,"date":"2026-02-18T15:46:38","date_gmt":"2026-02-18T11:46:38","guid":{"rendered":"https:\/\/labonnepointure.re\/?post_type=product&#038;p=23249"},"modified":"2026-02-19T10:45:54","modified_gmt":"2026-02-19T06:45:54","slug":"sandale-femme-fine-et-elegante","status":"publish","type":"product","link":"https:\/\/labonnepointure.re\/index.php\/produit\/sandale-femme-fine-et-elegante\/","title":{"rendered":"Sandale femme fine et \u00e9l\u00e9gante"},"content":{"rendered":"<p class=\"p1\">Misez sur la simplicit\u00e9 chic avec cette sandale femme \u00e0 fines brides. Son design minimaliste et f\u00e9minin sublime vos tenues tout en restant confortable au quotidien.<\/p>\n<p class=\"p1\">L\u00e9g\u00e8re et agr\u00e9able \u00e0 porter, cette chaussure femme est id\u00e9ale pour le climat de La R\u00e9union. Ses brides fines assurent un bon maintien du pied tout en apportant une touche \u00e9l\u00e9gante et discr\u00e8te.<\/p>\n<p class=\"p1\">Un mod\u00e8le tendance, confortable et abordable pour celles qui recherchent des chaussures femme \u00e0 La R\u00e9union parfaites pour les sorties, \u00e9v\u00e9nements ou looks estivaux.<\/p>\n","protected":false},"excerpt":{"rendered":"<p class=\"p1\"><b>Mod\u00e8le : Sandale plate \u00e0 fines brides<\/b><\/p>\n<p class=\"p1\"><b>Dessus \/ Tige : Mati\u00e8re synth\u00e9tique<\/b><\/p>\n<p class=\"p1\"><b>Doublure : Mati\u00e8re synth\u00e9tique<\/b><\/p>\n<p class=\"p1\"><b>Semelle int\u00e9rieure : Mati\u00e8re synth\u00e9tique lisse<\/b><\/p>\n<p class=\"p1\"><b>Semelle ext\u00e9rieure : Mati\u00e8re synth\u00e9tique souple et antid\u00e9rapante<\/b><\/p>\n<p class=\"p1\"><b>Type de semelle : Plate<\/b><\/p>\n<p class=\"p1\"><b>Fermeture : \u00c9lastique<\/b><\/p>\n","protected":false},"featured_media":23269,"comment_status":"open","ping_status":"closed","template":"","meta":[],"product_brand":[],"product_cat":[195,157,160],"product_tag":[189,188,178],"class_list":{"0":"post-23249","1":"product","2":"type-product","3":"status-publish","4":"has-post-thumbnail","6":"product_cat-confort","7":"product_cat-femme","8":"product_cat-sandale","9":"product_tag-confort","10":"product_tag-femme","11":"product_tag-sandale","13":"first","14":"instock","15":"taxable","16":"shipping-taxable","17":"purchasable","18":"product-type-variable","19":"add-to-wishlist-before_image"},"yoast_head":"<!-- This site is optimized with the Yoast SEO plugin v27.3 - https:\/\/yoast.com\/product\/yoast-seo-wordpress\/ -->\n<title>Sandale femme fine et \u00e9l\u00e9gante - La Bonne Pointure<\/title>\n<meta name=\"robots\" content=\"index, follow, max-snippet:-1, max-image-preview:large, max-video-preview:-1\" \/>\n<link rel=\"canonical\" href=\"https:\/\/labonnepointure.re\/index.php\/produit\/sandale-femme-fine-et-elegante\/\" \/>\n<meta property=\"og:locale\" content=\"fr_FR\" \/>\n<meta property=\"og:type\" content=\"article\" \/>\n<meta property=\"og:title\" content=\"Sandale femme fine et \u00e9l\u00e9gante - La Bonne Pointure\" \/>\n<meta property=\"og:description\" content=\"Mod\u00e8le : Sandale plate \u00e0 fines brides Dessus \/ Tige : Mati\u00e8re synth\u00e9tique Doublure : Mati\u00e8re synth\u00e9tique Semelle int\u00e9rieure : Mati\u00e8re synth\u00e9tique lisse Semelle ext\u00e9rieure : Mati\u00e8re synth\u00e9tique souple et antid\u00e9rapante Type de semelle : Plate Fermeture : \u00c9lastique\" \/>\n<meta property=\"og:url\" content=\"https:\/\/labonnepointure.re\/index.php\/produit\/sandale-femme-fine-et-elegante\/\" \/>\n<meta property=\"og:site_name\" content=\"La Bonne Pointure\" \/>\n<meta property=\"article:publisher\" content=\"https:\/\/www.facebook.com\/LaBonnePointure974\" \/>\n<meta property=\"article:modified_time\" content=\"2026-02-19T06:45:54+00:00\" \/>\n<meta property=\"og:image\" content=\"https:\/\/labonnepointure.re\/wp-content\/uploads\/2026\/02\/LBP-02.webp\" \/>\n\t<meta property=\"og:image:width\" content=\"1\" \/>\n\t<meta property=\"og:image:height\" content=\"1\" \/>\n\t<meta property=\"og:image:type\" content=\"image\/webp\" \/>\n<meta name=\"twitter:card\" content=\"summary_large_image\" \/>\n<meta name=\"twitter:label1\" content=\"Dur\u00e9e de lecture estim\u00e9e\" \/>\n\t<meta name=\"twitter:data1\" content=\"1 minute\" \/>\n<script type=\"application\/ld+json\" class=\"yoast-schema-graph\">{\"@context\":\"https:\\\/\\\/schema.org\",\"@graph\":[{\"@type\":\"WebPage\",\"@id\":\"https:\\\/\\\/labonnepointure.re\\\/index.php\\\/produit\\\/sandale-femme-fine-et-elegante\\\/\",\"url\":\"https:\\\/\\\/labonnepointure.re\\\/index.php\\\/produit\\\/sandale-femme-fine-et-elegante\\\/\",\"name\":\"Sandale femme fine et \u00e9l\u00e9gante - La Bonne Pointure\",\"isPartOf\":{\"@id\":\"https:\\\/\\\/labonnepointure.re\\\/#website\"},\"primaryImageOfPage\":{\"@id\":\"https:\\\/\\\/labonnepointure.re\\\/index.php\\\/produit\\\/sandale-femme-fine-et-elegante\\\/#primaryimage\"},\"image\":{\"@id\":\"https:\\\/\\\/labonnepointure.re\\\/index.php\\\/produit\\\/sandale-femme-fine-et-elegante\\\/#primaryimage\"},\"thumbnailUrl\":\"https:\\\/\\\/labonnepointure.re\\\/wp-content\\\/uploads\\\/2026\\\/02\\\/LBP-02.webp\",\"datePublished\":\"2026-02-18T11:46:38+00:00\",\"dateModified\":\"2026-02-19T06:45:54+00:00\",\"breadcrumb\":{\"@id\":\"https:\\\/\\\/labonnepointure.re\\\/index.php\\\/produit\\\/sandale-femme-fine-et-elegante\\\/#breadcrumb\"},\"inLanguage\":\"fr-FR\",\"potentialAction\":[{\"@type\":\"ReadAction\",\"target\":[\"https:\\\/\\\/labonnepointure.re\\\/index.php\\\/produit\\\/sandale-femme-fine-et-elegante\\\/\"]}]},{\"@type\":\"ImageObject\",\"inLanguage\":\"fr-FR\",\"@id\":\"https:\\\/\\\/labonnepointure.re\\\/index.php\\\/produit\\\/sandale-femme-fine-et-elegante\\\/#primaryimage\",\"url\":\"https:\\\/\\\/labonnepointure.re\\\/wp-content\\\/uploads\\\/2026\\\/02\\\/LBP-02.webp\",\"contentUrl\":\"https:\\\/\\\/labonnepointure.re\\\/wp-content\\\/uploads\\\/2026\\\/02\\\/LBP-02.webp\"},{\"@type\":\"BreadcrumbList\",\"@id\":\"https:\\\/\\\/labonnepointure.re\\\/index.php\\\/produit\\\/sandale-femme-fine-et-elegante\\\/#breadcrumb\",\"itemListElement\":[{\"@type\":\"ListItem\",\"position\":1,\"name\":\"Accueil\",\"item\":\"https:\\\/\\\/labonnepointure.re\\\/\"},{\"@type\":\"ListItem\",\"position\":2,\"name\":\"FEMME &#8211; TALONS\",\"item\":\"https:\\\/\\\/labonnepointure.re\\\/index.php\\\/femme-talons\\\/\"},{\"@type\":\"ListItem\",\"position\":3,\"name\":\"Sandale femme fine et \u00e9l\u00e9gante\"}]},{\"@type\":\"WebSite\",\"@id\":\"https:\\\/\\\/labonnepointure.re\\\/#website\",\"url\":\"https:\\\/\\\/labonnepointure.re\\\/\",\"name\":\"La Bonne Pointure R\u00e9union\",\"description\":\"La Bonne Pointure votre marque 100% r\u00e9unionnaise\",\"publisher\":{\"@id\":\"https:\\\/\\\/labonnepointure.re\\\/#organization\"},\"potentialAction\":[{\"@type\":\"SearchAction\",\"target\":{\"@type\":\"EntryPoint\",\"urlTemplate\":\"https:\\\/\\\/labonnepointure.re\\\/?s={search_term_string}\"},\"query-input\":{\"@type\":\"PropertyValueSpecification\",\"valueRequired\":true,\"valueName\":\"search_term_string\"}}],\"inLanguage\":\"fr-FR\"},{\"@type\":\"Organization\",\"@id\":\"https:\\\/\\\/labonnepointure.re\\\/#organization\",\"name\":\"La Bonne Pointure R\u00e9union\",\"alternateName\":\"La Bonne Pointure\",\"url\":\"https:\\\/\\\/labonnepointure.re\\\/\",\"logo\":{\"@type\":\"ImageObject\",\"inLanguage\":\"fr-FR\",\"@id\":\"https:\\\/\\\/labonnepointure.re\\\/#\\\/schema\\\/logo\\\/image\\\/\",\"url\":\"https:\\\/\\\/labonnepointure.re\\\/wp-content\\\/uploads\\\/2024\\\/05\\\/cropped-Copie-de-post-instfb-13.png\",\"contentUrl\":\"https:\\\/\\\/labonnepointure.re\\\/wp-content\\\/uploads\\\/2024\\\/05\\\/cropped-Copie-de-post-instfb-13.png\",\"width\":512,\"height\":512,\"caption\":\"La Bonne Pointure R\u00e9union\"},\"image\":{\"@id\":\"https:\\\/\\\/labonnepointure.re\\\/#\\\/schema\\\/logo\\\/image\\\/\"},\"sameAs\":[\"https:\\\/\\\/www.facebook.com\\\/LaBonnePointure974\",\"https:\\\/\\\/www.instagram.com\\\/labonnepointure_run\\\/\"]}]}<\/script>\n<!-- \/ Yoast SEO plugin. -->","yoast_head_json":{"title":"Sandale femme fine et \u00e9l\u00e9gante - La Bonne Pointure","robots":{"index":"index","follow":"follow","max-snippet":"max-snippet:-1","max-image-preview":"max-image-preview:large","max-video-preview":"max-video-preview:-1"},"canonical":"https:\/\/labonnepointure.re\/index.php\/produit\/sandale-femme-fine-et-elegante\/","og_locale":"fr_FR","og_type":"article","og_title":"Sandale femme fine et \u00e9l\u00e9gante - La Bonne Pointure","og_description":"Mod\u00e8le : Sandale plate \u00e0 fines brides Dessus \/ Tige : Mati\u00e8re synth\u00e9tique Doublure : Mati\u00e8re synth\u00e9tique Semelle int\u00e9rieure : Mati\u00e8re synth\u00e9tique lisse Semelle ext\u00e9rieure : Mati\u00e8re synth\u00e9tique souple et antid\u00e9rapante Type de semelle : Plate Fermeture : \u00c9lastique","og_url":"https:\/\/labonnepointure.re\/index.php\/produit\/sandale-femme-fine-et-elegante\/","og_site_name":"La Bonne Pointure","article_publisher":"https:\/\/www.facebook.com\/LaBonnePointure974","article_modified_time":"2026-02-19T06:45:54+00:00","og_image":[{"url":"https:\/\/labonnepointure.re\/wp-content\/uploads\/2026\/02\/LBP-02.webp","width":1,"height":1,"type":"image\/webp"}],"twitter_card":"summary_large_image","twitter_misc":{"Dur\u00e9e de lecture estim\u00e9e":"1 minute"},"schema":{"@context":"https:\/\/schema.org","@graph":[{"@type":"WebPage","@id":"https:\/\/labonnepointure.re\/index.php\/produit\/sandale-femme-fine-et-elegante\/","url":"https:\/\/labonnepointure.re\/index.php\/produit\/sandale-femme-fine-et-elegante\/","name":"Sandale femme fine et \u00e9l\u00e9gante - La Bonne Pointure","isPartOf":{"@id":"https:\/\/labonnepointure.re\/#website"},"primaryImageOfPage":{"@id":"https:\/\/labonnepointure.re\/index.php\/produit\/sandale-femme-fine-et-elegante\/#primaryimage"},"image":{"@id":"https:\/\/labonnepointure.re\/index.php\/produit\/sandale-femme-fine-et-elegante\/#primaryimage"},"thumbnailUrl":"https:\/\/labonnepointure.re\/wp-content\/uploads\/2026\/02\/LBP-02.webp","datePublished":"2026-02-18T11:46:38+00:00","dateModified":"2026-02-19T06:45:54+00:00","breadcrumb":{"@id":"https:\/\/labonnepointure.re\/index.php\/produit\/sandale-femme-fine-et-elegante\/#breadcrumb"},"inLanguage":"fr-FR","potentialAction":[{"@type":"ReadAction","target":["https:\/\/labonnepointure.re\/index.php\/produit\/sandale-femme-fine-et-elegante\/"]}]},{"@type":"ImageObject","inLanguage":"fr-FR","@id":"https:\/\/labonnepointure.re\/index.php\/produit\/sandale-femme-fine-et-elegante\/#primaryimage","url":"https:\/\/labonnepointure.re\/wp-content\/uploads\/2026\/02\/LBP-02.webp","contentUrl":"https:\/\/labonnepointure.re\/wp-content\/uploads\/2026\/02\/LBP-02.webp"},{"@type":"BreadcrumbList","@id":"https:\/\/labonnepointure.re\/index.php\/produit\/sandale-femme-fine-et-elegante\/#breadcrumb","itemListElement":[{"@type":"ListItem","position":1,"name":"Accueil","item":"https:\/\/labonnepointure.re\/"},{"@type":"ListItem","position":2,"name":"FEMME &#8211; TALONS","item":"https:\/\/labonnepointure.re\/index.php\/femme-talons\/"},{"@type":"ListItem","position":3,"name":"Sandale femme fine et \u00e9l\u00e9gante"}]},{"@type":"WebSite","@id":"https:\/\/labonnepointure.re\/#website","url":"https:\/\/labonnepointure.re\/","name":"La Bonne Pointure R\u00e9union","description":"La Bonne Pointure votre marque 100% r\u00e9unionnaise","publisher":{"@id":"https:\/\/labonnepointure.re\/#organization"},"potentialAction":[{"@type":"SearchAction","target":{"@type":"EntryPoint","urlTemplate":"https:\/\/labonnepointure.re\/?s={search_term_string}"},"query-input":{"@type":"PropertyValueSpecification","valueRequired":true,"valueName":"search_term_string"}}],"inLanguage":"fr-FR"},{"@type":"Organization","@id":"https:\/\/labonnepointure.re\/#organization","name":"La Bonne Pointure R\u00e9union","alternateName":"La Bonne Pointure","url":"https:\/\/labonnepointure.re\/","logo":{"@type":"ImageObject","inLanguage":"fr-FR","@id":"https:\/\/labonnepointure.re\/#\/schema\/logo\/image\/","url":"https:\/\/labonnepointure.re\/wp-content\/uploads\/2024\/05\/cropped-Copie-de-post-instfb-13.png","contentUrl":"https:\/\/labonnepointure.re\/wp-content\/uploads\/2024\/05\/cropped-Copie-de-post-instfb-13.png","width":512,"height":512,"caption":"La Bonne Pointure R\u00e9union"},"image":{"@id":"https:\/\/labonnepointure.re\/#\/schema\/logo\/image\/"},"sameAs":["https:\/\/www.facebook.com\/LaBonnePointure974","https:\/\/www.instagram.com\/labonnepointure_run\/"]}]}},"_links":{"self":[{"href":"https:\/\/labonnepointure.re\/index.php\/wp-json\/wp\/v2\/product\/23249","targetHints":{"allow":["GET"]}}],"collection":[{"href":"https:\/\/labonnepointure.re\/index.php\/wp-json\/wp\/v2\/product"}],"about":[{"href":"https:\/\/labonnepointure.re\/index.php\/wp-json\/wp\/v2\/types\/product"}],"replies":[{"embeddable":true,"href":"https:\/\/labonnepointure.re\/index.php\/wp-json\/wp\/v2\/comments?post=23249"}],"version-history":[{"count":4,"href":"https:\/\/labonnepointure.re\/index.php\/wp-json\/wp\/v2\/product\/23249\/revisions"}],"predecessor-version":[{"id":23288,"href":"https:\/\/labonnepointure.re\/index.php\/wp-json\/wp\/v2\/product\/23249\/revisions\/23288"}],"wp:featuredmedia":[{"embeddable":true,"href":"https:\/\/labonnepointure.re\/index.php\/wp-json\/wp\/v2\/media\/23269"}],"wp:attachment":[{"href":"https:\/\/labonnepointure.re\/index.php\/wp-json\/wp\/v2\/media?parent=23249"}],"wp:term":[{"taxonomy":"product_brand","embeddable":true,"href":"https:\/\/labonnepointure.re\/index.php\/wp-json\/wp\/v2\/product_brand?post=23249"},{"taxonomy":"product_cat","embeddable":true,"href":"https:\/\/labonnepointure.re\/index.php\/wp-json\/wp\/v2\/product_cat?post=23249"},{"taxonomy":"product_tag","embeddable":true,"href":"https:\/\/labonnepointure.re\/index.php\/wp-json\/wp\/v2\/product_tag?post=23249"}],"curies":[{"name":"wp","href":"https:\/\/api.w.org\/{rel}","templated":true}]}}