{"id":23181,"date":"2026-02-18T15:59:20","date_gmt":"2026-02-18T11:59:20","guid":{"rendered":"https:\/\/labonnepointure.re\/?post_type=product&#038;p=23181"},"modified":"2026-03-05T10:52:20","modified_gmt":"2026-03-05T06:52:20","slug":"claquette-femme-noeud","status":"publish","type":"product","link":"https:\/\/labonnepointure.re\/index.php\/produit\/claquette-femme-noeud\/","title":{"rendered":"Claquette femme n\u0153ud"},"content":{"rendered":"<p class=\"p1\"><b>Claquette femme n\u0153ud \u2013 Chaussures femme La R\u00e9union<\/b><\/p>\n<p class=\"p1\">Apportez une touche f\u00e9minine et tendance \u00e0 vos tenues avec cette claquette femme \u00e0 large bride orn\u00e9e d\u2019un grand n\u0153ud d\u00e9coratif. Son style \u00e9l\u00e9gant et estival en fait une chaussure id\u00e9ale pour le quotidien \u00e0 La R\u00e9union.<\/p>\n<p class=\"p1\">Sa semelle l\u00e9g\u00e8rement compens\u00e9e avec finition tress\u00e9e apporte du confort tout en donnant un effet naturel et moderne. Facile \u00e0 enfiler, l\u00e9g\u00e8re et agr\u00e9able \u00e0 porter, elle s\u2019adapte parfaitement aux looks d\u2019\u00e9t\u00e9.<\/p>\n<p class=\"p1\">Un mod\u00e8le tendance, confortable et abordable pour celles qui recherchent des chaussures femme \u00e0 La R\u00e9union alliant style et petit prix.<\/p>\n","protected":false},"excerpt":{"rendered":"<p class=\"p1\"><b>Mod\u00e8le : Claquette \u00e0 bride large avec n\u0153ud d\u00e9coratif<\/b><\/p>\n<p class=\"p1\"><b>Dessus \/ Tige : Mati\u00e8re synth\u00e9tique textur\u00e9e<\/b><\/p>\n<p class=\"p1\"><b>Doublure : Mati\u00e8re synth\u00e9tique<\/b><\/p>\n<p class=\"p1\"><b>Semelle int\u00e9rieure : Mati\u00e8re synth\u00e9tique lisse<\/b><\/p>\n<p class=\"p1\"><b>Semelle ext\u00e9rieure : Mati\u00e8re synth\u00e9tique souple et antid\u00e9rapante<\/b><\/p>\n<p class=\"p1\"><b>Type de semelle : L\u00e9g\u00e8rement compens\u00e9e avec finition tress\u00e9e<\/b><\/p>\n<p class=\"p1\"><b>Chaussant : Standard<\/b><\/p>\n","protected":false},"featured_media":23196,"comment_status":"open","ping_status":"closed","template":"","meta":[],"product_brand":[],"product_cat":[304,162,157],"product_tag":[177,188],"class_list":{"0":"post-23181","1":"product","2":"type-product","3":"status-publish","4":"has-post-thumbnail","6":"product_cat-claquette-3","7":"product_cat-claquette","8":"product_cat-femme","9":"product_tag-claquette","10":"product_tag-femme","12":"first","13":"instock","14":"taxable","15":"shipping-taxable","16":"purchasable","17":"product-type-variable","18":"add-to-wishlist-before_image"},"yoast_head":"<!-- This site is optimized with the Yoast SEO plugin v27.3 - https:\/\/yoast.com\/product\/yoast-seo-wordpress\/ -->\n<title>Claquette femme n\u0153ud - La Bonne Pointure<\/title>\n<meta name=\"robots\" content=\"index, follow, max-snippet:-1, max-image-preview:large, max-video-preview:-1\" \/>\n<link rel=\"canonical\" href=\"https:\/\/labonnepointure.re\/index.php\/produit\/claquette-femme-noeud\/\" \/>\n<meta property=\"og:locale\" content=\"fr_FR\" \/>\n<meta property=\"og:type\" content=\"article\" \/>\n<meta property=\"og:title\" content=\"Claquette femme n\u0153ud - La Bonne Pointure\" \/>\n<meta property=\"og:description\" content=\"Mod\u00e8le : Claquette \u00e0 bride large avec n\u0153ud d\u00e9coratif Dessus \/ Tige : Mati\u00e8re synth\u00e9tique textur\u00e9e Doublure : Mati\u00e8re synth\u00e9tique Semelle int\u00e9rieure : Mati\u00e8re synth\u00e9tique lisse Semelle ext\u00e9rieure : Mati\u00e8re synth\u00e9tique souple et antid\u00e9rapante Type de semelle : L\u00e9g\u00e8rement compens\u00e9e avec finition tress\u00e9e Chaussant : Standard\" \/>\n<meta property=\"og:url\" content=\"https:\/\/labonnepointure.re\/index.php\/produit\/claquette-femme-noeud\/\" \/>\n<meta property=\"og:site_name\" content=\"La Bonne Pointure\" \/>\n<meta property=\"article:publisher\" content=\"https:\/\/www.facebook.com\/LaBonnePointure974\" \/>\n<meta property=\"article:modified_time\" content=\"2026-03-05T06:52:20+00:00\" \/>\n<meta property=\"og:image\" content=\"https:\/\/labonnepointure.re\/wp-content\/uploads\/2026\/02\/ChatGPT-Image-18-fevr.-2026-10_26_35.webp\" \/>\n\t<meta property=\"og:image:width\" content=\"1024\" \/>\n\t<meta property=\"og:image:height\" content=\"1536\" \/>\n\t<meta property=\"og:image:type\" content=\"image\/webp\" \/>\n<meta name=\"twitter:card\" content=\"summary_large_image\" \/>\n<meta name=\"twitter:label1\" content=\"Dur\u00e9e de lecture estim\u00e9e\" \/>\n\t<meta name=\"twitter:data1\" content=\"1 minute\" \/>\n<script type=\"application\/ld+json\" class=\"yoast-schema-graph\">{\"@context\":\"https:\\\/\\\/schema.org\",\"@graph\":[{\"@type\":\"WebPage\",\"@id\":\"https:\\\/\\\/labonnepointure.re\\\/index.php\\\/produit\\\/claquette-femme-noeud\\\/\",\"url\":\"https:\\\/\\\/labonnepointure.re\\\/index.php\\\/produit\\\/claquette-femme-noeud\\\/\",\"name\":\"Claquette femme n\u0153ud - La Bonne Pointure\",\"isPartOf\":{\"@id\":\"https:\\\/\\\/labonnepointure.re\\\/#website\"},\"primaryImageOfPage\":{\"@id\":\"https:\\\/\\\/labonnepointure.re\\\/index.php\\\/produit\\\/claquette-femme-noeud\\\/#primaryimage\"},\"image\":{\"@id\":\"https:\\\/\\\/labonnepointure.re\\\/index.php\\\/produit\\\/claquette-femme-noeud\\\/#primaryimage\"},\"thumbnailUrl\":\"https:\\\/\\\/labonnepointure.re\\\/wp-content\\\/uploads\\\/2026\\\/02\\\/ChatGPT-Image-18-fevr.-2026-10_26_35.webp\",\"datePublished\":\"2026-02-18T11:59:20+00:00\",\"dateModified\":\"2026-03-05T06:52:20+00:00\",\"breadcrumb\":{\"@id\":\"https:\\\/\\\/labonnepointure.re\\\/index.php\\\/produit\\\/claquette-femme-noeud\\\/#breadcrumb\"},\"inLanguage\":\"fr-FR\",\"potentialAction\":[{\"@type\":\"ReadAction\",\"target\":[\"https:\\\/\\\/labonnepointure.re\\\/index.php\\\/produit\\\/claquette-femme-noeud\\\/\"]}]},{\"@type\":\"ImageObject\",\"inLanguage\":\"fr-FR\",\"@id\":\"https:\\\/\\\/labonnepointure.re\\\/index.php\\\/produit\\\/claquette-femme-noeud\\\/#primaryimage\",\"url\":\"https:\\\/\\\/labonnepointure.re\\\/wp-content\\\/uploads\\\/2026\\\/02\\\/ChatGPT-Image-18-fevr.-2026-10_26_35.webp\",\"contentUrl\":\"https:\\\/\\\/labonnepointure.re\\\/wp-content\\\/uploads\\\/2026\\\/02\\\/ChatGPT-Image-18-fevr.-2026-10_26_35.webp\",\"width\":1024,\"height\":1536},{\"@type\":\"BreadcrumbList\",\"@id\":\"https:\\\/\\\/labonnepointure.re\\\/index.php\\\/produit\\\/claquette-femme-noeud\\\/#breadcrumb\",\"itemListElement\":[{\"@type\":\"ListItem\",\"position\":1,\"name\":\"Accueil\",\"item\":\"https:\\\/\\\/labonnepointure.re\\\/\"},{\"@type\":\"ListItem\",\"position\":2,\"name\":\"FEMME &#8211; TALONS\",\"item\":\"https:\\\/\\\/labonnepointure.re\\\/index.php\\\/femme-talons\\\/\"},{\"@type\":\"ListItem\",\"position\":3,\"name\":\"Claquette femme n\u0153ud\"}]},{\"@type\":\"WebSite\",\"@id\":\"https:\\\/\\\/labonnepointure.re\\\/#website\",\"url\":\"https:\\\/\\\/labonnepointure.re\\\/\",\"name\":\"La Bonne Pointure R\u00e9union\",\"description\":\"La Bonne Pointure votre marque 100% r\u00e9unionnaise\",\"publisher\":{\"@id\":\"https:\\\/\\\/labonnepointure.re\\\/#organization\"},\"potentialAction\":[{\"@type\":\"SearchAction\",\"target\":{\"@type\":\"EntryPoint\",\"urlTemplate\":\"https:\\\/\\\/labonnepointure.re\\\/?s={search_term_string}\"},\"query-input\":{\"@type\":\"PropertyValueSpecification\",\"valueRequired\":true,\"valueName\":\"search_term_string\"}}],\"inLanguage\":\"fr-FR\"},{\"@type\":\"Organization\",\"@id\":\"https:\\\/\\\/labonnepointure.re\\\/#organization\",\"name\":\"La Bonne Pointure R\u00e9union\",\"alternateName\":\"La Bonne Pointure\",\"url\":\"https:\\\/\\\/labonnepointure.re\\\/\",\"logo\":{\"@type\":\"ImageObject\",\"inLanguage\":\"fr-FR\",\"@id\":\"https:\\\/\\\/labonnepointure.re\\\/#\\\/schema\\\/logo\\\/image\\\/\",\"url\":\"https:\\\/\\\/labonnepointure.re\\\/wp-content\\\/uploads\\\/2024\\\/05\\\/cropped-Copie-de-post-instfb-13.png\",\"contentUrl\":\"https:\\\/\\\/labonnepointure.re\\\/wp-content\\\/uploads\\\/2024\\\/05\\\/cropped-Copie-de-post-instfb-13.png\",\"width\":512,\"height\":512,\"caption\":\"La Bonne Pointure R\u00e9union\"},\"image\":{\"@id\":\"https:\\\/\\\/labonnepointure.re\\\/#\\\/schema\\\/logo\\\/image\\\/\"},\"sameAs\":[\"https:\\\/\\\/www.facebook.com\\\/LaBonnePointure974\",\"https:\\\/\\\/www.instagram.com\\\/labonnepointure_run\\\/\"]}]}<\/script>\n<!-- \/ Yoast SEO plugin. -->","yoast_head_json":{"title":"Claquette femme n\u0153ud - La Bonne Pointure","robots":{"index":"index","follow":"follow","max-snippet":"max-snippet:-1","max-image-preview":"max-image-preview:large","max-video-preview":"max-video-preview:-1"},"canonical":"https:\/\/labonnepointure.re\/index.php\/produit\/claquette-femme-noeud\/","og_locale":"fr_FR","og_type":"article","og_title":"Claquette femme n\u0153ud - La Bonne Pointure","og_description":"Mod\u00e8le : Claquette \u00e0 bride large avec n\u0153ud d\u00e9coratif Dessus \/ Tige : Mati\u00e8re synth\u00e9tique textur\u00e9e Doublure : Mati\u00e8re synth\u00e9tique Semelle int\u00e9rieure : Mati\u00e8re synth\u00e9tique lisse Semelle ext\u00e9rieure : Mati\u00e8re synth\u00e9tique souple et antid\u00e9rapante Type de semelle : L\u00e9g\u00e8rement compens\u00e9e avec finition tress\u00e9e Chaussant : Standard","og_url":"https:\/\/labonnepointure.re\/index.php\/produit\/claquette-femme-noeud\/","og_site_name":"La Bonne Pointure","article_publisher":"https:\/\/www.facebook.com\/LaBonnePointure974","article_modified_time":"2026-03-05T06:52:20+00:00","og_image":[{"width":1024,"height":1536,"url":"https:\/\/labonnepointure.re\/wp-content\/uploads\/2026\/02\/ChatGPT-Image-18-fevr.-2026-10_26_35.webp","type":"image\/webp"}],"twitter_card":"summary_large_image","twitter_misc":{"Dur\u00e9e de lecture estim\u00e9e":"1 minute"},"schema":{"@context":"https:\/\/schema.org","@graph":[{"@type":"WebPage","@id":"https:\/\/labonnepointure.re\/index.php\/produit\/claquette-femme-noeud\/","url":"https:\/\/labonnepointure.re\/index.php\/produit\/claquette-femme-noeud\/","name":"Claquette femme n\u0153ud - La Bonne Pointure","isPartOf":{"@id":"https:\/\/labonnepointure.re\/#website"},"primaryImageOfPage":{"@id":"https:\/\/labonnepointure.re\/index.php\/produit\/claquette-femme-noeud\/#primaryimage"},"image":{"@id":"https:\/\/labonnepointure.re\/index.php\/produit\/claquette-femme-noeud\/#primaryimage"},"thumbnailUrl":"https:\/\/labonnepointure.re\/wp-content\/uploads\/2026\/02\/ChatGPT-Image-18-fevr.-2026-10_26_35.webp","datePublished":"2026-02-18T11:59:20+00:00","dateModified":"2026-03-05T06:52:20+00:00","breadcrumb":{"@id":"https:\/\/labonnepointure.re\/index.php\/produit\/claquette-femme-noeud\/#breadcrumb"},"inLanguage":"fr-FR","potentialAction":[{"@type":"ReadAction","target":["https:\/\/labonnepointure.re\/index.php\/produit\/claquette-femme-noeud\/"]}]},{"@type":"ImageObject","inLanguage":"fr-FR","@id":"https:\/\/labonnepointure.re\/index.php\/produit\/claquette-femme-noeud\/#primaryimage","url":"https:\/\/labonnepointure.re\/wp-content\/uploads\/2026\/02\/ChatGPT-Image-18-fevr.-2026-10_26_35.webp","contentUrl":"https:\/\/labonnepointure.re\/wp-content\/uploads\/2026\/02\/ChatGPT-Image-18-fevr.-2026-10_26_35.webp","width":1024,"height":1536},{"@type":"BreadcrumbList","@id":"https:\/\/labonnepointure.re\/index.php\/produit\/claquette-femme-noeud\/#breadcrumb","itemListElement":[{"@type":"ListItem","position":1,"name":"Accueil","item":"https:\/\/labonnepointure.re\/"},{"@type":"ListItem","position":2,"name":"FEMME &#8211; TALONS","item":"https:\/\/labonnepointure.re\/index.php\/femme-talons\/"},{"@type":"ListItem","position":3,"name":"Claquette femme n\u0153ud"}]},{"@type":"WebSite","@id":"https:\/\/labonnepointure.re\/#website","url":"https:\/\/labonnepointure.re\/","name":"La Bonne Pointure R\u00e9union","description":"La Bonne Pointure votre marque 100% r\u00e9unionnaise","publisher":{"@id":"https:\/\/labonnepointure.re\/#organization"},"potentialAction":[{"@type":"SearchAction","target":{"@type":"EntryPoint","urlTemplate":"https:\/\/labonnepointure.re\/?s={search_term_string}"},"query-input":{"@type":"PropertyValueSpecification","valueRequired":true,"valueName":"search_term_string"}}],"inLanguage":"fr-FR"},{"@type":"Organization","@id":"https:\/\/labonnepointure.re\/#organization","name":"La Bonne Pointure R\u00e9union","alternateName":"La Bonne Pointure","url":"https:\/\/labonnepointure.re\/","logo":{"@type":"ImageObject","inLanguage":"fr-FR","@id":"https:\/\/labonnepointure.re\/#\/schema\/logo\/image\/","url":"https:\/\/labonnepointure.re\/wp-content\/uploads\/2024\/05\/cropped-Copie-de-post-instfb-13.png","contentUrl":"https:\/\/labonnepointure.re\/wp-content\/uploads\/2024\/05\/cropped-Copie-de-post-instfb-13.png","width":512,"height":512,"caption":"La Bonne Pointure R\u00e9union"},"image":{"@id":"https:\/\/labonnepointure.re\/#\/schema\/logo\/image\/"},"sameAs":["https:\/\/www.facebook.com\/LaBonnePointure974","https:\/\/www.instagram.com\/labonnepointure_run\/"]}]}},"_links":{"self":[{"href":"https:\/\/labonnepointure.re\/index.php\/wp-json\/wp\/v2\/product\/23181","targetHints":{"allow":["GET"]}}],"collection":[{"href":"https:\/\/labonnepointure.re\/index.php\/wp-json\/wp\/v2\/product"}],"about":[{"href":"https:\/\/labonnepointure.re\/index.php\/wp-json\/wp\/v2\/types\/product"}],"replies":[{"embeddable":true,"href":"https:\/\/labonnepointure.re\/index.php\/wp-json\/wp\/v2\/comments?post=23181"}],"version-history":[{"count":1,"href":"https:\/\/labonnepointure.re\/index.php\/wp-json\/wp\/v2\/product\/23181\/revisions"}],"predecessor-version":[{"id":23194,"href":"https:\/\/labonnepointure.re\/index.php\/wp-json\/wp\/v2\/product\/23181\/revisions\/23194"}],"wp:featuredmedia":[{"embeddable":true,"href":"https:\/\/labonnepointure.re\/index.php\/wp-json\/wp\/v2\/media\/23196"}],"wp:attachment":[{"href":"https:\/\/labonnepointure.re\/index.php\/wp-json\/wp\/v2\/media?parent=23181"}],"wp:term":[{"taxonomy":"product_brand","embeddable":true,"href":"https:\/\/labonnepointure.re\/index.php\/wp-json\/wp\/v2\/product_brand?post=23181"},{"taxonomy":"product_cat","embeddable":true,"href":"https:\/\/labonnepointure.re\/index.php\/wp-json\/wp\/v2\/product_cat?post=23181"},{"taxonomy":"product_tag","embeddable":true,"href":"https:\/\/labonnepointure.re\/index.php\/wp-json\/wp\/v2\/product_tag?post=23181"}],"curies":[{"name":"wp","href":"https:\/\/api.w.org\/{rel}","templated":true}]}}