{"id":21900,"date":"2025-12-30T10:45:15","date_gmt":"2025-12-30T06:45:15","guid":{"rendered":"https:\/\/labonnepointure.re\/?post_type=product&#038;p=21900"},"modified":"2026-02-16T16:07:49","modified_gmt":"2026-02-16T12:07:49","slug":"bottine-cheville-a-boucle","status":"publish","type":"product","link":"https:\/\/labonnepointure.re\/index.php\/produit\/bottine-cheville-a-boucle\/","title":{"rendered":"Bottine cheville \u00e0 boucle"},"content":{"rendered":"<p>Bottine cheville \u2013 L\u2019\u00e9l\u00e9gance facile du quotidien<\/p>\n<p>Une bottine au design intemporel, pens\u00e9e pour allier style et confort au quotidien.<br \/>\nSon jeu de mati\u00e8res apporte du relief et une touche moderne, tandis que la bride d\u00e9corative avec boucle ajoute juste ce qu\u2019il faut de caract\u00e8re. Facile \u00e0 porter et agr\u00e9able \u00e0 la marche, elle s\u2019adapte aussi bien aux tenues d\u00e9contract\u00e9es qu\u2019aux looks plus habill\u00e9s.<\/p>\n<p>Un mod\u00e8le polyvalent, parfait pour accompagner la saison avec style.<\/p>\n<p>Ce qu\u2019on aime :<\/p>\n<p>\u2728 Le m\u00e9lange de mati\u00e8res pour un rendu \u00e9l\u00e9gant<br \/>\n\ud83d\udc62 La bride avec boucle, d\u00e9tail chic et discret<br \/>\n\ud83d\udc63 Le talon bas, stable et confortable<br \/>\n\ud83d\udc4c La forme cheville, facile \u00e0 associer<br \/>\n\ud83c\udf42 Une bottine id\u00e9ale pour un usage quotidien<\/p>\n","protected":false},"excerpt":{"rendered":"<p>ottine cheville \u00e0 boucle \u2013 L\u2019\u00e9l\u00e9gance facile du quotidien<\/p>\n<p>Une bottine au design intemporel, pens\u00e9e pour allier style et confort au quotidien.<br \/>\nSon jeu de mati\u00e8res apporte du relief et une touche moderne, tandis que la bride d\u00e9corative avec boucle ajoute juste ce qu\u2019il faut de caract\u00e8re. Facile \u00e0 porter et agr\u00e9able \u00e0 la marche, elle s\u2019adapte aussi bien aux tenues d\u00e9contract\u00e9es qu\u2019aux looks plus habill\u00e9s.<\/p>\n<p>Un mod\u00e8le polyvalent, parfait pour accompagner la saison avec style.<\/p>\n<p>Ce qu\u2019on aime :<\/p>\n<p>\u2728 Le m\u00e9lange de mati\u00e8res pour un rendu \u00e9l\u00e9gant<br \/>\n\ud83d\udc62 La bride avec boucle, d\u00e9tail chic et discret<br \/>\n\ud83d\udc63 Le talon bas, stable et confortable<br \/>\n\ud83d\udc4c La forme cheville, facile \u00e0 associer<br \/>\n\ud83c\udf42 Une bottine id\u00e9ale pour un usage quotidien<\/p>\n","protected":false},"featured_media":21901,"comment_status":"open","ping_status":"closed","template":"","meta":[],"product_brand":[],"product_cat":[159,157],"product_tag":[191,188],"class_list":{"0":"post-21900","1":"product","2":"type-product","3":"status-publish","4":"has-post-thumbnail","6":"product_cat-bottes","7":"product_cat-femme","8":"product_tag-bottes","9":"product_tag-femme","11":"first","12":"instock","13":"taxable","14":"shipping-taxable","15":"purchasable","16":"product-type-variable","17":"add-to-wishlist-before_image"},"yoast_head":"<!-- This site is optimized with the Yoast SEO plugin v27.3 - https:\/\/yoast.com\/product\/yoast-seo-wordpress\/ -->\n<title>Bottine cheville \u00e0 boucle - La Bonne Pointure<\/title>\n<meta name=\"robots\" content=\"index, follow, max-snippet:-1, max-image-preview:large, max-video-preview:-1\" \/>\n<link rel=\"canonical\" href=\"https:\/\/labonnepointure.re\/index.php\/produit\/bottine-cheville-a-boucle\/\" \/>\n<meta property=\"og:locale\" content=\"fr_FR\" \/>\n<meta property=\"og:type\" content=\"article\" \/>\n<meta property=\"og:title\" content=\"Bottine cheville \u00e0 boucle - La Bonne Pointure\" \/>\n<meta property=\"og:description\" content=\"ottine cheville \u00e0 boucle \u2013 L\u2019\u00e9l\u00e9gance facile du quotidien  Une bottine au design intemporel, pens\u00e9e pour allier style et confort au quotidien. Son jeu de mati\u00e8res apporte du relief et une touche moderne, tandis que la bride d\u00e9corative avec boucle ajoute juste ce qu\u2019il faut de caract\u00e8re. Facile \u00e0 porter et agr\u00e9able \u00e0 la marche, elle s\u2019adapte aussi bien aux tenues d\u00e9contract\u00e9es qu\u2019aux looks plus habill\u00e9s.  Un mod\u00e8le polyvalent, parfait pour accompagner la saison avec style.  Ce qu\u2019on aime :  \u2728 Le m\u00e9lange de mati\u00e8res pour un rendu \u00e9l\u00e9gant \ud83d\udc62 La bride avec boucle, d\u00e9tail chic et discret \ud83d\udc63 Le talon bas, stable et confortable \ud83d\udc4c La forme cheville, facile \u00e0 associer \ud83c\udf42 Une bottine id\u00e9ale pour un usage quotidien\" \/>\n<meta property=\"og:url\" content=\"https:\/\/labonnepointure.re\/index.php\/produit\/bottine-cheville-a-boucle\/\" \/>\n<meta property=\"og:site_name\" content=\"La Bonne Pointure\" \/>\n<meta property=\"article:publisher\" content=\"https:\/\/www.facebook.com\/LaBonnePointure974\" \/>\n<meta property=\"article:modified_time\" content=\"2026-02-16T12:07:49+00:00\" \/>\n<meta property=\"og:image\" content=\"https:\/\/labonnepointure.re\/wp-content\/uploads\/2025\/12\/ChatGPT-Image-30-dec.-2025-09_41_59.webp\" \/>\n\t<meta property=\"og:image:width\" content=\"1024\" \/>\n\t<meta property=\"og:image:height\" content=\"1536\" \/>\n\t<meta property=\"og:image:type\" content=\"image\/webp\" \/>\n<meta name=\"twitter:card\" content=\"summary_large_image\" \/>\n<meta name=\"twitter:label1\" content=\"Dur\u00e9e de lecture estim\u00e9e\" \/>\n\t<meta name=\"twitter:data1\" content=\"1 minute\" \/>\n<script type=\"application\/ld+json\" class=\"yoast-schema-graph\">{\"@context\":\"https:\\\/\\\/schema.org\",\"@graph\":[{\"@type\":\"WebPage\",\"@id\":\"https:\\\/\\\/labonnepointure.re\\\/index.php\\\/produit\\\/bottine-cheville-a-boucle\\\/\",\"url\":\"https:\\\/\\\/labonnepointure.re\\\/index.php\\\/produit\\\/bottine-cheville-a-boucle\\\/\",\"name\":\"Bottine cheville \u00e0 boucle - La Bonne Pointure\",\"isPartOf\":{\"@id\":\"https:\\\/\\\/labonnepointure.re\\\/#website\"},\"primaryImageOfPage\":{\"@id\":\"https:\\\/\\\/labonnepointure.re\\\/index.php\\\/produit\\\/bottine-cheville-a-boucle\\\/#primaryimage\"},\"image\":{\"@id\":\"https:\\\/\\\/labonnepointure.re\\\/index.php\\\/produit\\\/bottine-cheville-a-boucle\\\/#primaryimage\"},\"thumbnailUrl\":\"https:\\\/\\\/labonnepointure.re\\\/wp-content\\\/uploads\\\/2025\\\/12\\\/ChatGPT-Image-30-dec.-2025-09_41_59.webp\",\"datePublished\":\"2025-12-30T06:45:15+00:00\",\"dateModified\":\"2026-02-16T12:07:49+00:00\",\"breadcrumb\":{\"@id\":\"https:\\\/\\\/labonnepointure.re\\\/index.php\\\/produit\\\/bottine-cheville-a-boucle\\\/#breadcrumb\"},\"inLanguage\":\"fr-FR\",\"potentialAction\":[{\"@type\":\"ReadAction\",\"target\":[\"https:\\\/\\\/labonnepointure.re\\\/index.php\\\/produit\\\/bottine-cheville-a-boucle\\\/\"]}]},{\"@type\":\"ImageObject\",\"inLanguage\":\"fr-FR\",\"@id\":\"https:\\\/\\\/labonnepointure.re\\\/index.php\\\/produit\\\/bottine-cheville-a-boucle\\\/#primaryimage\",\"url\":\"https:\\\/\\\/labonnepointure.re\\\/wp-content\\\/uploads\\\/2025\\\/12\\\/ChatGPT-Image-30-dec.-2025-09_41_59.webp\",\"contentUrl\":\"https:\\\/\\\/labonnepointure.re\\\/wp-content\\\/uploads\\\/2025\\\/12\\\/ChatGPT-Image-30-dec.-2025-09_41_59.webp\",\"width\":1024,\"height\":1536},{\"@type\":\"BreadcrumbList\",\"@id\":\"https:\\\/\\\/labonnepointure.re\\\/index.php\\\/produit\\\/bottine-cheville-a-boucle\\\/#breadcrumb\",\"itemListElement\":[{\"@type\":\"ListItem\",\"position\":1,\"name\":\"Accueil\",\"item\":\"https:\\\/\\\/labonnepointure.re\\\/\"},{\"@type\":\"ListItem\",\"position\":2,\"name\":\"FEMME &#8211; TALONS\",\"item\":\"https:\\\/\\\/labonnepointure.re\\\/index.php\\\/femme-talons\\\/\"},{\"@type\":\"ListItem\",\"position\":3,\"name\":\"Bottine cheville \u00e0 boucle\"}]},{\"@type\":\"WebSite\",\"@id\":\"https:\\\/\\\/labonnepointure.re\\\/#website\",\"url\":\"https:\\\/\\\/labonnepointure.re\\\/\",\"name\":\"La Bonne Pointure R\u00e9union\",\"description\":\"La Bonne Pointure votre marque 100% r\u00e9unionnaise\",\"publisher\":{\"@id\":\"https:\\\/\\\/labonnepointure.re\\\/#organization\"},\"potentialAction\":[{\"@type\":\"SearchAction\",\"target\":{\"@type\":\"EntryPoint\",\"urlTemplate\":\"https:\\\/\\\/labonnepointure.re\\\/?s={search_term_string}\"},\"query-input\":{\"@type\":\"PropertyValueSpecification\",\"valueRequired\":true,\"valueName\":\"search_term_string\"}}],\"inLanguage\":\"fr-FR\"},{\"@type\":\"Organization\",\"@id\":\"https:\\\/\\\/labonnepointure.re\\\/#organization\",\"name\":\"La Bonne Pointure R\u00e9union\",\"alternateName\":\"La Bonne Pointure\",\"url\":\"https:\\\/\\\/labonnepointure.re\\\/\",\"logo\":{\"@type\":\"ImageObject\",\"inLanguage\":\"fr-FR\",\"@id\":\"https:\\\/\\\/labonnepointure.re\\\/#\\\/schema\\\/logo\\\/image\\\/\",\"url\":\"https:\\\/\\\/labonnepointure.re\\\/wp-content\\\/uploads\\\/2024\\\/05\\\/cropped-Copie-de-post-instfb-13.png\",\"contentUrl\":\"https:\\\/\\\/labonnepointure.re\\\/wp-content\\\/uploads\\\/2024\\\/05\\\/cropped-Copie-de-post-instfb-13.png\",\"width\":512,\"height\":512,\"caption\":\"La Bonne Pointure R\u00e9union\"},\"image\":{\"@id\":\"https:\\\/\\\/labonnepointure.re\\\/#\\\/schema\\\/logo\\\/image\\\/\"},\"sameAs\":[\"https:\\\/\\\/www.facebook.com\\\/LaBonnePointure974\",\"https:\\\/\\\/www.instagram.com\\\/labonnepointure_run\\\/\"]}]}<\/script>\n<!-- \/ Yoast SEO plugin. -->","yoast_head_json":{"title":"Bottine cheville \u00e0 boucle - La Bonne Pointure","robots":{"index":"index","follow":"follow","max-snippet":"max-snippet:-1","max-image-preview":"max-image-preview:large","max-video-preview":"max-video-preview:-1"},"canonical":"https:\/\/labonnepointure.re\/index.php\/produit\/bottine-cheville-a-boucle\/","og_locale":"fr_FR","og_type":"article","og_title":"Bottine cheville \u00e0 boucle - La Bonne Pointure","og_description":"ottine cheville \u00e0 boucle \u2013 L\u2019\u00e9l\u00e9gance facile du quotidien  Une bottine au design intemporel, pens\u00e9e pour allier style et confort au quotidien. Son jeu de mati\u00e8res apporte du relief et une touche moderne, tandis que la bride d\u00e9corative avec boucle ajoute juste ce qu\u2019il faut de caract\u00e8re. Facile \u00e0 porter et agr\u00e9able \u00e0 la marche, elle s\u2019adapte aussi bien aux tenues d\u00e9contract\u00e9es qu\u2019aux looks plus habill\u00e9s.  Un mod\u00e8le polyvalent, parfait pour accompagner la saison avec style.  Ce qu\u2019on aime :  \u2728 Le m\u00e9lange de mati\u00e8res pour un rendu \u00e9l\u00e9gant \ud83d\udc62 La bride avec boucle, d\u00e9tail chic et discret \ud83d\udc63 Le talon bas, stable et confortable \ud83d\udc4c La forme cheville, facile \u00e0 associer \ud83c\udf42 Une bottine id\u00e9ale pour un usage quotidien","og_url":"https:\/\/labonnepointure.re\/index.php\/produit\/bottine-cheville-a-boucle\/","og_site_name":"La Bonne Pointure","article_publisher":"https:\/\/www.facebook.com\/LaBonnePointure974","article_modified_time":"2026-02-16T12:07:49+00:00","og_image":[{"width":1024,"height":1536,"url":"https:\/\/labonnepointure.re\/wp-content\/uploads\/2025\/12\/ChatGPT-Image-30-dec.-2025-09_41_59.webp","type":"image\/webp"}],"twitter_card":"summary_large_image","twitter_misc":{"Dur\u00e9e de lecture estim\u00e9e":"1 minute"},"schema":{"@context":"https:\/\/schema.org","@graph":[{"@type":"WebPage","@id":"https:\/\/labonnepointure.re\/index.php\/produit\/bottine-cheville-a-boucle\/","url":"https:\/\/labonnepointure.re\/index.php\/produit\/bottine-cheville-a-boucle\/","name":"Bottine cheville \u00e0 boucle - La Bonne Pointure","isPartOf":{"@id":"https:\/\/labonnepointure.re\/#website"},"primaryImageOfPage":{"@id":"https:\/\/labonnepointure.re\/index.php\/produit\/bottine-cheville-a-boucle\/#primaryimage"},"image":{"@id":"https:\/\/labonnepointure.re\/index.php\/produit\/bottine-cheville-a-boucle\/#primaryimage"},"thumbnailUrl":"https:\/\/labonnepointure.re\/wp-content\/uploads\/2025\/12\/ChatGPT-Image-30-dec.-2025-09_41_59.webp","datePublished":"2025-12-30T06:45:15+00:00","dateModified":"2026-02-16T12:07:49+00:00","breadcrumb":{"@id":"https:\/\/labonnepointure.re\/index.php\/produit\/bottine-cheville-a-boucle\/#breadcrumb"},"inLanguage":"fr-FR","potentialAction":[{"@type":"ReadAction","target":["https:\/\/labonnepointure.re\/index.php\/produit\/bottine-cheville-a-boucle\/"]}]},{"@type":"ImageObject","inLanguage":"fr-FR","@id":"https:\/\/labonnepointure.re\/index.php\/produit\/bottine-cheville-a-boucle\/#primaryimage","url":"https:\/\/labonnepointure.re\/wp-content\/uploads\/2025\/12\/ChatGPT-Image-30-dec.-2025-09_41_59.webp","contentUrl":"https:\/\/labonnepointure.re\/wp-content\/uploads\/2025\/12\/ChatGPT-Image-30-dec.-2025-09_41_59.webp","width":1024,"height":1536},{"@type":"BreadcrumbList","@id":"https:\/\/labonnepointure.re\/index.php\/produit\/bottine-cheville-a-boucle\/#breadcrumb","itemListElement":[{"@type":"ListItem","position":1,"name":"Accueil","item":"https:\/\/labonnepointure.re\/"},{"@type":"ListItem","position":2,"name":"FEMME &#8211; TALONS","item":"https:\/\/labonnepointure.re\/index.php\/femme-talons\/"},{"@type":"ListItem","position":3,"name":"Bottine cheville \u00e0 boucle"}]},{"@type":"WebSite","@id":"https:\/\/labonnepointure.re\/#website","url":"https:\/\/labonnepointure.re\/","name":"La Bonne Pointure R\u00e9union","description":"La Bonne Pointure votre marque 100% r\u00e9unionnaise","publisher":{"@id":"https:\/\/labonnepointure.re\/#organization"},"potentialAction":[{"@type":"SearchAction","target":{"@type":"EntryPoint","urlTemplate":"https:\/\/labonnepointure.re\/?s={search_term_string}"},"query-input":{"@type":"PropertyValueSpecification","valueRequired":true,"valueName":"search_term_string"}}],"inLanguage":"fr-FR"},{"@type":"Organization","@id":"https:\/\/labonnepointure.re\/#organization","name":"La Bonne Pointure R\u00e9union","alternateName":"La Bonne Pointure","url":"https:\/\/labonnepointure.re\/","logo":{"@type":"ImageObject","inLanguage":"fr-FR","@id":"https:\/\/labonnepointure.re\/#\/schema\/logo\/image\/","url":"https:\/\/labonnepointure.re\/wp-content\/uploads\/2024\/05\/cropped-Copie-de-post-instfb-13.png","contentUrl":"https:\/\/labonnepointure.re\/wp-content\/uploads\/2024\/05\/cropped-Copie-de-post-instfb-13.png","width":512,"height":512,"caption":"La Bonne Pointure R\u00e9union"},"image":{"@id":"https:\/\/labonnepointure.re\/#\/schema\/logo\/image\/"},"sameAs":["https:\/\/www.facebook.com\/LaBonnePointure974","https:\/\/www.instagram.com\/labonnepointure_run\/"]}]}},"_links":{"self":[{"href":"https:\/\/labonnepointure.re\/index.php\/wp-json\/wp\/v2\/product\/21900","targetHints":{"allow":["GET"]}}],"collection":[{"href":"https:\/\/labonnepointure.re\/index.php\/wp-json\/wp\/v2\/product"}],"about":[{"href":"https:\/\/labonnepointure.re\/index.php\/wp-json\/wp\/v2\/types\/product"}],"replies":[{"embeddable":true,"href":"https:\/\/labonnepointure.re\/index.php\/wp-json\/wp\/v2\/comments?post=21900"}],"version-history":[{"count":2,"href":"https:\/\/labonnepointure.re\/index.php\/wp-json\/wp\/v2\/product\/21900\/revisions"}],"predecessor-version":[{"id":21916,"href":"https:\/\/labonnepointure.re\/index.php\/wp-json\/wp\/v2\/product\/21900\/revisions\/21916"}],"wp:featuredmedia":[{"embeddable":true,"href":"https:\/\/labonnepointure.re\/index.php\/wp-json\/wp\/v2\/media\/21901"}],"wp:attachment":[{"href":"https:\/\/labonnepointure.re\/index.php\/wp-json\/wp\/v2\/media?parent=21900"}],"wp:term":[{"taxonomy":"product_brand","embeddable":true,"href":"https:\/\/labonnepointure.re\/index.php\/wp-json\/wp\/v2\/product_brand?post=21900"},{"taxonomy":"product_cat","embeddable":true,"href":"https:\/\/labonnepointure.re\/index.php\/wp-json\/wp\/v2\/product_cat?post=21900"},{"taxonomy":"product_tag","embeddable":true,"href":"https:\/\/labonnepointure.re\/index.php\/wp-json\/wp\/v2\/product_tag?post=21900"}],"curies":[{"name":"wp","href":"https:\/\/api.w.org\/{rel}","templated":true}]}}