{"id":20588,"date":"2025-12-05T11:31:11","date_gmt":"2025-12-05T07:31:11","guid":{"rendered":"https:\/\/labonnepointure.re\/?post_type=product&#038;p=20588"},"modified":"2026-04-07T16:05:09","modified_gmt":"2026-04-07T12:05:09","slug":"sandale-a-talons-fines-avec-brides-a-la-cheville","status":"publish","type":"product","link":"https:\/\/labonnepointure.re\/index.php\/produit\/sandale-a-talons-fines-avec-brides-a-la-cheville\/","title":{"rendered":"Sandale \u00e0 talons fines avec brides \u00e0 la cheville"},"content":{"rendered":"<p class=\"p1\">Cette sandale sp\u00e9ciale f\u00eate de La Bonne Pointure allonge la silhouette gr\u00e2ce \u00e0 son talon fin et son avant l\u00e9g\u00e8rement plateforme qui apporte un meilleur confort sous le pied. Son empeigne textur\u00e9e ajoute une touche \u00e9l\u00e9gante et lumineuse, tandis que la bride r\u00e9glable \u00e0 la cheville assure un maintien s\u00fbr. Un mod\u00e8le id\u00e9al pour les occasions habill\u00e9es et les soir\u00e9es o\u00f9 l\u2019on veut briller avec discr\u00e9tion.<\/p>\n<p class=\"p1\"><b>Ce qu\u2019on aime :<\/b><\/p>\n<p class=\"p1\"><span class=\"s1\">\ud83d\udc60<\/span> Talon fin qui sublime la silhouette<br \/>\n<span class=\"s1\">\ud83d\udd12<\/span> Bride ajustable pour un maintien s\u00e9curis\u00e9<br \/>\n<span class=\"s1\">\u2728<\/span> Avant textur\u00e9 pour une allure sophistiqu\u00e9e<br \/>\n<span class=\"s1\">\ud83c\udf89<\/span> Parfaite pour les \u00e9v\u00e9nements, soir\u00e9es et tenues chic<\/p>\n","protected":false},"excerpt":{"rendered":"<p class=\"p1\"><b>Mod\u00e8le :<\/b> Sandale \u00e0 talon fin avec bride cheville et avant textur\u00e9<\/p>\n<p class=\"p1\"><b>Dessus \/ Tige :<\/b> Mati\u00e8re synth\u00e9tique avec texture d\u00e9corative<\/p>\n<p class=\"p1\"><b>Doublure :<\/b> Mati\u00e8re synth\u00e9tique<\/p>\n<p class=\"p1\"><b>Semelle int\u00e9rieure :<\/b> Mati\u00e8re synth\u00e9tique lisse avec l\u00e9g\u00e8re plateforme<\/p>\n<p class=\"p1\"><b>Semelle ext\u00e9rieure :<\/b> Mati\u00e8re synth\u00e9tique antid\u00e9rapante<\/p>\n<p class=\"p1\"><b>Talon :<\/b> Talon fin \u00e9lanc\u00e9<\/p>\n<p class=\"p1\"><b>Fermeture :<\/b> Bride ajustable \u00e0 la cheville avec boucle<\/p>\n","protected":false},"featured_media":20765,"comment_status":"open","ping_status":"closed","template":"","meta":[],"product_brand":[],"product_cat":[157,163],"product_tag":[188,176],"class_list":{"0":"post-20588","1":"product","2":"type-product","3":"status-publish","4":"has-post-thumbnail","6":"product_cat-femme","7":"product_cat-talons","8":"product_tag-femme","9":"product_tag-talons","11":"first","12":"instock","13":"taxable","14":"shipping-taxable","15":"purchasable","16":"product-type-variable","17":"add-to-wishlist-before_image"},"yoast_head":"<!-- This site is optimized with the Yoast SEO plugin v27.3 - https:\/\/yoast.com\/product\/yoast-seo-wordpress\/ -->\n<title>Sandale \u00e0 talons fines avec brides \u00e0 la cheville - La Bonne Pointure<\/title>\n<meta name=\"robots\" content=\"index, follow, max-snippet:-1, max-image-preview:large, max-video-preview:-1\" \/>\n<link rel=\"canonical\" href=\"https:\/\/labonnepointure.re\/index.php\/produit\/sandale-a-talons-fines-avec-brides-a-la-cheville\/\" \/>\n<meta property=\"og:locale\" content=\"fr_FR\" \/>\n<meta property=\"og:type\" content=\"article\" \/>\n<meta property=\"og:title\" content=\"Sandale \u00e0 talons fines avec brides \u00e0 la cheville - La Bonne Pointure\" \/>\n<meta property=\"og:description\" content=\"Mod\u00e8le : Sandale \u00e0 talon fin avec bride cheville et avant textur\u00e9 Dessus \/ Tige : Mati\u00e8re synth\u00e9tique avec texture d\u00e9corative Doublure : Mati\u00e8re synth\u00e9tique Semelle int\u00e9rieure : Mati\u00e8re synth\u00e9tique lisse avec l\u00e9g\u00e8re plateforme Semelle ext\u00e9rieure : Mati\u00e8re synth\u00e9tique antid\u00e9rapante Talon : Talon fin \u00e9lanc\u00e9 Fermeture : Bride ajustable \u00e0 la cheville avec boucle\" \/>\n<meta property=\"og:url\" content=\"https:\/\/labonnepointure.re\/index.php\/produit\/sandale-a-talons-fines-avec-brides-a-la-cheville\/\" \/>\n<meta property=\"og:site_name\" content=\"La Bonne Pointure\" \/>\n<meta property=\"article:publisher\" content=\"https:\/\/www.facebook.com\/LaBonnePointure974\" \/>\n<meta property=\"article:modified_time\" content=\"2026-04-07T12:05:09+00:00\" \/>\n<meta property=\"og:image\" content=\"https:\/\/labonnepointure.re\/wp-content\/uploads\/2025\/12\/IMG_3242-scaled.webp\" \/>\n\t<meta property=\"og:image:width\" content=\"1920\" \/>\n\t<meta property=\"og:image:height\" content=\"2560\" \/>\n\t<meta property=\"og:image:type\" content=\"image\/webp\" \/>\n<meta name=\"twitter:card\" content=\"summary_large_image\" \/>\n<meta name=\"twitter:label1\" content=\"Dur\u00e9e de lecture estim\u00e9e\" \/>\n\t<meta name=\"twitter:data1\" content=\"1 minute\" \/>\n<script type=\"application\/ld+json\" class=\"yoast-schema-graph\">{\"@context\":\"https:\\\/\\\/schema.org\",\"@graph\":[{\"@type\":\"WebPage\",\"@id\":\"https:\\\/\\\/labonnepointure.re\\\/index.php\\\/produit\\\/sandale-a-talons-fines-avec-brides-a-la-cheville\\\/\",\"url\":\"https:\\\/\\\/labonnepointure.re\\\/index.php\\\/produit\\\/sandale-a-talons-fines-avec-brides-a-la-cheville\\\/\",\"name\":\"Sandale \u00e0 talons fines avec brides \u00e0 la cheville - La Bonne Pointure\",\"isPartOf\":{\"@id\":\"https:\\\/\\\/labonnepointure.re\\\/#website\"},\"primaryImageOfPage\":{\"@id\":\"https:\\\/\\\/labonnepointure.re\\\/index.php\\\/produit\\\/sandale-a-talons-fines-avec-brides-a-la-cheville\\\/#primaryimage\"},\"image\":{\"@id\":\"https:\\\/\\\/labonnepointure.re\\\/index.php\\\/produit\\\/sandale-a-talons-fines-avec-brides-a-la-cheville\\\/#primaryimage\"},\"thumbnailUrl\":\"https:\\\/\\\/labonnepointure.re\\\/wp-content\\\/uploads\\\/2025\\\/12\\\/IMG_3242-scaled.webp\",\"datePublished\":\"2025-12-05T07:31:11+00:00\",\"dateModified\":\"2026-04-07T12:05:09+00:00\",\"breadcrumb\":{\"@id\":\"https:\\\/\\\/labonnepointure.re\\\/index.php\\\/produit\\\/sandale-a-talons-fines-avec-brides-a-la-cheville\\\/#breadcrumb\"},\"inLanguage\":\"fr-FR\",\"potentialAction\":[{\"@type\":\"ReadAction\",\"target\":[\"https:\\\/\\\/labonnepointure.re\\\/index.php\\\/produit\\\/sandale-a-talons-fines-avec-brides-a-la-cheville\\\/\"]}]},{\"@type\":\"ImageObject\",\"inLanguage\":\"fr-FR\",\"@id\":\"https:\\\/\\\/labonnepointure.re\\\/index.php\\\/produit\\\/sandale-a-talons-fines-avec-brides-a-la-cheville\\\/#primaryimage\",\"url\":\"https:\\\/\\\/labonnepointure.re\\\/wp-content\\\/uploads\\\/2025\\\/12\\\/IMG_3242-scaled.webp\",\"contentUrl\":\"https:\\\/\\\/labonnepointure.re\\\/wp-content\\\/uploads\\\/2025\\\/12\\\/IMG_3242-scaled.webp\",\"width\":1920,\"height\":2560},{\"@type\":\"BreadcrumbList\",\"@id\":\"https:\\\/\\\/labonnepointure.re\\\/index.php\\\/produit\\\/sandale-a-talons-fines-avec-brides-a-la-cheville\\\/#breadcrumb\",\"itemListElement\":[{\"@type\":\"ListItem\",\"position\":1,\"name\":\"Accueil\",\"item\":\"https:\\\/\\\/labonnepointure.re\\\/\"},{\"@type\":\"ListItem\",\"position\":2,\"name\":\"FEMME &#8211; TALONS\",\"item\":\"https:\\\/\\\/labonnepointure.re\\\/index.php\\\/femme-talons\\\/\"},{\"@type\":\"ListItem\",\"position\":3,\"name\":\"Sandale \u00e0 talons fines avec brides \u00e0 la cheville\"}]},{\"@type\":\"WebSite\",\"@id\":\"https:\\\/\\\/labonnepointure.re\\\/#website\",\"url\":\"https:\\\/\\\/labonnepointure.re\\\/\",\"name\":\"La Bonne Pointure R\u00e9union\",\"description\":\"La Bonne Pointure votre marque 100% r\u00e9unionnaise\",\"publisher\":{\"@id\":\"https:\\\/\\\/labonnepointure.re\\\/#organization\"},\"potentialAction\":[{\"@type\":\"SearchAction\",\"target\":{\"@type\":\"EntryPoint\",\"urlTemplate\":\"https:\\\/\\\/labonnepointure.re\\\/?s={search_term_string}\"},\"query-input\":{\"@type\":\"PropertyValueSpecification\",\"valueRequired\":true,\"valueName\":\"search_term_string\"}}],\"inLanguage\":\"fr-FR\"},{\"@type\":\"Organization\",\"@id\":\"https:\\\/\\\/labonnepointure.re\\\/#organization\",\"name\":\"La Bonne Pointure R\u00e9union\",\"alternateName\":\"La Bonne Pointure\",\"url\":\"https:\\\/\\\/labonnepointure.re\\\/\",\"logo\":{\"@type\":\"ImageObject\",\"inLanguage\":\"fr-FR\",\"@id\":\"https:\\\/\\\/labonnepointure.re\\\/#\\\/schema\\\/logo\\\/image\\\/\",\"url\":\"https:\\\/\\\/labonnepointure.re\\\/wp-content\\\/uploads\\\/2024\\\/05\\\/cropped-Copie-de-post-instfb-13.png\",\"contentUrl\":\"https:\\\/\\\/labonnepointure.re\\\/wp-content\\\/uploads\\\/2024\\\/05\\\/cropped-Copie-de-post-instfb-13.png\",\"width\":512,\"height\":512,\"caption\":\"La Bonne Pointure R\u00e9union\"},\"image\":{\"@id\":\"https:\\\/\\\/labonnepointure.re\\\/#\\\/schema\\\/logo\\\/image\\\/\"},\"sameAs\":[\"https:\\\/\\\/www.facebook.com\\\/LaBonnePointure974\",\"https:\\\/\\\/www.instagram.com\\\/labonnepointure_run\\\/\"]}]}<\/script>\n<!-- \/ Yoast SEO plugin. -->","yoast_head_json":{"title":"Sandale \u00e0 talons fines avec brides \u00e0 la cheville - La Bonne Pointure","robots":{"index":"index","follow":"follow","max-snippet":"max-snippet:-1","max-image-preview":"max-image-preview:large","max-video-preview":"max-video-preview:-1"},"canonical":"https:\/\/labonnepointure.re\/index.php\/produit\/sandale-a-talons-fines-avec-brides-a-la-cheville\/","og_locale":"fr_FR","og_type":"article","og_title":"Sandale \u00e0 talons fines avec brides \u00e0 la cheville - La Bonne Pointure","og_description":"Mod\u00e8le : Sandale \u00e0 talon fin avec bride cheville et avant textur\u00e9 Dessus \/ Tige : Mati\u00e8re synth\u00e9tique avec texture d\u00e9corative Doublure : Mati\u00e8re synth\u00e9tique Semelle int\u00e9rieure : Mati\u00e8re synth\u00e9tique lisse avec l\u00e9g\u00e8re plateforme Semelle ext\u00e9rieure : Mati\u00e8re synth\u00e9tique antid\u00e9rapante Talon : Talon fin \u00e9lanc\u00e9 Fermeture : Bride ajustable \u00e0 la cheville avec boucle","og_url":"https:\/\/labonnepointure.re\/index.php\/produit\/sandale-a-talons-fines-avec-brides-a-la-cheville\/","og_site_name":"La Bonne Pointure","article_publisher":"https:\/\/www.facebook.com\/LaBonnePointure974","article_modified_time":"2026-04-07T12:05:09+00:00","og_image":[{"width":1920,"height":2560,"url":"https:\/\/labonnepointure.re\/wp-content\/uploads\/2025\/12\/IMG_3242-scaled.webp","type":"image\/webp"}],"twitter_card":"summary_large_image","twitter_misc":{"Dur\u00e9e de lecture estim\u00e9e":"1 minute"},"schema":{"@context":"https:\/\/schema.org","@graph":[{"@type":"WebPage","@id":"https:\/\/labonnepointure.re\/index.php\/produit\/sandale-a-talons-fines-avec-brides-a-la-cheville\/","url":"https:\/\/labonnepointure.re\/index.php\/produit\/sandale-a-talons-fines-avec-brides-a-la-cheville\/","name":"Sandale \u00e0 talons fines avec brides \u00e0 la cheville - La Bonne Pointure","isPartOf":{"@id":"https:\/\/labonnepointure.re\/#website"},"primaryImageOfPage":{"@id":"https:\/\/labonnepointure.re\/index.php\/produit\/sandale-a-talons-fines-avec-brides-a-la-cheville\/#primaryimage"},"image":{"@id":"https:\/\/labonnepointure.re\/index.php\/produit\/sandale-a-talons-fines-avec-brides-a-la-cheville\/#primaryimage"},"thumbnailUrl":"https:\/\/labonnepointure.re\/wp-content\/uploads\/2025\/12\/IMG_3242-scaled.webp","datePublished":"2025-12-05T07:31:11+00:00","dateModified":"2026-04-07T12:05:09+00:00","breadcrumb":{"@id":"https:\/\/labonnepointure.re\/index.php\/produit\/sandale-a-talons-fines-avec-brides-a-la-cheville\/#breadcrumb"},"inLanguage":"fr-FR","potentialAction":[{"@type":"ReadAction","target":["https:\/\/labonnepointure.re\/index.php\/produit\/sandale-a-talons-fines-avec-brides-a-la-cheville\/"]}]},{"@type":"ImageObject","inLanguage":"fr-FR","@id":"https:\/\/labonnepointure.re\/index.php\/produit\/sandale-a-talons-fines-avec-brides-a-la-cheville\/#primaryimage","url":"https:\/\/labonnepointure.re\/wp-content\/uploads\/2025\/12\/IMG_3242-scaled.webp","contentUrl":"https:\/\/labonnepointure.re\/wp-content\/uploads\/2025\/12\/IMG_3242-scaled.webp","width":1920,"height":2560},{"@type":"BreadcrumbList","@id":"https:\/\/labonnepointure.re\/index.php\/produit\/sandale-a-talons-fines-avec-brides-a-la-cheville\/#breadcrumb","itemListElement":[{"@type":"ListItem","position":1,"name":"Accueil","item":"https:\/\/labonnepointure.re\/"},{"@type":"ListItem","position":2,"name":"FEMME &#8211; TALONS","item":"https:\/\/labonnepointure.re\/index.php\/femme-talons\/"},{"@type":"ListItem","position":3,"name":"Sandale \u00e0 talons fines avec brides \u00e0 la cheville"}]},{"@type":"WebSite","@id":"https:\/\/labonnepointure.re\/#website","url":"https:\/\/labonnepointure.re\/","name":"La Bonne Pointure R\u00e9union","description":"La Bonne Pointure votre marque 100% r\u00e9unionnaise","publisher":{"@id":"https:\/\/labonnepointure.re\/#organization"},"potentialAction":[{"@type":"SearchAction","target":{"@type":"EntryPoint","urlTemplate":"https:\/\/labonnepointure.re\/?s={search_term_string}"},"query-input":{"@type":"PropertyValueSpecification","valueRequired":true,"valueName":"search_term_string"}}],"inLanguage":"fr-FR"},{"@type":"Organization","@id":"https:\/\/labonnepointure.re\/#organization","name":"La Bonne Pointure R\u00e9union","alternateName":"La Bonne Pointure","url":"https:\/\/labonnepointure.re\/","logo":{"@type":"ImageObject","inLanguage":"fr-FR","@id":"https:\/\/labonnepointure.re\/#\/schema\/logo\/image\/","url":"https:\/\/labonnepointure.re\/wp-content\/uploads\/2024\/05\/cropped-Copie-de-post-instfb-13.png","contentUrl":"https:\/\/labonnepointure.re\/wp-content\/uploads\/2024\/05\/cropped-Copie-de-post-instfb-13.png","width":512,"height":512,"caption":"La Bonne Pointure R\u00e9union"},"image":{"@id":"https:\/\/labonnepointure.re\/#\/schema\/logo\/image\/"},"sameAs":["https:\/\/www.facebook.com\/LaBonnePointure974","https:\/\/www.instagram.com\/labonnepointure_run\/"]}]}},"_links":{"self":[{"href":"https:\/\/labonnepointure.re\/index.php\/wp-json\/wp\/v2\/product\/20588","targetHints":{"allow":["GET"]}}],"collection":[{"href":"https:\/\/labonnepointure.re\/index.php\/wp-json\/wp\/v2\/product"}],"about":[{"href":"https:\/\/labonnepointure.re\/index.php\/wp-json\/wp\/v2\/types\/product"}],"replies":[{"embeddable":true,"href":"https:\/\/labonnepointure.re\/index.php\/wp-json\/wp\/v2\/comments?post=20588"}],"version-history":[{"count":4,"href":"https:\/\/labonnepointure.re\/index.php\/wp-json\/wp\/v2\/product\/20588\/revisions"}],"predecessor-version":[{"id":24219,"href":"https:\/\/labonnepointure.re\/index.php\/wp-json\/wp\/v2\/product\/20588\/revisions\/24219"}],"wp:featuredmedia":[{"embeddable":true,"href":"https:\/\/labonnepointure.re\/index.php\/wp-json\/wp\/v2\/media\/20765"}],"wp:attachment":[{"href":"https:\/\/labonnepointure.re\/index.php\/wp-json\/wp\/v2\/media?parent=20588"}],"wp:term":[{"taxonomy":"product_brand","embeddable":true,"href":"https:\/\/labonnepointure.re\/index.php\/wp-json\/wp\/v2\/product_brand?post=20588"},{"taxonomy":"product_cat","embeddable":true,"href":"https:\/\/labonnepointure.re\/index.php\/wp-json\/wp\/v2\/product_cat?post=20588"},{"taxonomy":"product_tag","embeddable":true,"href":"https:\/\/labonnepointure.re\/index.php\/wp-json\/wp\/v2\/product_tag?post=20588"}],"curies":[{"name":"wp","href":"https:\/\/api.w.org\/{rel}","templated":true}]}}