{"id":18285,"date":"2025-09-11T15:28:30","date_gmt":"2025-09-11T11:28:30","guid":{"rendered":"https:\/\/labonnepointure.re\/?post_type=product&#038;p=18285"},"modified":"2025-09-24T14:57:59","modified_gmt":"2025-09-24T10:57:59","slug":"fihun","status":"publish","type":"product","link":"https:\/\/labonnepointure.re\/index.php\/produit\/fihun\/","title":{"rendered":"FIHUN"},"content":{"rendered":"<p data-start=\"129\" data-end=\"190\"><strong data-start=\"129\" data-end=\"188\">Claquette \u00e0 bride large \u2013 Simplicit\u00e9 et confort estival<\/strong><\/p>\n<p data-start=\"192\" data-end=\"487\">Cette claquette mise sur un design pratique et tendance avec sa bride large qui assure \u00e0 la fois maintien et style. L\u00e9g\u00e8re et agr\u00e9able \u00e0 porter, elle est pens\u00e9e pour accompagner toutes les journ\u00e9es ensoleill\u00e9es, que ce soit pour une balade, une sortie en ville ou un moment d\u00e9tente \u00e0 la plage.<\/p>\n<p data-start=\"489\" data-end=\"752\"><strong data-start=\"489\" data-end=\"508\">Ce qu\u2019on aime :<\/strong><br data-start=\"508\" data-end=\"511\" \/>\ud83d\udc63 Semelle souple et confortable pour un usage quotidien<br data-start=\"567\" data-end=\"570\" \/>\ud83c\udf3f Bride large pour un maintien optimal et un style \u00e9pur\u00e9<br data-start=\"627\" data-end=\"630\" \/>\u2728 Design polyvalent qui s\u2019adapte \u00e0 toutes les tenues<br data-start=\"682\" data-end=\"685\" \/>\u2600\ufe0f Parfaite pour les journ\u00e9es estivales, de la ville aux vacances<\/p>\n","protected":false},"excerpt":{"rendered":"<p class=\"p1\"><b>Mod\u00e8le :<\/b> Claquette \u00e0 bride large<\/p>\n<p class=\"p1\"><b>Dessus \/ Tige :<\/b> Mati\u00e8re synth\u00e9tique<\/p>\n<p class=\"p1\"><b>Doublure :<\/b> Mati\u00e8re synth\u00e9tique<\/p>\n<p class=\"p1\"><b>Semelle int\u00e9rieure :<\/b> Mati\u00e8re synth\u00e9tique lisse avec couture apparente<\/p>\n<p class=\"p1\"><b>Semelle ext\u00e9rieure :<\/b> Mati\u00e8re synth\u00e9tique souple et antid\u00e9rapante<\/p>\n","protected":false},"featured_media":18314,"comment_status":"open","ping_status":"closed","template":"","meta":[],"product_brand":[],"product_cat":[162,157,198],"product_tag":[177,188,197],"class_list":{"0":"post-18285","1":"product","2":"type-product","3":"status-publish","4":"has-post-thumbnail","6":"product_cat-claquette","7":"product_cat-femme","8":"product_cat-grande-pointure","9":"product_tag-claquette","10":"product_tag-femme","11":"product_tag-grande-pointure","13":"first","14":"instock","15":"taxable","16":"shipping-taxable","17":"purchasable","18":"product-type-variable","19":"add-to-wishlist-before_image"},"yoast_head":"<!-- This site is optimized with the Yoast SEO plugin v27.3 - https:\/\/yoast.com\/product\/yoast-seo-wordpress\/ -->\n<title>FIHUN - La Bonne Pointure<\/title>\n<meta name=\"robots\" content=\"index, follow, max-snippet:-1, max-image-preview:large, max-video-preview:-1\" \/>\n<link rel=\"canonical\" href=\"https:\/\/labonnepointure.re\/index.php\/produit\/fihun\/\" \/>\n<meta property=\"og:locale\" content=\"fr_FR\" \/>\n<meta property=\"og:type\" content=\"article\" \/>\n<meta property=\"og:title\" content=\"FIHUN - La Bonne Pointure\" \/>\n<meta property=\"og:description\" content=\"Mod\u00e8le : Claquette \u00e0 bride large Dessus \/ Tige : Mati\u00e8re synth\u00e9tique Doublure : Mati\u00e8re synth\u00e9tique Semelle int\u00e9rieure : Mati\u00e8re synth\u00e9tique lisse avec couture apparente Semelle ext\u00e9rieure : Mati\u00e8re synth\u00e9tique souple et antid\u00e9rapante\" \/>\n<meta property=\"og:url\" content=\"https:\/\/labonnepointure.re\/index.php\/produit\/fihun\/\" \/>\n<meta property=\"og:site_name\" content=\"La Bonne Pointure\" \/>\n<meta property=\"article:publisher\" content=\"https:\/\/www.facebook.com\/LaBonnePointure974\" \/>\n<meta property=\"article:modified_time\" content=\"2025-09-24T10:57:59+00:00\" \/>\n<meta property=\"og:image\" content=\"https:\/\/labonnepointure.re\/wp-content\/uploads\/2025\/09\/IMG_5187-scaled.webp\" \/>\n\t<meta property=\"og:image:width\" content=\"1920\" \/>\n\t<meta property=\"og:image:height\" content=\"2560\" \/>\n\t<meta property=\"og:image:type\" content=\"image\/webp\" \/>\n<meta name=\"twitter:card\" content=\"summary_large_image\" \/>\n<meta name=\"twitter:label1\" content=\"Dur\u00e9e de lecture estim\u00e9e\" \/>\n\t<meta name=\"twitter:data1\" content=\"1 minute\" \/>\n<script type=\"application\/ld+json\" class=\"yoast-schema-graph\">{\"@context\":\"https:\\\/\\\/schema.org\",\"@graph\":[{\"@type\":\"WebPage\",\"@id\":\"https:\\\/\\\/labonnepointure.re\\\/index.php\\\/produit\\\/fihun\\\/\",\"url\":\"https:\\\/\\\/labonnepointure.re\\\/index.php\\\/produit\\\/fihun\\\/\",\"name\":\"FIHUN - La Bonne Pointure\",\"isPartOf\":{\"@id\":\"https:\\\/\\\/labonnepointure.re\\\/#website\"},\"primaryImageOfPage\":{\"@id\":\"https:\\\/\\\/labonnepointure.re\\\/index.php\\\/produit\\\/fihun\\\/#primaryimage\"},\"image\":{\"@id\":\"https:\\\/\\\/labonnepointure.re\\\/index.php\\\/produit\\\/fihun\\\/#primaryimage\"},\"thumbnailUrl\":\"https:\\\/\\\/labonnepointure.re\\\/wp-content\\\/uploads\\\/2025\\\/09\\\/IMG_5187-scaled.webp\",\"datePublished\":\"2025-09-11T11:28:30+00:00\",\"dateModified\":\"2025-09-24T10:57:59+00:00\",\"breadcrumb\":{\"@id\":\"https:\\\/\\\/labonnepointure.re\\\/index.php\\\/produit\\\/fihun\\\/#breadcrumb\"},\"inLanguage\":\"fr-FR\",\"potentialAction\":[{\"@type\":\"ReadAction\",\"target\":[\"https:\\\/\\\/labonnepointure.re\\\/index.php\\\/produit\\\/fihun\\\/\"]}]},{\"@type\":\"ImageObject\",\"inLanguage\":\"fr-FR\",\"@id\":\"https:\\\/\\\/labonnepointure.re\\\/index.php\\\/produit\\\/fihun\\\/#primaryimage\",\"url\":\"https:\\\/\\\/labonnepointure.re\\\/wp-content\\\/uploads\\\/2025\\\/09\\\/IMG_5187-scaled.webp\",\"contentUrl\":\"https:\\\/\\\/labonnepointure.re\\\/wp-content\\\/uploads\\\/2025\\\/09\\\/IMG_5187-scaled.webp\",\"width\":1920,\"height\":2560,\"caption\":\"mod\u00e8le de claquette l\u00e9opard \u00e0 la bonne pointure r\u00e9union\"},{\"@type\":\"BreadcrumbList\",\"@id\":\"https:\\\/\\\/labonnepointure.re\\\/index.php\\\/produit\\\/fihun\\\/#breadcrumb\",\"itemListElement\":[{\"@type\":\"ListItem\",\"position\":1,\"name\":\"Accueil\",\"item\":\"https:\\\/\\\/labonnepointure.re\\\/\"},{\"@type\":\"ListItem\",\"position\":2,\"name\":\"FEMME &#8211; TALONS\",\"item\":\"https:\\\/\\\/labonnepointure.re\\\/index.php\\\/femme-talons\\\/\"},{\"@type\":\"ListItem\",\"position\":3,\"name\":\"FIHUN\"}]},{\"@type\":\"WebSite\",\"@id\":\"https:\\\/\\\/labonnepointure.re\\\/#website\",\"url\":\"https:\\\/\\\/labonnepointure.re\\\/\",\"name\":\"La Bonne Pointure R\u00e9union\",\"description\":\"La Bonne Pointure votre marque 100% r\u00e9unionnaise\",\"publisher\":{\"@id\":\"https:\\\/\\\/labonnepointure.re\\\/#organization\"},\"potentialAction\":[{\"@type\":\"SearchAction\",\"target\":{\"@type\":\"EntryPoint\",\"urlTemplate\":\"https:\\\/\\\/labonnepointure.re\\\/?s={search_term_string}\"},\"query-input\":{\"@type\":\"PropertyValueSpecification\",\"valueRequired\":true,\"valueName\":\"search_term_string\"}}],\"inLanguage\":\"fr-FR\"},{\"@type\":\"Organization\",\"@id\":\"https:\\\/\\\/labonnepointure.re\\\/#organization\",\"name\":\"La Bonne Pointure R\u00e9union\",\"alternateName\":\"La Bonne Pointure\",\"url\":\"https:\\\/\\\/labonnepointure.re\\\/\",\"logo\":{\"@type\":\"ImageObject\",\"inLanguage\":\"fr-FR\",\"@id\":\"https:\\\/\\\/labonnepointure.re\\\/#\\\/schema\\\/logo\\\/image\\\/\",\"url\":\"https:\\\/\\\/labonnepointure.re\\\/wp-content\\\/uploads\\\/2024\\\/05\\\/cropped-Copie-de-post-instfb-13.png\",\"contentUrl\":\"https:\\\/\\\/labonnepointure.re\\\/wp-content\\\/uploads\\\/2024\\\/05\\\/cropped-Copie-de-post-instfb-13.png\",\"width\":512,\"height\":512,\"caption\":\"La Bonne Pointure R\u00e9union\"},\"image\":{\"@id\":\"https:\\\/\\\/labonnepointure.re\\\/#\\\/schema\\\/logo\\\/image\\\/\"},\"sameAs\":[\"https:\\\/\\\/www.facebook.com\\\/LaBonnePointure974\",\"https:\\\/\\\/www.instagram.com\\\/labonnepointure_run\\\/\"]}]}<\/script>\n<!-- \/ Yoast SEO plugin. -->","yoast_head_json":{"title":"FIHUN - La Bonne Pointure","robots":{"index":"index","follow":"follow","max-snippet":"max-snippet:-1","max-image-preview":"max-image-preview:large","max-video-preview":"max-video-preview:-1"},"canonical":"https:\/\/labonnepointure.re\/index.php\/produit\/fihun\/","og_locale":"fr_FR","og_type":"article","og_title":"FIHUN - La Bonne Pointure","og_description":"Mod\u00e8le : Claquette \u00e0 bride large Dessus \/ Tige : Mati\u00e8re synth\u00e9tique Doublure : Mati\u00e8re synth\u00e9tique Semelle int\u00e9rieure : Mati\u00e8re synth\u00e9tique lisse avec couture apparente Semelle ext\u00e9rieure : Mati\u00e8re synth\u00e9tique souple et antid\u00e9rapante","og_url":"https:\/\/labonnepointure.re\/index.php\/produit\/fihun\/","og_site_name":"La Bonne Pointure","article_publisher":"https:\/\/www.facebook.com\/LaBonnePointure974","article_modified_time":"2025-09-24T10:57:59+00:00","og_image":[{"width":1920,"height":2560,"url":"https:\/\/labonnepointure.re\/wp-content\/uploads\/2025\/09\/IMG_5187-scaled.webp","type":"image\/webp"}],"twitter_card":"summary_large_image","twitter_misc":{"Dur\u00e9e de lecture estim\u00e9e":"1 minute"},"schema":{"@context":"https:\/\/schema.org","@graph":[{"@type":"WebPage","@id":"https:\/\/labonnepointure.re\/index.php\/produit\/fihun\/","url":"https:\/\/labonnepointure.re\/index.php\/produit\/fihun\/","name":"FIHUN - La Bonne Pointure","isPartOf":{"@id":"https:\/\/labonnepointure.re\/#website"},"primaryImageOfPage":{"@id":"https:\/\/labonnepointure.re\/index.php\/produit\/fihun\/#primaryimage"},"image":{"@id":"https:\/\/labonnepointure.re\/index.php\/produit\/fihun\/#primaryimage"},"thumbnailUrl":"https:\/\/labonnepointure.re\/wp-content\/uploads\/2025\/09\/IMG_5187-scaled.webp","datePublished":"2025-09-11T11:28:30+00:00","dateModified":"2025-09-24T10:57:59+00:00","breadcrumb":{"@id":"https:\/\/labonnepointure.re\/index.php\/produit\/fihun\/#breadcrumb"},"inLanguage":"fr-FR","potentialAction":[{"@type":"ReadAction","target":["https:\/\/labonnepointure.re\/index.php\/produit\/fihun\/"]}]},{"@type":"ImageObject","inLanguage":"fr-FR","@id":"https:\/\/labonnepointure.re\/index.php\/produit\/fihun\/#primaryimage","url":"https:\/\/labonnepointure.re\/wp-content\/uploads\/2025\/09\/IMG_5187-scaled.webp","contentUrl":"https:\/\/labonnepointure.re\/wp-content\/uploads\/2025\/09\/IMG_5187-scaled.webp","width":1920,"height":2560,"caption":"mod\u00e8le de claquette l\u00e9opard \u00e0 la bonne pointure r\u00e9union"},{"@type":"BreadcrumbList","@id":"https:\/\/labonnepointure.re\/index.php\/produit\/fihun\/#breadcrumb","itemListElement":[{"@type":"ListItem","position":1,"name":"Accueil","item":"https:\/\/labonnepointure.re\/"},{"@type":"ListItem","position":2,"name":"FEMME &#8211; TALONS","item":"https:\/\/labonnepointure.re\/index.php\/femme-talons\/"},{"@type":"ListItem","position":3,"name":"FIHUN"}]},{"@type":"WebSite","@id":"https:\/\/labonnepointure.re\/#website","url":"https:\/\/labonnepointure.re\/","name":"La Bonne Pointure R\u00e9union","description":"La Bonne Pointure votre marque 100% r\u00e9unionnaise","publisher":{"@id":"https:\/\/labonnepointure.re\/#organization"},"potentialAction":[{"@type":"SearchAction","target":{"@type":"EntryPoint","urlTemplate":"https:\/\/labonnepointure.re\/?s={search_term_string}"},"query-input":{"@type":"PropertyValueSpecification","valueRequired":true,"valueName":"search_term_string"}}],"inLanguage":"fr-FR"},{"@type":"Organization","@id":"https:\/\/labonnepointure.re\/#organization","name":"La Bonne Pointure R\u00e9union","alternateName":"La Bonne Pointure","url":"https:\/\/labonnepointure.re\/","logo":{"@type":"ImageObject","inLanguage":"fr-FR","@id":"https:\/\/labonnepointure.re\/#\/schema\/logo\/image\/","url":"https:\/\/labonnepointure.re\/wp-content\/uploads\/2024\/05\/cropped-Copie-de-post-instfb-13.png","contentUrl":"https:\/\/labonnepointure.re\/wp-content\/uploads\/2024\/05\/cropped-Copie-de-post-instfb-13.png","width":512,"height":512,"caption":"La Bonne Pointure R\u00e9union"},"image":{"@id":"https:\/\/labonnepointure.re\/#\/schema\/logo\/image\/"},"sameAs":["https:\/\/www.facebook.com\/LaBonnePointure974","https:\/\/www.instagram.com\/labonnepointure_run\/"]}]}},"_links":{"self":[{"href":"https:\/\/labonnepointure.re\/index.php\/wp-json\/wp\/v2\/product\/18285","targetHints":{"allow":["GET"]}}],"collection":[{"href":"https:\/\/labonnepointure.re\/index.php\/wp-json\/wp\/v2\/product"}],"about":[{"href":"https:\/\/labonnepointure.re\/index.php\/wp-json\/wp\/v2\/types\/product"}],"replies":[{"embeddable":true,"href":"https:\/\/labonnepointure.re\/index.php\/wp-json\/wp\/v2\/comments?post=18285"}],"version-history":[{"count":2,"href":"https:\/\/labonnepointure.re\/index.php\/wp-json\/wp\/v2\/product\/18285\/revisions"}],"predecessor-version":[{"id":18318,"href":"https:\/\/labonnepointure.re\/index.php\/wp-json\/wp\/v2\/product\/18285\/revisions\/18318"}],"wp:featuredmedia":[{"embeddable":true,"href":"https:\/\/labonnepointure.re\/index.php\/wp-json\/wp\/v2\/media\/18314"}],"wp:attachment":[{"href":"https:\/\/labonnepointure.re\/index.php\/wp-json\/wp\/v2\/media?parent=18285"}],"wp:term":[{"taxonomy":"product_brand","embeddable":true,"href":"https:\/\/labonnepointure.re\/index.php\/wp-json\/wp\/v2\/product_brand?post=18285"},{"taxonomy":"product_cat","embeddable":true,"href":"https:\/\/labonnepointure.re\/index.php\/wp-json\/wp\/v2\/product_cat?post=18285"},{"taxonomy":"product_tag","embeddable":true,"href":"https:\/\/labonnepointure.re\/index.php\/wp-json\/wp\/v2\/product_tag?post=18285"}],"curies":[{"name":"wp","href":"https:\/\/api.w.org\/{rel}","templated":true}]}}