{"id":17445,"date":"2026-02-17T10:29:41","date_gmt":"2026-02-17T06:29:41","guid":{"rendered":"https:\/\/labonnepointure.re\/?post_type=product&#038;p=17445"},"modified":"2026-02-17T08:53:19","modified_gmt":"2026-02-17T04:53:19","slug":"cnc","status":"publish","type":"product","link":"https:\/\/labonnepointure.re\/index.php\/produit\/cnc\/","title":{"rendered":"Sandale confort \u00e0 bride"},"content":{"rendered":"<h3 data-start=\"79\" data-end=\"137\"><strong data-start=\"83\" data-end=\"135\">Sandale confort \u00e0 bride \u2013 Style \u00e9pur\u00e9 et moderne<\/strong><\/h3>\n<p data-start=\"139\" data-end=\"408\">Cette sandale blanche minimaliste est con\u00e7ue pour allier confort et style. Dot\u00e9e d\u2019une semelle ergonomique et d\u2019une bride r\u00e9glable, elle offre un maintien optimal et un look intemporel. Id\u00e9ale pour les journ\u00e9es d\u2019\u00e9t\u00e9, que ce soit \u00e0 la maison, en ville ou en vacances.<\/p>\n<p data-start=\"410\" data-end=\"430\"><strong data-start=\"410\" data-end=\"428\">Points forts :<\/strong><\/p>\n<ul data-start=\"431\" data-end=\"684\">\n<li data-start=\"431\" data-end=\"493\">\n<p data-start=\"433\" data-end=\"493\">Bride r\u00e9glable avec boucle pour un ajustement personnalis\u00e9<\/p>\n<\/li>\n<li data-start=\"494\" data-end=\"547\">\n<p data-start=\"496\" data-end=\"547\">Entre-doigt ergonomique pour un maintien agr\u00e9able<\/p>\n<\/li>\n<li data-start=\"548\" data-end=\"623\">\n<p data-start=\"550\" data-end=\"623\">Semelle int\u00e9rieure confortable, fa\u00e7on li\u00e8ge, adapt\u00e9e \u00e0 un port prolong\u00e9<\/p>\n<\/li>\n<li data-start=\"624\" data-end=\"684\">\n<p data-start=\"626\" data-end=\"684\">Style minimaliste<\/p>\n<\/li>\n<\/ul>\n","protected":false},"excerpt":{"rendered":"<ul>\n<li data-start=\"717\" data-end=\"774\">\n<p data-start=\"719\" data-end=\"774\"><strong data-start=\"719\" data-end=\"731\">Mod\u00e8le :<\/strong> Sandale confort unisexe \u00e0 bride r\u00e9glable<\/p>\n<\/li>\n<li data-start=\"775\" data-end=\"798\">\n<p data-start=\"777\" data-end=\"798\"><strong data-start=\"777\" data-end=\"790\">Coloris :<\/strong> Blanc<\/p>\n<\/li>\n<li data-start=\"799\" data-end=\"848\">\n<p data-start=\"801\" data-end=\"848\"><strong data-start=\"801\" data-end=\"820\">Dessus \/ Tige :<\/strong> Mati\u00e8re synth\u00e9tique lisse<\/p>\n<\/li>\n<li data-start=\"849\" data-end=\"909\">\n<p data-start=\"851\" data-end=\"909\"><strong data-start=\"851\" data-end=\"875\">Semelle int\u00e9rieure :<\/strong> Confort ergonomique fa\u00e7on li\u00e8ge<\/p>\n<\/li>\n<li data-start=\"910\" data-end=\"972\">\n<p data-start=\"912\" data-end=\"972\"><strong data-start=\"912\" data-end=\"936\">Semelle ext\u00e9rieure :<\/strong> Mati\u00e8re synth\u00e9tique antid\u00e9rapante<\/p>\n<\/li>\n<li data-start=\"973\" data-end=\"1019\">\n<p data-start=\"975\" data-end=\"1019\"><strong data-start=\"975\" data-end=\"990\">Fermeture :<\/strong> Bride r\u00e9glable avec boucle<\/p>\n<\/li>\n<li data-start=\"1020\" data-end=\"1064\">\n<p data-start=\"1022\" data-end=\"1064\"><strong data-start=\"1022\" data-end=\"1033\">Usage :<\/strong> Quotidien, d\u00e9tente, vacances<\/p>\n<\/li>\n<\/ul>\n","protected":false},"featured_media":17424,"comment_status":"open","ping_status":"closed","template":"","meta":[],"product_brand":[],"product_cat":[304,162,157,158],"product_tag":[177,202,188,187],"class_list":{"0":"post-17445","1":"product","2":"type-product","3":"status-publish","4":"has-post-thumbnail","6":"product_cat-claquette-3","7":"product_cat-claquette","8":"product_cat-femme","9":"product_cat-homme","10":"product_tag-claquette","11":"product_tag-claquette-homme","12":"product_tag-femme","13":"product_tag-homme","15":"first","16":"instock","17":"taxable","18":"shipping-taxable","19":"purchasable","20":"product-type-variable","21":"add-to-wishlist-before_image"},"yoast_head":"<!-- This site is optimized with the Yoast SEO plugin v27.3 - https:\/\/yoast.com\/product\/yoast-seo-wordpress\/ -->\n<title>Sandale confort \u00e0 bride - La Bonne Pointure<\/title>\n<meta name=\"robots\" content=\"index, follow, max-snippet:-1, max-image-preview:large, max-video-preview:-1\" \/>\n<link rel=\"canonical\" href=\"https:\/\/labonnepointure.re\/index.php\/produit\/cnc\/\" \/>\n<meta property=\"og:locale\" content=\"fr_FR\" \/>\n<meta property=\"og:type\" content=\"article\" \/>\n<meta property=\"og:title\" content=\"Sandale confort \u00e0 bride - La Bonne Pointure\" \/>\n<meta property=\"og:description\" content=\"Mod\u00e8le : Sandale confort unisexe \u00e0 bride r\u00e9glable    Coloris : Blanc    Dessus \/ Tige : Mati\u00e8re synth\u00e9tique lisse    Semelle int\u00e9rieure : Confort ergonomique fa\u00e7on li\u00e8ge    Semelle ext\u00e9rieure : Mati\u00e8re synth\u00e9tique antid\u00e9rapante    Fermeture : Bride r\u00e9glable avec boucle    Usage : Quotidien, d\u00e9tente, vacances\" \/>\n<meta property=\"og:url\" content=\"https:\/\/labonnepointure.re\/index.php\/produit\/cnc\/\" \/>\n<meta property=\"og:site_name\" content=\"La Bonne Pointure\" \/>\n<meta property=\"article:publisher\" content=\"https:\/\/www.facebook.com\/LaBonnePointure974\" \/>\n<meta property=\"og:image\" content=\"https:\/\/labonnepointure.re\/wp-content\/uploads\/2025\/07\/ChatGPT-Image-24-juil.-2025-a-09_27_38.webp\" \/>\n\t<meta property=\"og:image:width\" content=\"1024\" \/>\n\t<meta property=\"og:image:height\" content=\"1536\" \/>\n\t<meta property=\"og:image:type\" content=\"image\/webp\" \/>\n<meta name=\"twitter:card\" content=\"summary_large_image\" \/>\n<meta name=\"twitter:label1\" content=\"Dur\u00e9e de lecture estim\u00e9e\" \/>\n\t<meta name=\"twitter:data1\" content=\"1 minute\" \/>\n<script type=\"application\/ld+json\" class=\"yoast-schema-graph\">{\"@context\":\"https:\\\/\\\/schema.org\",\"@graph\":[{\"@type\":\"WebPage\",\"@id\":\"https:\\\/\\\/labonnepointure.re\\\/index.php\\\/produit\\\/cnc\\\/\",\"url\":\"https:\\\/\\\/labonnepointure.re\\\/index.php\\\/produit\\\/cnc\\\/\",\"name\":\"Sandale confort \u00e0 bride - La Bonne Pointure\",\"isPartOf\":{\"@id\":\"https:\\\/\\\/labonnepointure.re\\\/#website\"},\"primaryImageOfPage\":{\"@id\":\"https:\\\/\\\/labonnepointure.re\\\/index.php\\\/produit\\\/cnc\\\/#primaryimage\"},\"image\":{\"@id\":\"https:\\\/\\\/labonnepointure.re\\\/index.php\\\/produit\\\/cnc\\\/#primaryimage\"},\"thumbnailUrl\":\"https:\\\/\\\/labonnepointure.re\\\/wp-content\\\/uploads\\\/2025\\\/07\\\/ChatGPT-Image-24-juil.-2025-a-09_27_38.webp\",\"datePublished\":\"2026-02-17T06:29:41+00:00\",\"breadcrumb\":{\"@id\":\"https:\\\/\\\/labonnepointure.re\\\/index.php\\\/produit\\\/cnc\\\/#breadcrumb\"},\"inLanguage\":\"fr-FR\",\"potentialAction\":[{\"@type\":\"ReadAction\",\"target\":[\"https:\\\/\\\/labonnepointure.re\\\/index.php\\\/produit\\\/cnc\\\/\"]}]},{\"@type\":\"ImageObject\",\"inLanguage\":\"fr-FR\",\"@id\":\"https:\\\/\\\/labonnepointure.re\\\/index.php\\\/produit\\\/cnc\\\/#primaryimage\",\"url\":\"https:\\\/\\\/labonnepointure.re\\\/wp-content\\\/uploads\\\/2025\\\/07\\\/ChatGPT-Image-24-juil.-2025-a-09_27_38.webp\",\"contentUrl\":\"https:\\\/\\\/labonnepointure.re\\\/wp-content\\\/uploads\\\/2025\\\/07\\\/ChatGPT-Image-24-juil.-2025-a-09_27_38.webp\",\"width\":1024,\"height\":1536,\"caption\":\"claquette mixte de la pointure r\u00e9union\"},{\"@type\":\"BreadcrumbList\",\"@id\":\"https:\\\/\\\/labonnepointure.re\\\/index.php\\\/produit\\\/cnc\\\/#breadcrumb\",\"itemListElement\":[{\"@type\":\"ListItem\",\"position\":1,\"name\":\"Accueil\",\"item\":\"https:\\\/\\\/labonnepointure.re\\\/\"},{\"@type\":\"ListItem\",\"position\":2,\"name\":\"FEMME &#8211; TALONS\",\"item\":\"https:\\\/\\\/labonnepointure.re\\\/index.php\\\/femme-talons\\\/\"},{\"@type\":\"ListItem\",\"position\":3,\"name\":\"Sandale confort \u00e0 bride\"}]},{\"@type\":\"WebSite\",\"@id\":\"https:\\\/\\\/labonnepointure.re\\\/#website\",\"url\":\"https:\\\/\\\/labonnepointure.re\\\/\",\"name\":\"La Bonne Pointure R\u00e9union\",\"description\":\"La Bonne Pointure votre marque 100% r\u00e9unionnaise\",\"publisher\":{\"@id\":\"https:\\\/\\\/labonnepointure.re\\\/#organization\"},\"potentialAction\":[{\"@type\":\"SearchAction\",\"target\":{\"@type\":\"EntryPoint\",\"urlTemplate\":\"https:\\\/\\\/labonnepointure.re\\\/?s={search_term_string}\"},\"query-input\":{\"@type\":\"PropertyValueSpecification\",\"valueRequired\":true,\"valueName\":\"search_term_string\"}}],\"inLanguage\":\"fr-FR\"},{\"@type\":\"Organization\",\"@id\":\"https:\\\/\\\/labonnepointure.re\\\/#organization\",\"name\":\"La Bonne Pointure R\u00e9union\",\"alternateName\":\"La Bonne Pointure\",\"url\":\"https:\\\/\\\/labonnepointure.re\\\/\",\"logo\":{\"@type\":\"ImageObject\",\"inLanguage\":\"fr-FR\",\"@id\":\"https:\\\/\\\/labonnepointure.re\\\/#\\\/schema\\\/logo\\\/image\\\/\",\"url\":\"https:\\\/\\\/labonnepointure.re\\\/wp-content\\\/uploads\\\/2024\\\/05\\\/cropped-Copie-de-post-instfb-13.png\",\"contentUrl\":\"https:\\\/\\\/labonnepointure.re\\\/wp-content\\\/uploads\\\/2024\\\/05\\\/cropped-Copie-de-post-instfb-13.png\",\"width\":512,\"height\":512,\"caption\":\"La Bonne Pointure R\u00e9union\"},\"image\":{\"@id\":\"https:\\\/\\\/labonnepointure.re\\\/#\\\/schema\\\/logo\\\/image\\\/\"},\"sameAs\":[\"https:\\\/\\\/www.facebook.com\\\/LaBonnePointure974\",\"https:\\\/\\\/www.instagram.com\\\/labonnepointure_run\\\/\"]}]}<\/script>\n<!-- \/ Yoast SEO plugin. -->","yoast_head_json":{"title":"Sandale confort \u00e0 bride - La Bonne Pointure","robots":{"index":"index","follow":"follow","max-snippet":"max-snippet:-1","max-image-preview":"max-image-preview:large","max-video-preview":"max-video-preview:-1"},"canonical":"https:\/\/labonnepointure.re\/index.php\/produit\/cnc\/","og_locale":"fr_FR","og_type":"article","og_title":"Sandale confort \u00e0 bride - La Bonne Pointure","og_description":"Mod\u00e8le : Sandale confort unisexe \u00e0 bride r\u00e9glable    Coloris : Blanc    Dessus \/ Tige : Mati\u00e8re synth\u00e9tique lisse    Semelle int\u00e9rieure : Confort ergonomique fa\u00e7on li\u00e8ge    Semelle ext\u00e9rieure : Mati\u00e8re synth\u00e9tique antid\u00e9rapante    Fermeture : Bride r\u00e9glable avec boucle    Usage : Quotidien, d\u00e9tente, vacances","og_url":"https:\/\/labonnepointure.re\/index.php\/produit\/cnc\/","og_site_name":"La Bonne Pointure","article_publisher":"https:\/\/www.facebook.com\/LaBonnePointure974","og_image":[{"width":1024,"height":1536,"url":"https:\/\/labonnepointure.re\/wp-content\/uploads\/2025\/07\/ChatGPT-Image-24-juil.-2025-a-09_27_38.webp","type":"image\/webp"}],"twitter_card":"summary_large_image","twitter_misc":{"Dur\u00e9e de lecture estim\u00e9e":"1 minute"},"schema":{"@context":"https:\/\/schema.org","@graph":[{"@type":"WebPage","@id":"https:\/\/labonnepointure.re\/index.php\/produit\/cnc\/","url":"https:\/\/labonnepointure.re\/index.php\/produit\/cnc\/","name":"Sandale confort \u00e0 bride - La Bonne Pointure","isPartOf":{"@id":"https:\/\/labonnepointure.re\/#website"},"primaryImageOfPage":{"@id":"https:\/\/labonnepointure.re\/index.php\/produit\/cnc\/#primaryimage"},"image":{"@id":"https:\/\/labonnepointure.re\/index.php\/produit\/cnc\/#primaryimage"},"thumbnailUrl":"https:\/\/labonnepointure.re\/wp-content\/uploads\/2025\/07\/ChatGPT-Image-24-juil.-2025-a-09_27_38.webp","datePublished":"2026-02-17T06:29:41+00:00","breadcrumb":{"@id":"https:\/\/labonnepointure.re\/index.php\/produit\/cnc\/#breadcrumb"},"inLanguage":"fr-FR","potentialAction":[{"@type":"ReadAction","target":["https:\/\/labonnepointure.re\/index.php\/produit\/cnc\/"]}]},{"@type":"ImageObject","inLanguage":"fr-FR","@id":"https:\/\/labonnepointure.re\/index.php\/produit\/cnc\/#primaryimage","url":"https:\/\/labonnepointure.re\/wp-content\/uploads\/2025\/07\/ChatGPT-Image-24-juil.-2025-a-09_27_38.webp","contentUrl":"https:\/\/labonnepointure.re\/wp-content\/uploads\/2025\/07\/ChatGPT-Image-24-juil.-2025-a-09_27_38.webp","width":1024,"height":1536,"caption":"claquette mixte de la pointure r\u00e9union"},{"@type":"BreadcrumbList","@id":"https:\/\/labonnepointure.re\/index.php\/produit\/cnc\/#breadcrumb","itemListElement":[{"@type":"ListItem","position":1,"name":"Accueil","item":"https:\/\/labonnepointure.re\/"},{"@type":"ListItem","position":2,"name":"FEMME &#8211; TALONS","item":"https:\/\/labonnepointure.re\/index.php\/femme-talons\/"},{"@type":"ListItem","position":3,"name":"Sandale confort \u00e0 bride"}]},{"@type":"WebSite","@id":"https:\/\/labonnepointure.re\/#website","url":"https:\/\/labonnepointure.re\/","name":"La Bonne Pointure R\u00e9union","description":"La Bonne Pointure votre marque 100% r\u00e9unionnaise","publisher":{"@id":"https:\/\/labonnepointure.re\/#organization"},"potentialAction":[{"@type":"SearchAction","target":{"@type":"EntryPoint","urlTemplate":"https:\/\/labonnepointure.re\/?s={search_term_string}"},"query-input":{"@type":"PropertyValueSpecification","valueRequired":true,"valueName":"search_term_string"}}],"inLanguage":"fr-FR"},{"@type":"Organization","@id":"https:\/\/labonnepointure.re\/#organization","name":"La Bonne Pointure R\u00e9union","alternateName":"La Bonne Pointure","url":"https:\/\/labonnepointure.re\/","logo":{"@type":"ImageObject","inLanguage":"fr-FR","@id":"https:\/\/labonnepointure.re\/#\/schema\/logo\/image\/","url":"https:\/\/labonnepointure.re\/wp-content\/uploads\/2024\/05\/cropped-Copie-de-post-instfb-13.png","contentUrl":"https:\/\/labonnepointure.re\/wp-content\/uploads\/2024\/05\/cropped-Copie-de-post-instfb-13.png","width":512,"height":512,"caption":"La Bonne Pointure R\u00e9union"},"image":{"@id":"https:\/\/labonnepointure.re\/#\/schema\/logo\/image\/"},"sameAs":["https:\/\/www.facebook.com\/LaBonnePointure974","https:\/\/www.instagram.com\/labonnepointure_run\/"]}]}},"_links":{"self":[{"href":"https:\/\/labonnepointure.re\/index.php\/wp-json\/wp\/v2\/product\/17445","targetHints":{"allow":["GET"]}}],"collection":[{"href":"https:\/\/labonnepointure.re\/index.php\/wp-json\/wp\/v2\/product"}],"about":[{"href":"https:\/\/labonnepointure.re\/index.php\/wp-json\/wp\/v2\/types\/product"}],"replies":[{"embeddable":true,"href":"https:\/\/labonnepointure.re\/index.php\/wp-json\/wp\/v2\/comments?post=17445"}],"version-history":[{"count":3,"href":"https:\/\/labonnepointure.re\/index.php\/wp-json\/wp\/v2\/product\/17445\/revisions"}],"predecessor-version":[{"id":22938,"href":"https:\/\/labonnepointure.re\/index.php\/wp-json\/wp\/v2\/product\/17445\/revisions\/22938"}],"wp:featuredmedia":[{"embeddable":true,"href":"https:\/\/labonnepointure.re\/index.php\/wp-json\/wp\/v2\/media\/17424"}],"wp:attachment":[{"href":"https:\/\/labonnepointure.re\/index.php\/wp-json\/wp\/v2\/media?parent=17445"}],"wp:term":[{"taxonomy":"product_brand","embeddable":true,"href":"https:\/\/labonnepointure.re\/index.php\/wp-json\/wp\/v2\/product_brand?post=17445"},{"taxonomy":"product_cat","embeddable":true,"href":"https:\/\/labonnepointure.re\/index.php\/wp-json\/wp\/v2\/product_cat?post=17445"},{"taxonomy":"product_tag","embeddable":true,"href":"https:\/\/labonnepointure.re\/index.php\/wp-json\/wp\/v2\/product_tag?post=17445"}],"curies":[{"name":"wp","href":"https:\/\/api.w.org\/{rel}","templated":true}]}}