{"id":12631,"date":"2025-05-28T12:38:43","date_gmt":"2025-05-28T08:38:43","guid":{"rendered":"https:\/\/labonnepointure.re\/?post_type=product&#038;p=12631"},"modified":"2026-02-16T13:35:05","modified_gmt":"2026-02-16T09:35:05","slug":"zahi","status":"publish","type":"product","link":"https:\/\/labonnepointure.re\/index.php\/produit\/zahi\/","title":{"rendered":"ZAHI"},"content":{"rendered":"<h3 data-start=\"64\" data-end=\"124\"><strong data-start=\"68\" data-end=\"124\">Sandale dor\u00e9e tress\u00e9e \u2013 Chic et facile \u00e0 porter \ud83c\udf1e\ud83d\udc63<\/strong><\/h3>\n<p data-start=\"126\" data-end=\"329\">\u00c9l\u00e9gante et lumineuse, cette sandale dor\u00e9e s\u00e9duit par ses brides larges tress\u00e9es et son allure intemporelle.<br data-start=\"234\" data-end=\"237\" \/>C\u2019est le mod\u00e8le parfait pour accompagner les petites comme les grandes occasions estivales !<\/p>\n<p data-start=\"331\" data-end=\"633\"><strong data-start=\"331\" data-end=\"350\">Ce qu\u2019on aime :<\/strong><br data-start=\"350\" data-end=\"353\" \/>\u2022 Tressage styl\u00e9 \u00e0 l\u2019avant pour un effet travaill\u00e9 \ud83d\udc61<br data-start=\"406\" data-end=\"409\" \/>\u2022 Coloris dor\u00e9 lumineux qui s\u2019associe \u00e0 tout \ud83d\udcab<br data-start=\"456\" data-end=\"459\" \/>\u2022 Bride arri\u00e8re r\u00e9glable pour un bon maintien \ud83d\udc4c<br data-start=\"507\" data-end=\"510\" \/>\u2022 Semelle confortable id\u00e9ale pour les journ\u00e9es bien remplies \ud83e\uddd8\u200d\u2640\ufe0f<br data-start=\"576\" data-end=\"579\" \/>\u2022 Se marie \u00e0 merveille avec robes, jeans ou jupes \ud83d\udc57\ud83d\udc56<\/p>\n","protected":false},"excerpt":{"rendered":"<p>\u2022 <strong data-start=\"32\" data-end=\"44\">Mod\u00e8le :<\/strong> Sandale plate au design \u00e9pur\u00e9 et crois\u00e9, id\u00e9ale pour les journ\u00e9es estivales<br data-start=\"120\" data-end=\"123\" \/>\u2022 <strong data-start=\"125\" data-end=\"144\">Dessus \/ Tige :<\/strong> Mati\u00e8re synth\u00e9tique souple avec lani\u00e8res entrecrois\u00e9es sur le dessus du pied<br data-start=\"221\" data-end=\"224\" \/>\u2022 <strong data-start=\"226\" data-end=\"240\">Doublure :<\/strong> Lisse et confortable, con\u00e7ue pour un port prolong\u00e9 sans g\u00eane<br data-start=\"301\" data-end=\"304\" \/>\u2022 <strong data-start=\"306\" data-end=\"330\">Semelle int\u00e9rieure :<\/strong> Plate et l\u00e9g\u00e8rement rembourr\u00e9e pour un bon confort de marche<br data-start=\"391\" data-end=\"394\" \/>\u2022 <strong data-start=\"396\" data-end=\"420\">Semelle ext\u00e9rieure :<\/strong> Fine et flexible avec effet antid\u00e9rapant discret<br data-start=\"469\" data-end=\"472\" \/>\u2022 <strong data-start=\"474\" data-end=\"489\">Fermeture :<\/strong> Bride fine r\u00e9glable \u00e0 boucle m\u00e9tallique pour un maintien optimal<\/p>\n","protected":false},"featured_media":13092,"comment_status":"open","ping_status":"closed","template":"","meta":[],"product_brand":[],"product_cat":[166,160],"product_tag":[186,178],"class_list":{"0":"post-12631","1":"product","2":"type-product","3":"status-publish","4":"has-post-thumbnail","6":"product_cat-fille","7":"product_cat-sandale","8":"product_tag-fille","9":"product_tag-sandale","11":"first","12":"instock","13":"sale","14":"taxable","15":"shipping-taxable","16":"purchasable","17":"product-type-variable","18":"add-to-wishlist-before_image"},"yoast_head":"<!-- This site is optimized with the Yoast SEO plugin v27.3 - https:\/\/yoast.com\/product\/yoast-seo-wordpress\/ -->\n<title>ZAHI - La Bonne Pointure<\/title>\n<meta name=\"robots\" content=\"index, follow, max-snippet:-1, max-image-preview:large, max-video-preview:-1\" \/>\n<link rel=\"canonical\" href=\"https:\/\/labonnepointure.re\/index.php\/produit\/zahi\/\" \/>\n<meta property=\"og:locale\" content=\"fr_FR\" \/>\n<meta property=\"og:type\" content=\"article\" \/>\n<meta property=\"og:title\" content=\"ZAHI - La Bonne Pointure\" \/>\n<meta property=\"og:description\" content=\"\u2022 Mod\u00e8le : Sandale plate au design \u00e9pur\u00e9 et crois\u00e9, id\u00e9ale pour les journ\u00e9es estivales\u2022 Dessus \/ Tige : Mati\u00e8re synth\u00e9tique souple avec lani\u00e8res entrecrois\u00e9es sur le dessus du pied\u2022 Doublure : Lisse et confortable, con\u00e7ue pour un port prolong\u00e9 sans g\u00eane\u2022 Semelle int\u00e9rieure : Plate et l\u00e9g\u00e8rement rembourr\u00e9e pour un bon confort de marche\u2022 Semelle ext\u00e9rieure : Fine et flexible avec effet antid\u00e9rapant discret\u2022 Fermeture : Bride fine r\u00e9glable \u00e0 boucle m\u00e9tallique pour un maintien optimal\" \/>\n<meta property=\"og:url\" content=\"https:\/\/labonnepointure.re\/index.php\/produit\/zahi\/\" \/>\n<meta property=\"og:site_name\" content=\"La Bonne Pointure\" \/>\n<meta property=\"article:publisher\" content=\"https:\/\/www.facebook.com\/LaBonnePointure974\" \/>\n<meta property=\"article:modified_time\" content=\"2026-02-16T09:35:05+00:00\" \/>\n<meta property=\"og:image\" content=\"https:\/\/labonnepointure.re\/wp-content\/uploads\/2025\/06\/77-scaled.webp\" \/>\n\t<meta property=\"og:image:width\" content=\"1920\" \/>\n\t<meta property=\"og:image:height\" content=\"2560\" \/>\n\t<meta property=\"og:image:type\" content=\"image\/webp\" \/>\n<meta name=\"twitter:card\" content=\"summary_large_image\" \/>\n<meta name=\"twitter:label1\" content=\"Dur\u00e9e de lecture estim\u00e9e\" \/>\n\t<meta name=\"twitter:data1\" content=\"1 minute\" \/>\n<script type=\"application\/ld+json\" class=\"yoast-schema-graph\">{\"@context\":\"https:\\\/\\\/schema.org\",\"@graph\":[{\"@type\":\"WebPage\",\"@id\":\"https:\\\/\\\/labonnepointure.re\\\/index.php\\\/produit\\\/zahi\\\/\",\"url\":\"https:\\\/\\\/labonnepointure.re\\\/index.php\\\/produit\\\/zahi\\\/\",\"name\":\"ZAHI - La Bonne Pointure\",\"isPartOf\":{\"@id\":\"https:\\\/\\\/labonnepointure.re\\\/#website\"},\"primaryImageOfPage\":{\"@id\":\"https:\\\/\\\/labonnepointure.re\\\/index.php\\\/produit\\\/zahi\\\/#primaryimage\"},\"image\":{\"@id\":\"https:\\\/\\\/labonnepointure.re\\\/index.php\\\/produit\\\/zahi\\\/#primaryimage\"},\"thumbnailUrl\":\"https:\\\/\\\/labonnepointure.re\\\/wp-content\\\/uploads\\\/2025\\\/06\\\/77-scaled.webp\",\"datePublished\":\"2025-05-28T08:38:43+00:00\",\"dateModified\":\"2026-02-16T09:35:05+00:00\",\"breadcrumb\":{\"@id\":\"https:\\\/\\\/labonnepointure.re\\\/index.php\\\/produit\\\/zahi\\\/#breadcrumb\"},\"inLanguage\":\"fr-FR\",\"potentialAction\":[{\"@type\":\"ReadAction\",\"target\":[\"https:\\\/\\\/labonnepointure.re\\\/index.php\\\/produit\\\/zahi\\\/\"]}]},{\"@type\":\"ImageObject\",\"inLanguage\":\"fr-FR\",\"@id\":\"https:\\\/\\\/labonnepointure.re\\\/index.php\\\/produit\\\/zahi\\\/#primaryimage\",\"url\":\"https:\\\/\\\/labonnepointure.re\\\/wp-content\\\/uploads\\\/2025\\\/06\\\/77-scaled.webp\",\"contentUrl\":\"https:\\\/\\\/labonnepointure.re\\\/wp-content\\\/uploads\\\/2025\\\/06\\\/77-scaled.webp\",\"width\":1920,\"height\":2560},{\"@type\":\"BreadcrumbList\",\"@id\":\"https:\\\/\\\/labonnepointure.re\\\/index.php\\\/produit\\\/zahi\\\/#breadcrumb\",\"itemListElement\":[{\"@type\":\"ListItem\",\"position\":1,\"name\":\"Accueil\",\"item\":\"https:\\\/\\\/labonnepointure.re\\\/\"},{\"@type\":\"ListItem\",\"position\":2,\"name\":\"FEMME &#8211; TALONS\",\"item\":\"https:\\\/\\\/labonnepointure.re\\\/index.php\\\/femme-talons\\\/\"},{\"@type\":\"ListItem\",\"position\":3,\"name\":\"ZAHI\"}]},{\"@type\":\"WebSite\",\"@id\":\"https:\\\/\\\/labonnepointure.re\\\/#website\",\"url\":\"https:\\\/\\\/labonnepointure.re\\\/\",\"name\":\"La Bonne Pointure R\u00e9union\",\"description\":\"La Bonne Pointure votre marque 100% r\u00e9unionnaise\",\"publisher\":{\"@id\":\"https:\\\/\\\/labonnepointure.re\\\/#organization\"},\"potentialAction\":[{\"@type\":\"SearchAction\",\"target\":{\"@type\":\"EntryPoint\",\"urlTemplate\":\"https:\\\/\\\/labonnepointure.re\\\/?s={search_term_string}\"},\"query-input\":{\"@type\":\"PropertyValueSpecification\",\"valueRequired\":true,\"valueName\":\"search_term_string\"}}],\"inLanguage\":\"fr-FR\"},{\"@type\":\"Organization\",\"@id\":\"https:\\\/\\\/labonnepointure.re\\\/#organization\",\"name\":\"La Bonne Pointure R\u00e9union\",\"alternateName\":\"La Bonne Pointure\",\"url\":\"https:\\\/\\\/labonnepointure.re\\\/\",\"logo\":{\"@type\":\"ImageObject\",\"inLanguage\":\"fr-FR\",\"@id\":\"https:\\\/\\\/labonnepointure.re\\\/#\\\/schema\\\/logo\\\/image\\\/\",\"url\":\"https:\\\/\\\/labonnepointure.re\\\/wp-content\\\/uploads\\\/2024\\\/05\\\/cropped-Copie-de-post-instfb-13.png\",\"contentUrl\":\"https:\\\/\\\/labonnepointure.re\\\/wp-content\\\/uploads\\\/2024\\\/05\\\/cropped-Copie-de-post-instfb-13.png\",\"width\":512,\"height\":512,\"caption\":\"La Bonne Pointure R\u00e9union\"},\"image\":{\"@id\":\"https:\\\/\\\/labonnepointure.re\\\/#\\\/schema\\\/logo\\\/image\\\/\"},\"sameAs\":[\"https:\\\/\\\/www.facebook.com\\\/LaBonnePointure974\",\"https:\\\/\\\/www.instagram.com\\\/labonnepointure_run\\\/\"]}]}<\/script>\n<!-- \/ Yoast SEO plugin. -->","yoast_head_json":{"title":"ZAHI - La Bonne Pointure","robots":{"index":"index","follow":"follow","max-snippet":"max-snippet:-1","max-image-preview":"max-image-preview:large","max-video-preview":"max-video-preview:-1"},"canonical":"https:\/\/labonnepointure.re\/index.php\/produit\/zahi\/","og_locale":"fr_FR","og_type":"article","og_title":"ZAHI - La Bonne Pointure","og_description":"\u2022 Mod\u00e8le : Sandale plate au design \u00e9pur\u00e9 et crois\u00e9, id\u00e9ale pour les journ\u00e9es estivales\u2022 Dessus \/ Tige : Mati\u00e8re synth\u00e9tique souple avec lani\u00e8res entrecrois\u00e9es sur le dessus du pied\u2022 Doublure : Lisse et confortable, con\u00e7ue pour un port prolong\u00e9 sans g\u00eane\u2022 Semelle int\u00e9rieure : Plate et l\u00e9g\u00e8rement rembourr\u00e9e pour un bon confort de marche\u2022 Semelle ext\u00e9rieure : Fine et flexible avec effet antid\u00e9rapant discret\u2022 Fermeture : Bride fine r\u00e9glable \u00e0 boucle m\u00e9tallique pour un maintien optimal","og_url":"https:\/\/labonnepointure.re\/index.php\/produit\/zahi\/","og_site_name":"La Bonne Pointure","article_publisher":"https:\/\/www.facebook.com\/LaBonnePointure974","article_modified_time":"2026-02-16T09:35:05+00:00","og_image":[{"width":1920,"height":2560,"url":"https:\/\/labonnepointure.re\/wp-content\/uploads\/2025\/06\/77-scaled.webp","type":"image\/webp"}],"twitter_card":"summary_large_image","twitter_misc":{"Dur\u00e9e de lecture estim\u00e9e":"1 minute"},"schema":{"@context":"https:\/\/schema.org","@graph":[{"@type":"WebPage","@id":"https:\/\/labonnepointure.re\/index.php\/produit\/zahi\/","url":"https:\/\/labonnepointure.re\/index.php\/produit\/zahi\/","name":"ZAHI - La Bonne Pointure","isPartOf":{"@id":"https:\/\/labonnepointure.re\/#website"},"primaryImageOfPage":{"@id":"https:\/\/labonnepointure.re\/index.php\/produit\/zahi\/#primaryimage"},"image":{"@id":"https:\/\/labonnepointure.re\/index.php\/produit\/zahi\/#primaryimage"},"thumbnailUrl":"https:\/\/labonnepointure.re\/wp-content\/uploads\/2025\/06\/77-scaled.webp","datePublished":"2025-05-28T08:38:43+00:00","dateModified":"2026-02-16T09:35:05+00:00","breadcrumb":{"@id":"https:\/\/labonnepointure.re\/index.php\/produit\/zahi\/#breadcrumb"},"inLanguage":"fr-FR","potentialAction":[{"@type":"ReadAction","target":["https:\/\/labonnepointure.re\/index.php\/produit\/zahi\/"]}]},{"@type":"ImageObject","inLanguage":"fr-FR","@id":"https:\/\/labonnepointure.re\/index.php\/produit\/zahi\/#primaryimage","url":"https:\/\/labonnepointure.re\/wp-content\/uploads\/2025\/06\/77-scaled.webp","contentUrl":"https:\/\/labonnepointure.re\/wp-content\/uploads\/2025\/06\/77-scaled.webp","width":1920,"height":2560},{"@type":"BreadcrumbList","@id":"https:\/\/labonnepointure.re\/index.php\/produit\/zahi\/#breadcrumb","itemListElement":[{"@type":"ListItem","position":1,"name":"Accueil","item":"https:\/\/labonnepointure.re\/"},{"@type":"ListItem","position":2,"name":"FEMME &#8211; TALONS","item":"https:\/\/labonnepointure.re\/index.php\/femme-talons\/"},{"@type":"ListItem","position":3,"name":"ZAHI"}]},{"@type":"WebSite","@id":"https:\/\/labonnepointure.re\/#website","url":"https:\/\/labonnepointure.re\/","name":"La Bonne Pointure R\u00e9union","description":"La Bonne Pointure votre marque 100% r\u00e9unionnaise","publisher":{"@id":"https:\/\/labonnepointure.re\/#organization"},"potentialAction":[{"@type":"SearchAction","target":{"@type":"EntryPoint","urlTemplate":"https:\/\/labonnepointure.re\/?s={search_term_string}"},"query-input":{"@type":"PropertyValueSpecification","valueRequired":true,"valueName":"search_term_string"}}],"inLanguage":"fr-FR"},{"@type":"Organization","@id":"https:\/\/labonnepointure.re\/#organization","name":"La Bonne Pointure R\u00e9union","alternateName":"La Bonne Pointure","url":"https:\/\/labonnepointure.re\/","logo":{"@type":"ImageObject","inLanguage":"fr-FR","@id":"https:\/\/labonnepointure.re\/#\/schema\/logo\/image\/","url":"https:\/\/labonnepointure.re\/wp-content\/uploads\/2024\/05\/cropped-Copie-de-post-instfb-13.png","contentUrl":"https:\/\/labonnepointure.re\/wp-content\/uploads\/2024\/05\/cropped-Copie-de-post-instfb-13.png","width":512,"height":512,"caption":"La Bonne Pointure R\u00e9union"},"image":{"@id":"https:\/\/labonnepointure.re\/#\/schema\/logo\/image\/"},"sameAs":["https:\/\/www.facebook.com\/LaBonnePointure974","https:\/\/www.instagram.com\/labonnepointure_run\/"]}]}},"_links":{"self":[{"href":"https:\/\/labonnepointure.re\/index.php\/wp-json\/wp\/v2\/product\/12631","targetHints":{"allow":["GET"]}}],"collection":[{"href":"https:\/\/labonnepointure.re\/index.php\/wp-json\/wp\/v2\/product"}],"about":[{"href":"https:\/\/labonnepointure.re\/index.php\/wp-json\/wp\/v2\/types\/product"}],"replies":[{"embeddable":true,"href":"https:\/\/labonnepointure.re\/index.php\/wp-json\/wp\/v2\/comments?post=12631"}],"version-history":[{"count":2,"href":"https:\/\/labonnepointure.re\/index.php\/wp-json\/wp\/v2\/product\/12631\/revisions"}],"predecessor-version":[{"id":22496,"href":"https:\/\/labonnepointure.re\/index.php\/wp-json\/wp\/v2\/product\/12631\/revisions\/22496"}],"wp:featuredmedia":[{"embeddable":true,"href":"https:\/\/labonnepointure.re\/index.php\/wp-json\/wp\/v2\/media\/13092"}],"wp:attachment":[{"href":"https:\/\/labonnepointure.re\/index.php\/wp-json\/wp\/v2\/media?parent=12631"}],"wp:term":[{"taxonomy":"product_brand","embeddable":true,"href":"https:\/\/labonnepointure.re\/index.php\/wp-json\/wp\/v2\/product_brand?post=12631"},{"taxonomy":"product_cat","embeddable":true,"href":"https:\/\/labonnepointure.re\/index.php\/wp-json\/wp\/v2\/product_cat?post=12631"},{"taxonomy":"product_tag","embeddable":true,"href":"https:\/\/labonnepointure.re\/index.php\/wp-json\/wp\/v2\/product_tag?post=12631"}],"curies":[{"name":"wp","href":"https:\/\/api.w.org\/{rel}","templated":true}]}}