{"id":12520,"date":"2025-05-28T12:21:08","date_gmt":"2025-05-28T08:21:08","guid":{"rendered":"https:\/\/labonnepointure.re\/?post_type=product&#038;p=12520"},"modified":"2026-04-10T10:52:11","modified_gmt":"2026-04-10T06:52:11","slug":"sanj","status":"publish","type":"product","link":"https:\/\/labonnepointure.re\/index.php\/produit\/sanj\/","title":{"rendered":"SANJ"},"content":{"rendered":"<h3 data-start=\"53\" data-end=\"126\"><strong data-start=\"57\" data-end=\"126\">Sandale arc-en-ciel \u2013 Pour les petites filles pleines de vie \ud83c\udf08\ud83d\udc67<\/strong><\/h3>\n<p data-start=\"128\" data-end=\"377\">Un vrai concentr\u00e9 de bonne humeur ! Cette sandale aux couleurs m\u00e9talliques (argent, rose, bleu, jaune) apporte une touche p\u00e9tillante \u00e0 toutes les tenues d\u2019\u00e9t\u00e9 \u2728<br data-start=\"288\" data-end=\"291\" \/>Son design crois\u00e9 \u00e0 l\u2019avant assure style et maintien tout en restant facile \u00e0 enfiler.<\/p>\n<p data-start=\"379\" data-end=\"437\">Parfaite pour jouer, courir, et rayonner sous le soleil \u2600\ufe0f<\/p>\n<p data-start=\"439\" data-end=\"713\"><strong data-start=\"439\" data-end=\"458\">Ce qu\u2019on aime :<\/strong><br data-start=\"458\" data-end=\"461\" \/>\u2022 Palette de couleurs fun et lumineuses pour un look joyeux \ud83c\udf1f<br data-start=\"523\" data-end=\"526\" \/>\u2022 Fermeture \u00e0 scratch pour plus d\u2019autonomie \ud83d\udc67<br data-start=\"572\" data-end=\"575\" \/>\u2022 Semelle souple pour accompagner tous les pas \ud83e\uddd8\u200d\u2640\ufe0f<br data-start=\"627\" data-end=\"630\" \/>\u2022 Un mod\u00e8le qui s\u2019accorde aussi bien avec une robe color\u00e9e qu\u2019un short en jean \ud83d\udc57\ud83d\udc56<\/p>\n","protected":false},"excerpt":{"rendered":"<p data-start=\"0\" data-end=\"526\">\u2022 <strong data-start=\"32\" data-end=\"44\">Mod\u00e8le :<\/strong> Sandale ouverte \u00e0 design multibrides crois\u00e9es, parfaite pour les beaux jours<br data-start=\"121\" data-end=\"124\" \/>\u2022 <strong data-start=\"126\" data-end=\"145\">Dessus \/ Tige :<\/strong> Brides en mati\u00e8re synth\u00e9tique avec effet brillant<br data-start=\"195\" data-end=\"198\" \/>\u2022 <strong data-start=\"200\" data-end=\"214\">Doublure :<\/strong> Int\u00e9rieur en synth\u00e9tique lisse pour un confort optimal<br data-start=\"269\" data-end=\"272\" \/>\u2022 <strong data-start=\"274\" data-end=\"298\">Semelle int\u00e9rieure :<\/strong> Douce et l\u00e9g\u00e8rement matelass\u00e9e pour un bon maintien du pied<br data-start=\"358\" data-end=\"361\" \/>\u2022 <strong data-start=\"363\" data-end=\"387\">Semelle ext\u00e9rieure :<\/strong> Fine, souple et textur\u00e9e pour une meilleure adh\u00e9rence<br data-start=\"441\" data-end=\"444\" \/>\u2022 <strong data-start=\"446\" data-end=\"461\">Fermeture :<\/strong> Bride ajustable \u00e0 scratch, facile \u00e0 enfiler pour les plus petits<\/p>\n<p data-start=\"528\" data-end=\"650\" data-is-last-node=\"\" data-is-only-node=\"\">\n","protected":false},"featured_media":13102,"comment_status":"open","ping_status":"closed","template":"","meta":[],"product_brand":[],"product_cat":[166,160],"product_tag":[186,178],"class_list":{"0":"post-12520","1":"product","2":"type-product","3":"status-publish","4":"has-post-thumbnail","6":"product_cat-fille","7":"product_cat-sandale","8":"product_tag-fille","9":"product_tag-sandale","11":"first","12":"instock","13":"sale","14":"taxable","15":"shipping-taxable","16":"purchasable","17":"product-type-variable","18":"add-to-wishlist-before_image"},"yoast_head":"<!-- This site is optimized with the Yoast SEO plugin v27.3 - https:\/\/yoast.com\/product\/yoast-seo-wordpress\/ -->\n<title>SANJ - La Bonne Pointure<\/title>\n<meta name=\"robots\" content=\"index, follow, max-snippet:-1, max-image-preview:large, max-video-preview:-1\" \/>\n<link rel=\"canonical\" href=\"https:\/\/labonnepointure.re\/index.php\/produit\/sanj\/\" \/>\n<meta property=\"og:locale\" content=\"fr_FR\" \/>\n<meta property=\"og:type\" content=\"article\" \/>\n<meta property=\"og:title\" content=\"SANJ - La Bonne Pointure\" \/>\n<meta property=\"og:description\" content=\"\u2022 Mod\u00e8le : Sandale ouverte \u00e0 design multibrides crois\u00e9es, parfaite pour les beaux jours\u2022 Dessus \/ Tige : Brides en mati\u00e8re synth\u00e9tique avec effet brillant\u2022 Doublure : Int\u00e9rieur en synth\u00e9tique lisse pour un confort optimal\u2022 Semelle int\u00e9rieure : Douce et l\u00e9g\u00e8rement matelass\u00e9e pour un bon maintien du pied\u2022 Semelle ext\u00e9rieure : Fine, souple et textur\u00e9e pour une meilleure adh\u00e9rence\u2022 Fermeture : Bride ajustable \u00e0 scratch, facile \u00e0 enfiler pour les plus petits\" \/>\n<meta property=\"og:url\" content=\"https:\/\/labonnepointure.re\/index.php\/produit\/sanj\/\" \/>\n<meta property=\"og:site_name\" content=\"La Bonne Pointure\" \/>\n<meta property=\"article:publisher\" content=\"https:\/\/www.facebook.com\/LaBonnePointure974\" \/>\n<meta property=\"article:modified_time\" content=\"2026-04-10T06:52:11+00:00\" \/>\n<meta property=\"og:image\" content=\"https:\/\/labonnepointure.re\/wp-content\/uploads\/2025\/06\/87-scaled.webp\" \/>\n\t<meta property=\"og:image:width\" content=\"1920\" \/>\n\t<meta property=\"og:image:height\" content=\"2560\" \/>\n\t<meta property=\"og:image:type\" content=\"image\/webp\" \/>\n<meta name=\"twitter:card\" content=\"summary_large_image\" \/>\n<meta name=\"twitter:label1\" content=\"Dur\u00e9e de lecture estim\u00e9e\" \/>\n\t<meta name=\"twitter:data1\" content=\"1 minute\" \/>\n<script type=\"application\/ld+json\" class=\"yoast-schema-graph\">{\"@context\":\"https:\\\/\\\/schema.org\",\"@graph\":[{\"@type\":\"WebPage\",\"@id\":\"https:\\\/\\\/labonnepointure.re\\\/index.php\\\/produit\\\/sanj\\\/\",\"url\":\"https:\\\/\\\/labonnepointure.re\\\/index.php\\\/produit\\\/sanj\\\/\",\"name\":\"SANJ - La Bonne Pointure\",\"isPartOf\":{\"@id\":\"https:\\\/\\\/labonnepointure.re\\\/#website\"},\"primaryImageOfPage\":{\"@id\":\"https:\\\/\\\/labonnepointure.re\\\/index.php\\\/produit\\\/sanj\\\/#primaryimage\"},\"image\":{\"@id\":\"https:\\\/\\\/labonnepointure.re\\\/index.php\\\/produit\\\/sanj\\\/#primaryimage\"},\"thumbnailUrl\":\"https:\\\/\\\/labonnepointure.re\\\/wp-content\\\/uploads\\\/2025\\\/06\\\/87-scaled.webp\",\"datePublished\":\"2025-05-28T08:21:08+00:00\",\"dateModified\":\"2026-04-10T06:52:11+00:00\",\"breadcrumb\":{\"@id\":\"https:\\\/\\\/labonnepointure.re\\\/index.php\\\/produit\\\/sanj\\\/#breadcrumb\"},\"inLanguage\":\"fr-FR\",\"potentialAction\":[{\"@type\":\"ReadAction\",\"target\":[\"https:\\\/\\\/labonnepointure.re\\\/index.php\\\/produit\\\/sanj\\\/\"]}]},{\"@type\":\"ImageObject\",\"inLanguage\":\"fr-FR\",\"@id\":\"https:\\\/\\\/labonnepointure.re\\\/index.php\\\/produit\\\/sanj\\\/#primaryimage\",\"url\":\"https:\\\/\\\/labonnepointure.re\\\/wp-content\\\/uploads\\\/2025\\\/06\\\/87-scaled.webp\",\"contentUrl\":\"https:\\\/\\\/labonnepointure.re\\\/wp-content\\\/uploads\\\/2025\\\/06\\\/87-scaled.webp\",\"width\":1920,\"height\":2560},{\"@type\":\"BreadcrumbList\",\"@id\":\"https:\\\/\\\/labonnepointure.re\\\/index.php\\\/produit\\\/sanj\\\/#breadcrumb\",\"itemListElement\":[{\"@type\":\"ListItem\",\"position\":1,\"name\":\"Accueil\",\"item\":\"https:\\\/\\\/labonnepointure.re\\\/\"},{\"@type\":\"ListItem\",\"position\":2,\"name\":\"FEMME &#8211; TALONS\",\"item\":\"https:\\\/\\\/labonnepointure.re\\\/index.php\\\/femme-talons\\\/\"},{\"@type\":\"ListItem\",\"position\":3,\"name\":\"SANJ\"}]},{\"@type\":\"WebSite\",\"@id\":\"https:\\\/\\\/labonnepointure.re\\\/#website\",\"url\":\"https:\\\/\\\/labonnepointure.re\\\/\",\"name\":\"La Bonne Pointure R\u00e9union\",\"description\":\"La Bonne Pointure votre marque 100% r\u00e9unionnaise\",\"publisher\":{\"@id\":\"https:\\\/\\\/labonnepointure.re\\\/#organization\"},\"potentialAction\":[{\"@type\":\"SearchAction\",\"target\":{\"@type\":\"EntryPoint\",\"urlTemplate\":\"https:\\\/\\\/labonnepointure.re\\\/?s={search_term_string}\"},\"query-input\":{\"@type\":\"PropertyValueSpecification\",\"valueRequired\":true,\"valueName\":\"search_term_string\"}}],\"inLanguage\":\"fr-FR\"},{\"@type\":\"Organization\",\"@id\":\"https:\\\/\\\/labonnepointure.re\\\/#organization\",\"name\":\"La Bonne Pointure R\u00e9union\",\"alternateName\":\"La Bonne Pointure\",\"url\":\"https:\\\/\\\/labonnepointure.re\\\/\",\"logo\":{\"@type\":\"ImageObject\",\"inLanguage\":\"fr-FR\",\"@id\":\"https:\\\/\\\/labonnepointure.re\\\/#\\\/schema\\\/logo\\\/image\\\/\",\"url\":\"https:\\\/\\\/labonnepointure.re\\\/wp-content\\\/uploads\\\/2024\\\/05\\\/cropped-Copie-de-post-instfb-13.png\",\"contentUrl\":\"https:\\\/\\\/labonnepointure.re\\\/wp-content\\\/uploads\\\/2024\\\/05\\\/cropped-Copie-de-post-instfb-13.png\",\"width\":512,\"height\":512,\"caption\":\"La Bonne Pointure R\u00e9union\"},\"image\":{\"@id\":\"https:\\\/\\\/labonnepointure.re\\\/#\\\/schema\\\/logo\\\/image\\\/\"},\"sameAs\":[\"https:\\\/\\\/www.facebook.com\\\/LaBonnePointure974\",\"https:\\\/\\\/www.instagram.com\\\/labonnepointure_run\\\/\"]}]}<\/script>\n<!-- \/ Yoast SEO plugin. -->","yoast_head_json":{"title":"SANJ - La Bonne Pointure","robots":{"index":"index","follow":"follow","max-snippet":"max-snippet:-1","max-image-preview":"max-image-preview:large","max-video-preview":"max-video-preview:-1"},"canonical":"https:\/\/labonnepointure.re\/index.php\/produit\/sanj\/","og_locale":"fr_FR","og_type":"article","og_title":"SANJ - La Bonne Pointure","og_description":"\u2022 Mod\u00e8le : Sandale ouverte \u00e0 design multibrides crois\u00e9es, parfaite pour les beaux jours\u2022 Dessus \/ Tige : Brides en mati\u00e8re synth\u00e9tique avec effet brillant\u2022 Doublure : Int\u00e9rieur en synth\u00e9tique lisse pour un confort optimal\u2022 Semelle int\u00e9rieure : Douce et l\u00e9g\u00e8rement matelass\u00e9e pour un bon maintien du pied\u2022 Semelle ext\u00e9rieure : Fine, souple et textur\u00e9e pour une meilleure adh\u00e9rence\u2022 Fermeture : Bride ajustable \u00e0 scratch, facile \u00e0 enfiler pour les plus petits","og_url":"https:\/\/labonnepointure.re\/index.php\/produit\/sanj\/","og_site_name":"La Bonne Pointure","article_publisher":"https:\/\/www.facebook.com\/LaBonnePointure974","article_modified_time":"2026-04-10T06:52:11+00:00","og_image":[{"width":1920,"height":2560,"url":"https:\/\/labonnepointure.re\/wp-content\/uploads\/2025\/06\/87-scaled.webp","type":"image\/webp"}],"twitter_card":"summary_large_image","twitter_misc":{"Dur\u00e9e de lecture estim\u00e9e":"1 minute"},"schema":{"@context":"https:\/\/schema.org","@graph":[{"@type":"WebPage","@id":"https:\/\/labonnepointure.re\/index.php\/produit\/sanj\/","url":"https:\/\/labonnepointure.re\/index.php\/produit\/sanj\/","name":"SANJ - La Bonne Pointure","isPartOf":{"@id":"https:\/\/labonnepointure.re\/#website"},"primaryImageOfPage":{"@id":"https:\/\/labonnepointure.re\/index.php\/produit\/sanj\/#primaryimage"},"image":{"@id":"https:\/\/labonnepointure.re\/index.php\/produit\/sanj\/#primaryimage"},"thumbnailUrl":"https:\/\/labonnepointure.re\/wp-content\/uploads\/2025\/06\/87-scaled.webp","datePublished":"2025-05-28T08:21:08+00:00","dateModified":"2026-04-10T06:52:11+00:00","breadcrumb":{"@id":"https:\/\/labonnepointure.re\/index.php\/produit\/sanj\/#breadcrumb"},"inLanguage":"fr-FR","potentialAction":[{"@type":"ReadAction","target":["https:\/\/labonnepointure.re\/index.php\/produit\/sanj\/"]}]},{"@type":"ImageObject","inLanguage":"fr-FR","@id":"https:\/\/labonnepointure.re\/index.php\/produit\/sanj\/#primaryimage","url":"https:\/\/labonnepointure.re\/wp-content\/uploads\/2025\/06\/87-scaled.webp","contentUrl":"https:\/\/labonnepointure.re\/wp-content\/uploads\/2025\/06\/87-scaled.webp","width":1920,"height":2560},{"@type":"BreadcrumbList","@id":"https:\/\/labonnepointure.re\/index.php\/produit\/sanj\/#breadcrumb","itemListElement":[{"@type":"ListItem","position":1,"name":"Accueil","item":"https:\/\/labonnepointure.re\/"},{"@type":"ListItem","position":2,"name":"FEMME &#8211; TALONS","item":"https:\/\/labonnepointure.re\/index.php\/femme-talons\/"},{"@type":"ListItem","position":3,"name":"SANJ"}]},{"@type":"WebSite","@id":"https:\/\/labonnepointure.re\/#website","url":"https:\/\/labonnepointure.re\/","name":"La Bonne Pointure R\u00e9union","description":"La Bonne Pointure votre marque 100% r\u00e9unionnaise","publisher":{"@id":"https:\/\/labonnepointure.re\/#organization"},"potentialAction":[{"@type":"SearchAction","target":{"@type":"EntryPoint","urlTemplate":"https:\/\/labonnepointure.re\/?s={search_term_string}"},"query-input":{"@type":"PropertyValueSpecification","valueRequired":true,"valueName":"search_term_string"}}],"inLanguage":"fr-FR"},{"@type":"Organization","@id":"https:\/\/labonnepointure.re\/#organization","name":"La Bonne Pointure R\u00e9union","alternateName":"La Bonne Pointure","url":"https:\/\/labonnepointure.re\/","logo":{"@type":"ImageObject","inLanguage":"fr-FR","@id":"https:\/\/labonnepointure.re\/#\/schema\/logo\/image\/","url":"https:\/\/labonnepointure.re\/wp-content\/uploads\/2024\/05\/cropped-Copie-de-post-instfb-13.png","contentUrl":"https:\/\/labonnepointure.re\/wp-content\/uploads\/2024\/05\/cropped-Copie-de-post-instfb-13.png","width":512,"height":512,"caption":"La Bonne Pointure R\u00e9union"},"image":{"@id":"https:\/\/labonnepointure.re\/#\/schema\/logo\/image\/"},"sameAs":["https:\/\/www.facebook.com\/LaBonnePointure974","https:\/\/www.instagram.com\/labonnepointure_run\/"]}]}},"_links":{"self":[{"href":"https:\/\/labonnepointure.re\/index.php\/wp-json\/wp\/v2\/product\/12520","targetHints":{"allow":["GET"]}}],"collection":[{"href":"https:\/\/labonnepointure.re\/index.php\/wp-json\/wp\/v2\/product"}],"about":[{"href":"https:\/\/labonnepointure.re\/index.php\/wp-json\/wp\/v2\/types\/product"}],"replies":[{"embeddable":true,"href":"https:\/\/labonnepointure.re\/index.php\/wp-json\/wp\/v2\/comments?post=12520"}],"version-history":[{"count":2,"href":"https:\/\/labonnepointure.re\/index.php\/wp-json\/wp\/v2\/product\/12520\/revisions"}],"predecessor-version":[{"id":24535,"href":"https:\/\/labonnepointure.re\/index.php\/wp-json\/wp\/v2\/product\/12520\/revisions\/24535"}],"wp:featuredmedia":[{"embeddable":true,"href":"https:\/\/labonnepointure.re\/index.php\/wp-json\/wp\/v2\/media\/13102"}],"wp:attachment":[{"href":"https:\/\/labonnepointure.re\/index.php\/wp-json\/wp\/v2\/media?parent=12520"}],"wp:term":[{"taxonomy":"product_brand","embeddable":true,"href":"https:\/\/labonnepointure.re\/index.php\/wp-json\/wp\/v2\/product_brand?post=12520"},{"taxonomy":"product_cat","embeddable":true,"href":"https:\/\/labonnepointure.re\/index.php\/wp-json\/wp\/v2\/product_cat?post=12520"},{"taxonomy":"product_tag","embeddable":true,"href":"https:\/\/labonnepointure.re\/index.php\/wp-json\/wp\/v2\/product_tag?post=12520"}],"curies":[{"name":"wp","href":"https:\/\/api.w.org\/{rel}","templated":true}]}}