{"id":8674,"date":"2024-12-23T12:19:30","date_gmt":"2024-12-23T08:19:30","guid":{"rendered":"https:\/\/labonnepointure.re\/?page_id=8674"},"modified":"2025-12-29T17:38:57","modified_gmt":"2025-12-29T13:38:57","slug":"homme-mocassins","status":"publish","type":"page","link":"https:\/\/labonnepointure.re\/index.php\/homme-mocassins\/","title":{"rendered":"Homme | Mocassins"},"content":{"rendered":"\t\t<div data-elementor-type=\"wp-page\" data-elementor-id=\"8674\" class=\"elementor elementor-8674\" data-elementor-post-type=\"page\">\n\t\t\t\t<div class=\"elementor-element elementor-element-08dc4ea e-flex e-con-boxed e-con e-parent\" data-id=\"08dc4ea\" data-element_type=\"container\" data-e-type=\"container\" data-settings=\"{&quot;background_background&quot;:&quot;classic&quot;}\">\n\t\t\t\t\t<div class=\"e-con-inner\">\n\t\t<div class=\"elementor-element elementor-element-accada2 e-con-full e-flex e-con e-child\" data-id=\"accada2\" data-element_type=\"container\" data-e-type=\"container\">\n\t\t<div class=\"elementor-element elementor-element-bccccbf e-con-full e-flex e-con e-child\" data-id=\"bccccbf\" data-element_type=\"container\" data-e-type=\"container\">\n\t\t\t\t<div class=\"elementor-element elementor-element-1be69f3 elementor-widget elementor-widget-woocommerce-breadcrumb\" data-id=\"1be69f3\" data-element_type=\"widget\" data-e-type=\"widget\" data-widget_type=\"woocommerce-breadcrumb.default\">\n\t\t\t\t<div class=\"elementor-widget-container\">\n\t\t\t\t\t<nav class=\"woocommerce-breadcrumb\" aria-label=\"Breadcrumb\">Accueil<\/nav>\t\t\t\t<\/div>\n\t\t\t\t<\/div>\n\t\t\t\t<\/div>\n\t\t\t\t<div class=\"elementor-element elementor-element-d35e02f elementor-invisible elementor-widget elementor-widget-heading\" data-id=\"d35e02f\" data-element_type=\"widget\" data-e-type=\"widget\" data-settings=\"{&quot;_animation&quot;:&quot;fadeInLeft&quot;}\" data-widget_type=\"heading.default\">\n\t\t\t\t<div class=\"elementor-widget-container\">\n\t\t\t\t\t<h2 class=\"elementor-heading-title elementor-size-default\">Mocassins<\/h2>\t\t\t\t<\/div>\n\t\t\t\t<\/div>\n\t\t<div class=\"elementor-element elementor-element-1809437 e-con-full e-flex e-con e-child\" data-id=\"1809437\" data-element_type=\"container\" data-e-type=\"container\">\n\t\t\t\t<div class=\"elementor-element elementor-element-c23b7bf elementor-invisible elementor-widget elementor-widget-text-editor\" data-id=\"c23b7bf\" data-element_type=\"widget\" data-e-type=\"widget\" data-settings=\"{&quot;_animation&quot;:&quot;fadeInLeft&quot;}\" data-widget_type=\"text-editor.default\">\n\t\t\t\t<div class=\"elementor-widget-container\">\n\t\t\t\t\t\t\t\t\t<p class=\"\" data-start=\"124\" data-end=\"383\">Les <strong data-start=\"128\" data-end=\"153\">mocassins pour hommes<\/strong> sont l\u2019alliance parfaite entre style et confort. Id\u00e9aux pour une tenue de travail soign\u00e9e ou une sortie d\u00e9contract\u00e9e, ces mod\u00e8les intemporels se distinguent par leur souplesse et leur facilit\u00e9 \u00e0 s\u2019adapter \u00e0 toutes les situations.<\/p><p class=\"\" data-start=\"385\" data-end=\"659\">Avec leur design \u00e9pur\u00e9 et leur confort optimal, les <strong data-start=\"437\" data-end=\"450\">mocassins<\/strong> sont parfaits pour les hommes en qu\u00eate de praticit\u00e9 sans sacrifier leur style. Qu\u2019ils soient en cuir ou en mati\u00e8res plus l\u00e9g\u00e8res, ces mod\u00e8les sont con\u00e7us pour vous accompagner au quotidien, en toute \u00e9l\u00e9gance.<\/p>\t\t\t\t\t\t\t\t<\/div>\n\t\t\t\t<\/div>\n\t\t\t\t<\/div>\n\t\t\t\t<\/div>\n\t\t\t\t\t<\/div>\n\t\t\t\t<\/div>\n\t\t<div class=\"elementor-element elementor-element-e905ef2 e-flex e-con-boxed e-con e-parent\" data-id=\"e905ef2\" data-element_type=\"container\" data-e-type=\"container\">\n\t\t\t\t\t<div class=\"e-con-inner\">\n\t\t<div class=\"elementor-element elementor-element-ecb21b1 e-con-full e-flex e-con e-child\" data-id=\"ecb21b1\" data-element_type=\"container\" data-e-type=\"container\">\n\t\t<div class=\"elementor-element elementor-element-e36df66 e-con-full e-flex e-con e-child\" data-id=\"e36df66\" data-element_type=\"container\" data-e-type=\"container\">\n\t\t\t\t<div class=\"elementor-element elementor-element-275daae elementor-products-grid elementor-wc-products elementor-show-pagination-border-yes elementor-widget elementor-widget-wc-archive-products\" data-id=\"275daae\" data-element_type=\"widget\" data-e-type=\"widget\" data-widget_type=\"wc-archive-products.default\">\n\t\t\t\t<div class=\"elementor-widget-container\">\n\t\t\t\t\t<div class=\"elementor-nothing-found elementor-products-nothing-found\">Il semble que nous ne trouvions pas ce que vous cherchez.<\/div>\t\t\t\t<\/div>\n\t\t\t\t<\/div>\n\t\t\t\t<\/div>\n\t\t\t\t<\/div>\n\t\t\t\t\t<\/div>\n\t\t\t\t<\/div>\n\t\t<div class=\"elementor-element elementor-element-a1c131e e-flex e-con-boxed e-con e-parent\" data-id=\"a1c131e\" data-element_type=\"container\" data-e-type=\"container\">\n\t\t\t\t\t<div class=\"e-con-inner\">\n\t\t<div class=\"elementor-element elementor-element-aa8a9ff e-con-full e-flex e-con e-child\" data-id=\"aa8a9ff\" data-element_type=\"container\" data-e-type=\"container\">\n\t\t<div class=\"elementor-element elementor-element-6acd6e5 e-con-full e-flex e-con e-child\" data-id=\"6acd6e5\" data-element_type=\"container\" data-e-type=\"container\">\n\t\t\t\t<div class=\"elementor-element elementor-element-d3f9650 elementor-grid-3 elementor-grid-tablet-3 elementor-grid-mobile-2 elementor-products-grid elementor-wc-products elementor-show-pagination-border-yes elementor-widget elementor-widget-woocommerce-products\" data-id=\"d3f9650\" data-element_type=\"widget\" data-e-type=\"widget\" data-widget_type=\"woocommerce-products.default\">\n\t\t\t\t<div class=\"elementor-widget-container\">\n\t\t\t\t\t<div class=\"woocommerce columns-3 \"><div class=\"woocommerce-notices-wrapper\"><\/div><div class=\"woo-listing-top\"><\/div><ul class=\"products elementor-grid columns-3\" data-products=\"type-1\">\n<li class=\"add-to-wishlist-before_image product type-product post-20290 status-publish first instock product_cat-chaussures-de-ville product_cat-homme product_cat-moccassins product_tag-homme product_tag-mocassin has-post-thumbnail taxable shipping-taxable purchasable product-type-variable\">\n\t\n<div\n\tclass=\"yith-wcwl-add-to-wishlist add-to-wishlist-20290 yith-wcwl-add-to-wishlist--link-style wishlist-fragment on-first-load\"\n\tdata-fragment-ref=\"20290\"\n\tdata-fragment-options=\"{&quot;base_url&quot;:&quot;&quot;,&quot;product_id&quot;:20290,&quot;parent_product_id&quot;:0,&quot;product_type&quot;:&quot;variable&quot;,&quot;is_single&quot;:false,&quot;in_default_wishlist&quot;:false,&quot;show_view&quot;:false,&quot;browse_wishlist_text&quot;:&quot;Voir la liste d\\u2019envies&quot;,&quot;already_in_wishslist_text&quot;:&quot;Le produit est d\\u00e9j\\u00e0 dans votre liste de souhaits\\u00a0!&quot;,&quot;product_added_text&quot;:&quot;Produit ajout\\u00e9 !&quot;,&quot;available_multi_wishlist&quot;:false,&quot;disable_wishlist&quot;:false,&quot;show_count&quot;:false,&quot;ajax_loading&quot;:false,&quot;loop_position&quot;:&quot;before_image&quot;,&quot;item&quot;:&quot;add_to_wishlist&quot;}\"\n>\n\t\t\t\n\t\t\t<!-- ADD TO WISHLIST -->\n\t\t\t\n<div class=\"yith-wcwl-add-button\">\n\t\t<a\n\t\thref=\"?add_to_wishlist=20290&#038;_wpnonce=75b5619524\"\n\t\tclass=\"add_to_wishlist single_add_to_wishlist\"\n\t\tdata-product-id=\"20290\"\n\t\tdata-product-type=\"variable\"\n\t\tdata-original-product-id=\"0\"\n\t\tdata-title=\"Ajouter \u00e0 la liste d\u2019envies\"\n\t\trel=\"nofollow\"\n\t>\n\t\t<svg id=\"yith-wcwl-icon-heart\" class=\"yith-wcwl-icon-svg\" fill=\"currentColor\" viewBox=\"0 0 24 24\" xmlns=\"http:\/\/www.w3.org\/2000\/svg\">\n  <path d=\"m11.645 20.91-.007-.003-.022-.012a15.247 15.247 0 0 1-.383-.218 25.18 25.18 0 0 1-4.244-3.17C4.688 15.36 2.25 12.174 2.25 8.25 2.25 5.322 4.714 3 7.688 3A5.5 5.5 0 0 1 12 5.052 5.5 5.5 0 0 1 16.313 3c2.973 0 5.437 2.322 5.437 5.25 0 3.925-2.438 7.111-4.739 9.256a25.175 25.175 0 0 1-4.244 3.17 15.247 15.247 0 0 1-.383.219l-.022.012-.007.004-.003.001a.752.752 0 0 1-.704 0l-.003-.001Z\"><\/path>\n<\/svg>\t\t<span>Ajouter \u00e0 la liste d\u2019envies<\/span>\n\t<\/a>\n<\/div>\n\n\t\t\t<!-- COUNT TEXT -->\n\t\t\t\n\t\t\t<\/div>\n<a href=\"https:\/\/labonnepointure.re\/index.php\/produit\/mocassin-bateau-pour-homme\/\" class=\"woocommerce-LoopProduct-link woocommerce-loop-product__link\"><img fetchpriority=\"high\" decoding=\"async\" width=\"300\" height=\"300\" src=\"https:\/\/labonnepointure.re\/wp-content\/uploads\/2025\/12\/IMG_0989-300x300.webp\" class=\"attachment-woocommerce_thumbnail size-woocommerce_thumbnail\" alt=\"Mocassin b\u00e2teau pour homme\" srcset=\"https:\/\/labonnepointure.re\/wp-content\/uploads\/2025\/12\/IMG_0989-300x300.webp 300w, https:\/\/labonnepointure.re\/wp-content\/uploads\/2025\/12\/IMG_0989-10x10.webp 10w, https:\/\/labonnepointure.re\/wp-content\/uploads\/2025\/12\/IMG_0989-100x100.webp 100w\" sizes=\"(max-width: 300px) 100vw, 300px\" \/><h2 class=\"woocommerce-loop-product__title\">Mocassin b\u00e2teau pour homme<\/h2>\n\t<span class=\"price\"><span class=\"woocommerce-Price-amount amount\"><bdi>28,99&nbsp;<span class=\"woocommerce-Price-currencySymbol\">&euro;<\/span><\/bdi><\/span><\/span>\n<\/a><a href=\"https:\/\/labonnepointure.re\/index.php\/produit\/mocassin-bateau-pour-homme\/\" aria-describedby=\"woocommerce_loop_add_to_cart_link_describedby_20290\" data-quantity=\"1\" class=\"button product_type_variable add_to_cart_button\" data-product_id=\"20290\" data-product_sku=\"9584\" aria-label=\"S\u00e9lectionner les options pour &ldquo;Mocassin b\u00e2teau pour homme&rdquo;\" rel=\"nofollow\">Choix des options<\/a>\t<span id=\"woocommerce_loop_add_to_cart_link_describedby_20290\" class=\"screen-reader-text\">\n\t\tCe produit a plusieurs variations. Les options peuvent \u00eatre choisies sur la page du produit\t<\/span>\n<\/li>\n<li class=\"add-to-wishlist-before_image product type-product post-20147 status-publish instock product_cat-homme product_cat-moccassins product_tag-homme product_tag-mocassin has-post-thumbnail taxable shipping-taxable purchasable product-type-variable\">\n\t\n<div\n\tclass=\"yith-wcwl-add-to-wishlist add-to-wishlist-20147 yith-wcwl-add-to-wishlist--link-style wishlist-fragment on-first-load\"\n\tdata-fragment-ref=\"20147\"\n\tdata-fragment-options=\"{&quot;base_url&quot;:&quot;&quot;,&quot;product_id&quot;:20147,&quot;parent_product_id&quot;:0,&quot;product_type&quot;:&quot;variable&quot;,&quot;is_single&quot;:false,&quot;in_default_wishlist&quot;:false,&quot;show_view&quot;:false,&quot;browse_wishlist_text&quot;:&quot;Voir la liste d\\u2019envies&quot;,&quot;already_in_wishslist_text&quot;:&quot;Le produit est d\\u00e9j\\u00e0 dans votre liste de souhaits\\u00a0!&quot;,&quot;product_added_text&quot;:&quot;Produit ajout\\u00e9 !&quot;,&quot;available_multi_wishlist&quot;:false,&quot;disable_wishlist&quot;:false,&quot;show_count&quot;:false,&quot;ajax_loading&quot;:false,&quot;loop_position&quot;:&quot;before_image&quot;,&quot;item&quot;:&quot;add_to_wishlist&quot;}\"\n>\n\t\t\t\n\t\t\t<!-- ADD TO WISHLIST -->\n\t\t\t\n<div class=\"yith-wcwl-add-button\">\n\t\t<a\n\t\thref=\"?add_to_wishlist=20147&#038;_wpnonce=75b5619524\"\n\t\tclass=\"add_to_wishlist single_add_to_wishlist\"\n\t\tdata-product-id=\"20147\"\n\t\tdata-product-type=\"variable\"\n\t\tdata-original-product-id=\"0\"\n\t\tdata-title=\"Ajouter \u00e0 la liste d\u2019envies\"\n\t\trel=\"nofollow\"\n\t>\n\t\t<svg id=\"yith-wcwl-icon-heart\" class=\"yith-wcwl-icon-svg\" fill=\"currentColor\" viewBox=\"0 0 24 24\" xmlns=\"http:\/\/www.w3.org\/2000\/svg\">\n  <path d=\"m11.645 20.91-.007-.003-.022-.012a15.247 15.247 0 0 1-.383-.218 25.18 25.18 0 0 1-4.244-3.17C4.688 15.36 2.25 12.174 2.25 8.25 2.25 5.322 4.714 3 7.688 3A5.5 5.5 0 0 1 12 5.052 5.5 5.5 0 0 1 16.313 3c2.973 0 5.437 2.322 5.437 5.25 0 3.925-2.438 7.111-4.739 9.256a25.175 25.175 0 0 1-4.244 3.17 15.247 15.247 0 0 1-.383.219l-.022.012-.007.004-.003.001a.752.752 0 0 1-.704 0l-.003-.001Z\"><\/path>\n<\/svg>\t\t<span>Ajouter \u00e0 la liste d\u2019envies<\/span>\n\t<\/a>\n<\/div>\n\n\t\t\t<!-- COUNT TEXT -->\n\t\t\t\n\t\t\t<\/div>\n<a href=\"https:\/\/labonnepointure.re\/index.php\/produit\/mocassin-classique-pour-homme\/\" class=\"woocommerce-LoopProduct-link woocommerce-loop-product__link\"><img decoding=\"async\" width=\"300\" height=\"300\" src=\"https:\/\/labonnepointure.re\/wp-content\/uploads\/2025\/12\/IMG_0961-300x300.webp\" class=\"attachment-woocommerce_thumbnail size-woocommerce_thumbnail\" alt=\"Mocassin classique pour homme\" srcset=\"https:\/\/labonnepointure.re\/wp-content\/uploads\/2025\/12\/IMG_0961-300x300.webp 300w, https:\/\/labonnepointure.re\/wp-content\/uploads\/2025\/12\/IMG_0961-10x10.webp 10w, https:\/\/labonnepointure.re\/wp-content\/uploads\/2025\/12\/IMG_0961-100x100.webp 100w\" sizes=\"(max-width: 300px) 100vw, 300px\" \/><h2 class=\"woocommerce-loop-product__title\">Mocassin classique pour homme<\/h2>\n\t<span class=\"price\"><span class=\"woocommerce-Price-amount amount\"><bdi>28,99&nbsp;<span class=\"woocommerce-Price-currencySymbol\">&euro;<\/span><\/bdi><\/span><\/span>\n<\/a><a href=\"https:\/\/labonnepointure.re\/index.php\/produit\/mocassin-classique-pour-homme\/\" aria-describedby=\"woocommerce_loop_add_to_cart_link_describedby_20147\" data-quantity=\"1\" class=\"button product_type_variable add_to_cart_button\" data-product_id=\"20147\" data-product_sku=\"9576\" aria-label=\"S\u00e9lectionner les options pour &ldquo;Mocassin classique pour homme&rdquo;\" rel=\"nofollow\">Choix des options<\/a>\t<span id=\"woocommerce_loop_add_to_cart_link_describedby_20147\" class=\"screen-reader-text\">\n\t\tCe produit a plusieurs variations. Les options peuvent \u00eatre choisies sur la page du produit\t<\/span>\n<\/li>\n<li class=\"add-to-wishlist-before_image product type-product post-20242 status-publish last instock product_cat-homme product_cat-moccassins product_tag-homme product_tag-mocassin has-post-thumbnail taxable shipping-taxable purchasable product-type-variable\">\n\t\n<div\n\tclass=\"yith-wcwl-add-to-wishlist add-to-wishlist-20242 yith-wcwl-add-to-wishlist--link-style wishlist-fragment on-first-load\"\n\tdata-fragment-ref=\"20242\"\n\tdata-fragment-options=\"{&quot;base_url&quot;:&quot;&quot;,&quot;product_id&quot;:20242,&quot;parent_product_id&quot;:0,&quot;product_type&quot;:&quot;variable&quot;,&quot;is_single&quot;:false,&quot;in_default_wishlist&quot;:false,&quot;show_view&quot;:false,&quot;browse_wishlist_text&quot;:&quot;Voir la liste d\\u2019envies&quot;,&quot;already_in_wishslist_text&quot;:&quot;Le produit est d\\u00e9j\\u00e0 dans votre liste de souhaits\\u00a0!&quot;,&quot;product_added_text&quot;:&quot;Produit ajout\\u00e9 !&quot;,&quot;available_multi_wishlist&quot;:false,&quot;disable_wishlist&quot;:false,&quot;show_count&quot;:false,&quot;ajax_loading&quot;:false,&quot;loop_position&quot;:&quot;before_image&quot;,&quot;item&quot;:&quot;add_to_wishlist&quot;}\"\n>\n\t\t\t\n\t\t\t<!-- ADD TO WISHLIST -->\n\t\t\t\n<div class=\"yith-wcwl-add-button\">\n\t\t<a\n\t\thref=\"?add_to_wishlist=20242&#038;_wpnonce=75b5619524\"\n\t\tclass=\"add_to_wishlist single_add_to_wishlist\"\n\t\tdata-product-id=\"20242\"\n\t\tdata-product-type=\"variable\"\n\t\tdata-original-product-id=\"0\"\n\t\tdata-title=\"Ajouter \u00e0 la liste d\u2019envies\"\n\t\trel=\"nofollow\"\n\t>\n\t\t<svg id=\"yith-wcwl-icon-heart\" class=\"yith-wcwl-icon-svg\" fill=\"currentColor\" viewBox=\"0 0 24 24\" xmlns=\"http:\/\/www.w3.org\/2000\/svg\">\n  <path d=\"m11.645 20.91-.007-.003-.022-.012a15.247 15.247 0 0 1-.383-.218 25.18 25.18 0 0 1-4.244-3.17C4.688 15.36 2.25 12.174 2.25 8.25 2.25 5.322 4.714 3 7.688 3A5.5 5.5 0 0 1 12 5.052 5.5 5.5 0 0 1 16.313 3c2.973 0 5.437 2.322 5.437 5.25 0 3.925-2.438 7.111-4.739 9.256a25.175 25.175 0 0 1-4.244 3.17 15.247 15.247 0 0 1-.383.219l-.022.012-.007.004-.003.001a.752.752 0 0 1-.704 0l-.003-.001Z\"><\/path>\n<\/svg>\t\t<span>Ajouter \u00e0 la liste d\u2019envies<\/span>\n\t<\/a>\n<\/div>\n\n\t\t\t<!-- COUNT TEXT -->\n\t\t\t\n\t\t\t<\/div>\n<a href=\"https:\/\/labonnepointure.re\/index.php\/produit\/mocassin-homme\/\" class=\"woocommerce-LoopProduct-link woocommerce-loop-product__link\"><img decoding=\"async\" width=\"300\" height=\"300\" src=\"https:\/\/labonnepointure.re\/wp-content\/uploads\/2025\/12\/IMG_0766-300x300.webp\" class=\"attachment-woocommerce_thumbnail size-woocommerce_thumbnail\" alt=\"Mocassin Homme\" srcset=\"https:\/\/labonnepointure.re\/wp-content\/uploads\/2025\/12\/IMG_0766-300x300.webp 300w, https:\/\/labonnepointure.re\/wp-content\/uploads\/2025\/12\/IMG_0766-10x10.webp 10w, https:\/\/labonnepointure.re\/wp-content\/uploads\/2025\/12\/IMG_0766-100x100.webp 100w\" sizes=\"(max-width: 300px) 100vw, 300px\" \/><h2 class=\"woocommerce-loop-product__title\">Mocassin Homme<\/h2>\n\t<span class=\"price\"><span class=\"woocommerce-Price-amount amount\"><bdi>36,99&nbsp;<span class=\"woocommerce-Price-currencySymbol\">&euro;<\/span><\/bdi><\/span><\/span>\n<\/a><a href=\"https:\/\/labonnepointure.re\/index.php\/produit\/mocassin-homme\/\" aria-describedby=\"woocommerce_loop_add_to_cart_link_describedby_20242\" data-quantity=\"1\" class=\"button product_type_variable add_to_cart_button\" data-product_id=\"20242\" data-product_sku=\"9581\" aria-label=\"S\u00e9lectionner les options pour &ldquo;Mocassin Homme&rdquo;\" rel=\"nofollow\">Choix des options<\/a>\t<span id=\"woocommerce_loop_add_to_cart_link_describedby_20242\" class=\"screen-reader-text\">\n\t\tCe produit a plusieurs variations. Les options peuvent \u00eatre choisies sur la page du produit\t<\/span>\n<\/li>\n<\/ul>\n<\/div>\t\t\t\t<\/div>\n\t\t\t\t<\/div>\n\t\t\t\t<\/div>\n\t\t\t\t<\/div>\n\t\t\t\t\t<\/div>\n\t\t\t\t<\/div>\n\t\t\t\t<\/div>\n\t\t","protected":false},"excerpt":{"rendered":"<p>Mocassins Les mocassins pour hommes sont l\u2019alliance parfaite entre style et confort. Id\u00e9aux pour une tenue de travail soign\u00e9e ou une sortie d\u00e9contract\u00e9e, ces mod\u00e8les intemporels se distinguent par leur souplesse et leur facilit\u00e9 \u00e0 s\u2019adapter \u00e0 toutes les situations. Avec leur design \u00e9pur\u00e9 et leur confort optimal, les mocassins sont parfaits pour les hommes [&hellip;]<\/p>\n","protected":false},"author":2,"featured_media":0,"parent":0,"menu_order":0,"comment_status":"closed","ping_status":"closed","template":"elementor_header_footer","meta":{"footnotes":""},"class_list":["post-8674","page","type-page","status-publish","hentry"],"blocksy_meta":[],"yoast_head":"<!-- This site is optimized with the Yoast SEO plugin v27.3 - https:\/\/yoast.com\/product\/yoast-seo-wordpress\/ -->\n<title>Homme | Mocassins - La Bonne Pointure<\/title>\n<meta name=\"robots\" content=\"index, follow, max-snippet:-1, max-image-preview:large, max-video-preview:-1\" \/>\n<link rel=\"canonical\" href=\"https:\/\/labonnepointure.re\/index.php\/homme-mocassins\/\" \/>\n<meta property=\"og:locale\" content=\"fr_FR\" \/>\n<meta property=\"og:type\" content=\"article\" \/>\n<meta property=\"og:title\" content=\"Homme | Mocassins - La Bonne Pointure\" \/>\n<meta property=\"og:description\" content=\"Mocassins Les mocassins pour hommes sont l\u2019alliance parfaite entre style et confort. Id\u00e9aux pour une tenue de travail soign\u00e9e ou une sortie d\u00e9contract\u00e9e, ces mod\u00e8les intemporels se distinguent par leur souplesse et leur facilit\u00e9 \u00e0 s\u2019adapter \u00e0 toutes les situations. Avec leur design \u00e9pur\u00e9 et leur confort optimal, les mocassins sont parfaits pour les hommes [&hellip;]\" \/>\n<meta property=\"og:url\" content=\"https:\/\/labonnepointure.re\/index.php\/homme-mocassins\/\" \/>\n<meta property=\"og:site_name\" content=\"La Bonne Pointure\" \/>\n<meta property=\"article:publisher\" content=\"https:\/\/www.facebook.com\/LaBonnePointure974\" \/>\n<meta property=\"article:modified_time\" content=\"2025-12-29T13:38:57+00:00\" \/>\n<meta name=\"twitter:card\" content=\"summary_large_image\" \/>\n<meta name=\"twitter:label1\" content=\"Dur\u00e9e de lecture estim\u00e9e\" \/>\n\t<meta name=\"twitter:data1\" content=\"2 minutes\" \/>\n<script type=\"application\/ld+json\" class=\"yoast-schema-graph\">{\"@context\":\"https:\\\/\\\/schema.org\",\"@graph\":[{\"@type\":\"WebPage\",\"@id\":\"https:\\\/\\\/labonnepointure.re\\\/index.php\\\/homme-mocassins\\\/\",\"url\":\"https:\\\/\\\/labonnepointure.re\\\/index.php\\\/homme-mocassins\\\/\",\"name\":\"Homme | Mocassins - La Bonne Pointure\",\"isPartOf\":{\"@id\":\"https:\\\/\\\/labonnepointure.re\\\/#website\"},\"datePublished\":\"2024-12-23T08:19:30+00:00\",\"dateModified\":\"2025-12-29T13:38:57+00:00\",\"breadcrumb\":{\"@id\":\"https:\\\/\\\/labonnepointure.re\\\/index.php\\\/homme-mocassins\\\/#breadcrumb\"},\"inLanguage\":\"fr-FR\",\"potentialAction\":[{\"@type\":\"ReadAction\",\"target\":[\"https:\\\/\\\/labonnepointure.re\\\/index.php\\\/homme-mocassins\\\/\"]}]},{\"@type\":\"BreadcrumbList\",\"@id\":\"https:\\\/\\\/labonnepointure.re\\\/index.php\\\/homme-mocassins\\\/#breadcrumb\",\"itemListElement\":[{\"@type\":\"ListItem\",\"position\":1,\"name\":\"Accueil\",\"item\":\"https:\\\/\\\/labonnepointure.re\\\/\"},{\"@type\":\"ListItem\",\"position\":2,\"name\":\"Homme | Mocassins\"}]},{\"@type\":\"WebSite\",\"@id\":\"https:\\\/\\\/labonnepointure.re\\\/#website\",\"url\":\"https:\\\/\\\/labonnepointure.re\\\/\",\"name\":\"La Bonne Pointure R\u00e9union\",\"description\":\"La Bonne Pointure votre marque 100% r\u00e9unionnaise\",\"publisher\":{\"@id\":\"https:\\\/\\\/labonnepointure.re\\\/#organization\"},\"potentialAction\":[{\"@type\":\"SearchAction\",\"target\":{\"@type\":\"EntryPoint\",\"urlTemplate\":\"https:\\\/\\\/labonnepointure.re\\\/?s={search_term_string}\"},\"query-input\":{\"@type\":\"PropertyValueSpecification\",\"valueRequired\":true,\"valueName\":\"search_term_string\"}}],\"inLanguage\":\"fr-FR\"},{\"@type\":\"Organization\",\"@id\":\"https:\\\/\\\/labonnepointure.re\\\/#organization\",\"name\":\"La Bonne Pointure R\u00e9union\",\"alternateName\":\"La Bonne Pointure\",\"url\":\"https:\\\/\\\/labonnepointure.re\\\/\",\"logo\":{\"@type\":\"ImageObject\",\"inLanguage\":\"fr-FR\",\"@id\":\"https:\\\/\\\/labonnepointure.re\\\/#\\\/schema\\\/logo\\\/image\\\/\",\"url\":\"https:\\\/\\\/labonnepointure.re\\\/wp-content\\\/uploads\\\/2024\\\/05\\\/cropped-Copie-de-post-instfb-13.png\",\"contentUrl\":\"https:\\\/\\\/labonnepointure.re\\\/wp-content\\\/uploads\\\/2024\\\/05\\\/cropped-Copie-de-post-instfb-13.png\",\"width\":512,\"height\":512,\"caption\":\"La Bonne Pointure R\u00e9union\"},\"image\":{\"@id\":\"https:\\\/\\\/labonnepointure.re\\\/#\\\/schema\\\/logo\\\/image\\\/\"},\"sameAs\":[\"https:\\\/\\\/www.facebook.com\\\/LaBonnePointure974\",\"https:\\\/\\\/www.instagram.com\\\/labonnepointure_run\\\/\"]}]}<\/script>\n<!-- \/ Yoast SEO plugin. -->","yoast_head_json":{"title":"Homme | Mocassins - La Bonne Pointure","robots":{"index":"index","follow":"follow","max-snippet":"max-snippet:-1","max-image-preview":"max-image-preview:large","max-video-preview":"max-video-preview:-1"},"canonical":"https:\/\/labonnepointure.re\/index.php\/homme-mocassins\/","og_locale":"fr_FR","og_type":"article","og_title":"Homme | Mocassins - La Bonne Pointure","og_description":"Mocassins Les mocassins pour hommes sont l\u2019alliance parfaite entre style et confort. Id\u00e9aux pour une tenue de travail soign\u00e9e ou une sortie d\u00e9contract\u00e9e, ces mod\u00e8les intemporels se distinguent par leur souplesse et leur facilit\u00e9 \u00e0 s\u2019adapter \u00e0 toutes les situations. Avec leur design \u00e9pur\u00e9 et leur confort optimal, les mocassins sont parfaits pour les hommes [&hellip;]","og_url":"https:\/\/labonnepointure.re\/index.php\/homme-mocassins\/","og_site_name":"La Bonne Pointure","article_publisher":"https:\/\/www.facebook.com\/LaBonnePointure974","article_modified_time":"2025-12-29T13:38:57+00:00","twitter_card":"summary_large_image","twitter_misc":{"Dur\u00e9e de lecture estim\u00e9e":"2 minutes"},"schema":{"@context":"https:\/\/schema.org","@graph":[{"@type":"WebPage","@id":"https:\/\/labonnepointure.re\/index.php\/homme-mocassins\/","url":"https:\/\/labonnepointure.re\/index.php\/homme-mocassins\/","name":"Homme | Mocassins - La Bonne Pointure","isPartOf":{"@id":"https:\/\/labonnepointure.re\/#website"},"datePublished":"2024-12-23T08:19:30+00:00","dateModified":"2025-12-29T13:38:57+00:00","breadcrumb":{"@id":"https:\/\/labonnepointure.re\/index.php\/homme-mocassins\/#breadcrumb"},"inLanguage":"fr-FR","potentialAction":[{"@type":"ReadAction","target":["https:\/\/labonnepointure.re\/index.php\/homme-mocassins\/"]}]},{"@type":"BreadcrumbList","@id":"https:\/\/labonnepointure.re\/index.php\/homme-mocassins\/#breadcrumb","itemListElement":[{"@type":"ListItem","position":1,"name":"Accueil","item":"https:\/\/labonnepointure.re\/"},{"@type":"ListItem","position":2,"name":"Homme | Mocassins"}]},{"@type":"WebSite","@id":"https:\/\/labonnepointure.re\/#website","url":"https:\/\/labonnepointure.re\/","name":"La Bonne Pointure R\u00e9union","description":"La Bonne Pointure votre marque 100% r\u00e9unionnaise","publisher":{"@id":"https:\/\/labonnepointure.re\/#organization"},"potentialAction":[{"@type":"SearchAction","target":{"@type":"EntryPoint","urlTemplate":"https:\/\/labonnepointure.re\/?s={search_term_string}"},"query-input":{"@type":"PropertyValueSpecification","valueRequired":true,"valueName":"search_term_string"}}],"inLanguage":"fr-FR"},{"@type":"Organization","@id":"https:\/\/labonnepointure.re\/#organization","name":"La Bonne Pointure R\u00e9union","alternateName":"La Bonne Pointure","url":"https:\/\/labonnepointure.re\/","logo":{"@type":"ImageObject","inLanguage":"fr-FR","@id":"https:\/\/labonnepointure.re\/#\/schema\/logo\/image\/","url":"https:\/\/labonnepointure.re\/wp-content\/uploads\/2024\/05\/cropped-Copie-de-post-instfb-13.png","contentUrl":"https:\/\/labonnepointure.re\/wp-content\/uploads\/2024\/05\/cropped-Copie-de-post-instfb-13.png","width":512,"height":512,"caption":"La Bonne Pointure R\u00e9union"},"image":{"@id":"https:\/\/labonnepointure.re\/#\/schema\/logo\/image\/"},"sameAs":["https:\/\/www.facebook.com\/LaBonnePointure974","https:\/\/www.instagram.com\/labonnepointure_run\/"]}]}},"_links":{"self":[{"href":"https:\/\/labonnepointure.re\/index.php\/wp-json\/wp\/v2\/pages\/8674","targetHints":{"allow":["GET"]}}],"collection":[{"href":"https:\/\/labonnepointure.re\/index.php\/wp-json\/wp\/v2\/pages"}],"about":[{"href":"https:\/\/labonnepointure.re\/index.php\/wp-json\/wp\/v2\/types\/page"}],"author":[{"embeddable":true,"href":"https:\/\/labonnepointure.re\/index.php\/wp-json\/wp\/v2\/users\/2"}],"replies":[{"embeddable":true,"href":"https:\/\/labonnepointure.re\/index.php\/wp-json\/wp\/v2\/comments?post=8674"}],"version-history":[{"count":3,"href":"https:\/\/labonnepointure.re\/index.php\/wp-json\/wp\/v2\/pages\/8674\/revisions"}],"predecessor-version":[{"id":21886,"href":"https:\/\/labonnepointure.re\/index.php\/wp-json\/wp\/v2\/pages\/8674\/revisions\/21886"}],"wp:attachment":[{"href":"https:\/\/labonnepointure.re\/index.php\/wp-json\/wp\/v2\/media?parent=8674"}],"curies":[{"name":"wp","href":"https:\/\/api.w.org\/{rel}","templated":true}]}}