{"id":5476,"date":"2024-09-12T10:41:23","date_gmt":"2024-09-12T06:41:23","guid":{"rendered":"http:\/\/labonnk.cluster023.hosting.ovh.net\/?page_id=5476"},"modified":"2025-12-29T17:40:12","modified_gmt":"2025-12-29T13:40:12","slug":"homme-chaussures-de-ville","status":"publish","type":"page","link":"https:\/\/labonnepointure.re\/index.php\/homme-chaussures-de-ville\/","title":{"rendered":"Homme | Chaussures de ville"},"content":{"rendered":"\t\t<div data-elementor-type=\"wp-page\" data-elementor-id=\"5476\" class=\"elementor elementor-5476\" data-elementor-post-type=\"page\">\n\t\t\t\t<div class=\"elementor-element elementor-element-560d381 e-flex e-con-boxed e-con e-parent\" data-id=\"560d381\" data-element_type=\"container\" data-e-type=\"container\" data-settings=\"{&quot;background_background&quot;:&quot;classic&quot;}\">\n\t\t\t\t\t<div class=\"e-con-inner\">\n\t\t<div class=\"elementor-element elementor-element-a060132 e-con-full e-flex e-con e-child\" data-id=\"a060132\" data-element_type=\"container\" data-e-type=\"container\">\n\t\t<div class=\"elementor-element elementor-element-d140466 e-con-full e-flex e-con e-child\" data-id=\"d140466\" data-element_type=\"container\" data-e-type=\"container\">\n\t\t\t\t<div class=\"elementor-element elementor-element-765b57a elementor-widget elementor-widget-woocommerce-breadcrumb\" data-id=\"765b57a\" data-element_type=\"widget\" data-e-type=\"widget\" data-widget_type=\"woocommerce-breadcrumb.default\">\n\t\t\t\t<div class=\"elementor-widget-container\">\n\t\t\t\t\t<nav class=\"woocommerce-breadcrumb\" aria-label=\"Breadcrumb\">Accueil<\/nav>\t\t\t\t<\/div>\n\t\t\t\t<\/div>\n\t\t\t\t<\/div>\n\t\t\t\t<div class=\"elementor-element elementor-element-c44e369 elementor-invisible elementor-widget elementor-widget-heading\" data-id=\"c44e369\" data-element_type=\"widget\" data-e-type=\"widget\" data-settings=\"{&quot;_animation&quot;:&quot;fadeInLeft&quot;}\" data-widget_type=\"heading.default\">\n\t\t\t\t<div class=\"elementor-widget-container\">\n\t\t\t\t\t<h2 class=\"elementor-heading-title elementor-size-default\">Chaussures de ville <\/h2>\t\t\t\t<\/div>\n\t\t\t\t<\/div>\n\t\t<div class=\"elementor-element elementor-element-0045356 e-con-full e-flex e-con e-child\" data-id=\"0045356\" data-element_type=\"container\" data-e-type=\"container\">\n\t\t\t\t<div class=\"elementor-element elementor-element-88b5d3c elementor-invisible elementor-widget elementor-widget-text-editor\" data-id=\"88b5d3c\" data-element_type=\"widget\" data-e-type=\"widget\" data-settings=\"{&quot;_animation&quot;:&quot;fadeInLeft&quot;}\" data-widget_type=\"text-editor.default\">\n\t\t\t\t<div class=\"elementor-widget-container\">\n\t\t\t\t\t\t\t\t\t<p class=\"\" data-start=\"144\" data-end=\"463\">Les <strong data-start=\"148\" data-end=\"183\">chaussures de ville pour hommes<\/strong> sont le choix parfait pour ajouter une touche d\u2019\u00e9l\u00e9gance \u00e0 vos tenues professionnelles ou habill\u00e9es. Con\u00e7ues pour offrir un <strong data-start=\"308\" data-end=\"323\">look soign\u00e9<\/strong> et un <strong data-start=\"331\" data-end=\"355\">confort exceptionnel<\/strong>, elles sont id\u00e9ales pour les journ\u00e9es au bureau ou pour toute occasion n\u00e9cessitant une tenue plus formelle.<\/p><p class=\"\" data-start=\"465\" data-end=\"788\">Avec une vari\u00e9t\u00e9 de styles allant des classiques aux plus modernes , chaque mod\u00e8le est pens\u00e9 pour s\u2019adapter \u00e0 vos exigences de confort tout en restant r\u00e9solument \u00e9l\u00e9gant. <strong data-start=\"654\" data-end=\"687\">Polyvalentes et intemporelles<\/strong>, elles vous accompagneront aussi bien dans vos r\u00e9unions d\u2019affaires que lors de vos sorties en ville.<\/p>\t\t\t\t\t\t\t\t<\/div>\n\t\t\t\t<\/div>\n\t\t\t\t<\/div>\n\t\t\t\t<\/div>\n\t\t\t\t\t<\/div>\n\t\t\t\t<\/div>\n\t\t<div class=\"elementor-element elementor-element-4679ed1 e-flex e-con-boxed e-con e-parent\" data-id=\"4679ed1\" data-element_type=\"container\" data-e-type=\"container\">\n\t\t\t\t\t<div class=\"e-con-inner\">\n\t\t<div class=\"elementor-element elementor-element-98a489b e-con-full e-flex e-con e-child\" data-id=\"98a489b\" data-element_type=\"container\" data-e-type=\"container\">\n\t\t\t\t<div class=\"elementor-element elementor-element-d20d19c elementor-products-grid elementor-wc-products elementor-show-pagination-border-yes elementor-widget elementor-widget-wc-archive-products\" data-id=\"d20d19c\" data-element_type=\"widget\" data-e-type=\"widget\" data-widget_type=\"wc-archive-products.default\">\n\t\t\t\t<div class=\"elementor-widget-container\">\n\t\t\t\t\t<div class=\"elementor-nothing-found elementor-products-nothing-found\">Il semble que nous ne trouvions pas ce que vous cherchez.<\/div>\t\t\t\t<\/div>\n\t\t\t\t<\/div>\n\t\t\t\t<\/div>\n\t\t\t\t\t<\/div>\n\t\t\t\t<\/div>\n\t\t<div class=\"elementor-element elementor-element-2ac69ac e-flex e-con-boxed e-con e-parent\" data-id=\"2ac69ac\" data-element_type=\"container\" data-e-type=\"container\">\n\t\t\t\t\t<div class=\"e-con-inner\">\n\t\t<div class=\"elementor-element elementor-element-fbd2379 e-con-full e-flex e-con e-child\" data-id=\"fbd2379\" data-element_type=\"container\" data-e-type=\"container\">\n\t\t<div class=\"elementor-element elementor-element-af529b9 e-con-full e-flex e-con e-child\" data-id=\"af529b9\" data-element_type=\"container\" data-e-type=\"container\">\n\t\t\t\t<div class=\"elementor-element elementor-element-06ae520 elementor-grid-4 elementor-grid-tablet-3 elementor-grid-mobile-2 elementor-products-grid elementor-wc-products elementor-show-pagination-border-yes elementor-widget elementor-widget-woocommerce-products\" data-id=\"06ae520\" data-element_type=\"widget\" data-e-type=\"widget\" data-widget_type=\"woocommerce-products.default\">\n\t\t\t\t<div class=\"elementor-widget-container\">\n\t\t\t\t\t<div class=\"woocommerce columns-4 \"><div class=\"woocommerce-notices-wrapper\"><\/div><div class=\"woo-listing-top\"><\/div><ul class=\"products elementor-grid columns-4\" data-products=\"type-1\">\n<li class=\"add-to-wishlist-before_image product type-product post-20352 status-publish first instock product_cat-chaussures-de-ville product_cat-homme product_tag-chaussure-de-ville product_tag-homme has-post-thumbnail taxable shipping-taxable purchasable product-type-variable\">\n\t\n<div\n\tclass=\"yith-wcwl-add-to-wishlist add-to-wishlist-20352 yith-wcwl-add-to-wishlist--link-style wishlist-fragment on-first-load\"\n\tdata-fragment-ref=\"20352\"\n\tdata-fragment-options=\"{&quot;base_url&quot;:&quot;&quot;,&quot;product_id&quot;:20352,&quot;parent_product_id&quot;:0,&quot;product_type&quot;:&quot;variable&quot;,&quot;is_single&quot;:false,&quot;in_default_wishlist&quot;:false,&quot;show_view&quot;:false,&quot;browse_wishlist_text&quot;:&quot;Voir la liste d\\u2019envies&quot;,&quot;already_in_wishslist_text&quot;:&quot;Le produit est d\\u00e9j\\u00e0 dans votre liste de souhaits\\u00a0!&quot;,&quot;product_added_text&quot;:&quot;Produit ajout\\u00e9 !&quot;,&quot;available_multi_wishlist&quot;:false,&quot;disable_wishlist&quot;:false,&quot;show_count&quot;:false,&quot;ajax_loading&quot;:false,&quot;loop_position&quot;:&quot;before_image&quot;,&quot;item&quot;:&quot;add_to_wishlist&quot;}\"\n>\n\t\t\t\n\t\t\t<!-- ADD TO WISHLIST -->\n\t\t\t\n<div class=\"yith-wcwl-add-button\">\n\t\t<a\n\t\thref=\"?add_to_wishlist=20352&#038;_wpnonce=75b5619524\"\n\t\tclass=\"add_to_wishlist single_add_to_wishlist\"\n\t\tdata-product-id=\"20352\"\n\t\tdata-product-type=\"variable\"\n\t\tdata-original-product-id=\"0\"\n\t\tdata-title=\"Ajouter \u00e0 la liste d\u2019envies\"\n\t\trel=\"nofollow\"\n\t>\n\t\t<svg id=\"yith-wcwl-icon-heart\" class=\"yith-wcwl-icon-svg\" fill=\"currentColor\" viewBox=\"0 0 24 24\" xmlns=\"http:\/\/www.w3.org\/2000\/svg\">\n  <path d=\"m11.645 20.91-.007-.003-.022-.012a15.247 15.247 0 0 1-.383-.218 25.18 25.18 0 0 1-4.244-3.17C4.688 15.36 2.25 12.174 2.25 8.25 2.25 5.322 4.714 3 7.688 3A5.5 5.5 0 0 1 12 5.052 5.5 5.5 0 0 1 16.313 3c2.973 0 5.437 2.322 5.437 5.25 0 3.925-2.438 7.111-4.739 9.256a25.175 25.175 0 0 1-4.244 3.17 15.247 15.247 0 0 1-.383.219l-.022.012-.007.004-.003.001a.752.752 0 0 1-.704 0l-.003-.001Z\"><\/path>\n<\/svg>\t\t<span>Ajouter \u00e0 la liste d\u2019envies<\/span>\n\t<\/a>\n<\/div>\n\n\t\t\t<!-- COUNT TEXT -->\n\t\t\t\n\t\t\t<\/div>\n<a href=\"https:\/\/labonnepointure.re\/index.php\/produit\/chaussure-de-ville-suedes-a-lacets\/\" class=\"woocommerce-LoopProduct-link woocommerce-loop-product__link\"><img fetchpriority=\"high\" decoding=\"async\" width=\"300\" height=\"300\" src=\"https:\/\/labonnepointure.re\/wp-content\/uploads\/2025\/12\/IMG_0859-300x300.webp\" class=\"attachment-woocommerce_thumbnail size-woocommerce_thumbnail\" alt=\"Chaussure de ville su\u00e9d\u00e9s \u00e0 lacets\" srcset=\"https:\/\/labonnepointure.re\/wp-content\/uploads\/2025\/12\/IMG_0859-300x300.webp 300w, https:\/\/labonnepointure.re\/wp-content\/uploads\/2025\/12\/IMG_0859-10x10.webp 10w, https:\/\/labonnepointure.re\/wp-content\/uploads\/2025\/12\/IMG_0859-100x100.webp 100w\" sizes=\"(max-width: 300px) 100vw, 300px\" \/><h2 class=\"woocommerce-loop-product__title\">Chaussure de ville su\u00e9d\u00e9s \u00e0 lacets<\/h2>\n\t<span class=\"price\"><span class=\"woocommerce-Price-amount amount\"><bdi>36,99&nbsp;<span class=\"woocommerce-Price-currencySymbol\">&euro;<\/span><\/bdi><\/span><\/span>\n<\/a><a href=\"https:\/\/labonnepointure.re\/index.php\/produit\/chaussure-de-ville-suedes-a-lacets\/\" aria-describedby=\"woocommerce_loop_add_to_cart_link_describedby_20352\" data-quantity=\"1\" class=\"button product_type_variable add_to_cart_button\" data-product_id=\"20352\" data-product_sku=\"9587\" aria-label=\"S\u00e9lectionner les options pour &ldquo;Chaussure de ville su\u00e9d\u00e9s \u00e0 lacets&rdquo;\" rel=\"nofollow\">Choix des options<\/a>\t<span id=\"woocommerce_loop_add_to_cart_link_describedby_20352\" class=\"screen-reader-text\">\n\t\tCe produit a plusieurs variations. Les options peuvent \u00eatre choisies sur la page du produit\t<\/span>\n<\/li>\n<li class=\"add-to-wishlist-before_image product type-product post-21161 status-publish instock product_cat-chaussures-de-ville product_cat-homme product_tag-chaussure-de-ville product_tag-homme has-post-thumbnail taxable shipping-taxable purchasable product-type-variable\">\n\t\n<div\n\tclass=\"yith-wcwl-add-to-wishlist add-to-wishlist-21161 yith-wcwl-add-to-wishlist--link-style wishlist-fragment on-first-load\"\n\tdata-fragment-ref=\"21161\"\n\tdata-fragment-options=\"{&quot;base_url&quot;:&quot;&quot;,&quot;product_id&quot;:21161,&quot;parent_product_id&quot;:0,&quot;product_type&quot;:&quot;variable&quot;,&quot;is_single&quot;:false,&quot;in_default_wishlist&quot;:false,&quot;show_view&quot;:false,&quot;browse_wishlist_text&quot;:&quot;Voir la liste d\\u2019envies&quot;,&quot;already_in_wishslist_text&quot;:&quot;Le produit est d\\u00e9j\\u00e0 dans votre liste de souhaits\\u00a0!&quot;,&quot;product_added_text&quot;:&quot;Produit ajout\\u00e9 !&quot;,&quot;available_multi_wishlist&quot;:false,&quot;disable_wishlist&quot;:false,&quot;show_count&quot;:false,&quot;ajax_loading&quot;:false,&quot;loop_position&quot;:&quot;before_image&quot;,&quot;item&quot;:&quot;add_to_wishlist&quot;}\"\n>\n\t\t\t\n\t\t\t<!-- ADD TO WISHLIST -->\n\t\t\t\n<div class=\"yith-wcwl-add-button\">\n\t\t<a\n\t\thref=\"?add_to_wishlist=21161&#038;_wpnonce=75b5619524\"\n\t\tclass=\"add_to_wishlist single_add_to_wishlist\"\n\t\tdata-product-id=\"21161\"\n\t\tdata-product-type=\"variable\"\n\t\tdata-original-product-id=\"0\"\n\t\tdata-title=\"Ajouter \u00e0 la liste d\u2019envies\"\n\t\trel=\"nofollow\"\n\t>\n\t\t<svg id=\"yith-wcwl-icon-heart\" class=\"yith-wcwl-icon-svg\" fill=\"currentColor\" viewBox=\"0 0 24 24\" xmlns=\"http:\/\/www.w3.org\/2000\/svg\">\n  <path d=\"m11.645 20.91-.007-.003-.022-.012a15.247 15.247 0 0 1-.383-.218 25.18 25.18 0 0 1-4.244-3.17C4.688 15.36 2.25 12.174 2.25 8.25 2.25 5.322 4.714 3 7.688 3A5.5 5.5 0 0 1 12 5.052 5.5 5.5 0 0 1 16.313 3c2.973 0 5.437 2.322 5.437 5.25 0 3.925-2.438 7.111-4.739 9.256a25.175 25.175 0 0 1-4.244 3.17 15.247 15.247 0 0 1-.383.219l-.022.012-.007.004-.003.001a.752.752 0 0 1-.704 0l-.003-.001Z\"><\/path>\n<\/svg>\t\t<span>Ajouter \u00e0 la liste d\u2019envies<\/span>\n\t<\/a>\n<\/div>\n\n\t\t\t<!-- COUNT TEXT -->\n\t\t\t\n\t\t\t<\/div>\n<a href=\"https:\/\/labonnepointure.re\/index.php\/produit\/chaussure-habillee\/\" class=\"woocommerce-LoopProduct-link woocommerce-loop-product__link\"><img decoding=\"async\" width=\"300\" height=\"300\" src=\"https:\/\/labonnepointure.re\/wp-content\/uploads\/2025\/12\/IMG_0893-300x300.webp\" class=\"attachment-woocommerce_thumbnail size-woocommerce_thumbnail\" alt=\"Chaussure habill\u00e9e\" srcset=\"https:\/\/labonnepointure.re\/wp-content\/uploads\/2025\/12\/IMG_0893-300x300.webp 300w, https:\/\/labonnepointure.re\/wp-content\/uploads\/2025\/12\/IMG_0893-10x10.webp 10w, https:\/\/labonnepointure.re\/wp-content\/uploads\/2025\/12\/IMG_0893-100x100.webp 100w\" sizes=\"(max-width: 300px) 100vw, 300px\" \/><h2 class=\"woocommerce-loop-product__title\">Chaussure habill\u00e9e<\/h2>\n\t<span class=\"price\"><span class=\"woocommerce-Price-amount amount\"><bdi>36,99&nbsp;<span class=\"woocommerce-Price-currencySymbol\">&euro;<\/span><\/bdi><\/span><\/span>\n<\/a><a href=\"https:\/\/labonnepointure.re\/index.php\/produit\/chaussure-habillee\/\" aria-describedby=\"woocommerce_loop_add_to_cart_link_describedby_21161\" data-quantity=\"1\" class=\"button product_type_variable add_to_cart_button\" data-product_id=\"21161\" data-product_sku=\"9579\" aria-label=\"S\u00e9lectionner les options pour &ldquo;Chaussure habill\u00e9e&rdquo;\" rel=\"nofollow\">Choix des options<\/a>\t<span id=\"woocommerce_loop_add_to_cart_link_describedby_21161\" class=\"screen-reader-text\">\n\t\tCe produit a plusieurs variations. Les options peuvent \u00eatre choisies sur la page du produit\t<\/span>\n<\/li>\n<li class=\"add-to-wishlist-before_image product type-product post-7734 status-publish instock product_cat-chaussures-de-ville product_cat-homme product_tag-chaussure-de-ville product_tag-homme has-post-thumbnail taxable shipping-taxable purchasable product-type-variable\">\n\t\n<div\n\tclass=\"yith-wcwl-add-to-wishlist add-to-wishlist-7734 yith-wcwl-add-to-wishlist--link-style wishlist-fragment on-first-load\"\n\tdata-fragment-ref=\"7734\"\n\tdata-fragment-options=\"{&quot;base_url&quot;:&quot;&quot;,&quot;product_id&quot;:7734,&quot;parent_product_id&quot;:0,&quot;product_type&quot;:&quot;variable&quot;,&quot;is_single&quot;:false,&quot;in_default_wishlist&quot;:false,&quot;show_view&quot;:false,&quot;browse_wishlist_text&quot;:&quot;Voir la liste d\\u2019envies&quot;,&quot;already_in_wishslist_text&quot;:&quot;Le produit est d\\u00e9j\\u00e0 dans votre liste de souhaits\\u00a0!&quot;,&quot;product_added_text&quot;:&quot;Produit ajout\\u00e9 !&quot;,&quot;available_multi_wishlist&quot;:false,&quot;disable_wishlist&quot;:false,&quot;show_count&quot;:false,&quot;ajax_loading&quot;:false,&quot;loop_position&quot;:&quot;before_image&quot;,&quot;item&quot;:&quot;add_to_wishlist&quot;}\"\n>\n\t\t\t\n\t\t\t<!-- ADD TO WISHLIST -->\n\t\t\t\n<div class=\"yith-wcwl-add-button\">\n\t\t<a\n\t\thref=\"?add_to_wishlist=7734&#038;_wpnonce=75b5619524\"\n\t\tclass=\"add_to_wishlist single_add_to_wishlist\"\n\t\tdata-product-id=\"7734\"\n\t\tdata-product-type=\"variable\"\n\t\tdata-original-product-id=\"0\"\n\t\tdata-title=\"Ajouter \u00e0 la liste d\u2019envies\"\n\t\trel=\"nofollow\"\n\t>\n\t\t<svg id=\"yith-wcwl-icon-heart\" class=\"yith-wcwl-icon-svg\" fill=\"currentColor\" viewBox=\"0 0 24 24\" xmlns=\"http:\/\/www.w3.org\/2000\/svg\">\n  <path d=\"m11.645 20.91-.007-.003-.022-.012a15.247 15.247 0 0 1-.383-.218 25.18 25.18 0 0 1-4.244-3.17C4.688 15.36 2.25 12.174 2.25 8.25 2.25 5.322 4.714 3 7.688 3A5.5 5.5 0 0 1 12 5.052 5.5 5.5 0 0 1 16.313 3c2.973 0 5.437 2.322 5.437 5.25 0 3.925-2.438 7.111-4.739 9.256a25.175 25.175 0 0 1-4.244 3.17 15.247 15.247 0 0 1-.383.219l-.022.012-.007.004-.003.001a.752.752 0 0 1-.704 0l-.003-.001Z\"><\/path>\n<\/svg>\t\t<span>Ajouter \u00e0 la liste d\u2019envies<\/span>\n\t<\/a>\n<\/div>\n\n\t\t\t<!-- COUNT TEXT -->\n\t\t\t\n\t\t\t<\/div>\n<a href=\"https:\/\/labonnepointure.re\/index.php\/produit\/7734\/\" class=\"woocommerce-LoopProduct-link woocommerce-loop-product__link\"><img decoding=\"async\" width=\"300\" height=\"300\" src=\"https:\/\/labonnepointure.re\/wp-content\/uploads\/2025\/06\/ChatGPT-Image-4-juin-2025-14_16_45-300x300.webp\" class=\"attachment-woocommerce_thumbnail size-woocommerce_thumbnail\" alt=\"LEO\" srcset=\"https:\/\/labonnepointure.re\/wp-content\/uploads\/2025\/06\/ChatGPT-Image-4-juin-2025-14_16_45-300x300.webp 300w, https:\/\/labonnepointure.re\/wp-content\/uploads\/2025\/06\/ChatGPT-Image-4-juin-2025-14_16_45-10x10.webp 10w, https:\/\/labonnepointure.re\/wp-content\/uploads\/2025\/06\/ChatGPT-Image-4-juin-2025-14_16_45-100x100.webp 100w\" sizes=\"(max-width: 300px) 100vw, 300px\" \/><h2 class=\"woocommerce-loop-product__title\">LEO<\/h2>\n\t<span class=\"price\"><span class=\"woocommerce-Price-amount amount\"><bdi>29,99&nbsp;<span class=\"woocommerce-Price-currencySymbol\">&euro;<\/span><\/bdi><\/span><\/span>\n<\/a><a href=\"https:\/\/labonnepointure.re\/index.php\/produit\/7734\/\" aria-describedby=\"woocommerce_loop_add_to_cart_link_describedby_7734\" data-quantity=\"1\" class=\"button product_type_variable add_to_cart_button\" data-product_id=\"7734\" data-product_sku=\"9501\" aria-label=\"S\u00e9lectionner les options pour &ldquo;LEO&rdquo;\" rel=\"nofollow\">Choix des options<\/a>\t<span id=\"woocommerce_loop_add_to_cart_link_describedby_7734\" class=\"screen-reader-text\">\n\t\tCe produit a plusieurs variations. Les options peuvent \u00eatre choisies sur la page du produit\t<\/span>\n<\/li>\n<\/ul>\n<\/div>\t\t\t\t<\/div>\n\t\t\t\t<\/div>\n\t\t\t\t<\/div>\n\t\t\t\t<\/div>\n\t\t\t\t\t<\/div>\n\t\t\t\t<\/div>\n\t\t\t\t<\/div>\n\t\t","protected":false},"excerpt":{"rendered":"<p>Chaussures de ville Les chaussures de ville pour hommes sont le choix parfait pour ajouter une touche d\u2019\u00e9l\u00e9gance \u00e0 vos tenues professionnelles ou habill\u00e9es. Con\u00e7ues pour offrir un look soign\u00e9 et un confort exceptionnel, elles sont id\u00e9ales pour les journ\u00e9es au bureau ou pour toute occasion n\u00e9cessitant une tenue plus formelle. Avec une vari\u00e9t\u00e9 de [&hellip;]<\/p>\n","protected":false},"author":2,"featured_media":0,"parent":0,"menu_order":0,"comment_status":"closed","ping_status":"closed","template":"elementor_header_footer","meta":{"footnotes":""},"class_list":["post-5476","page","type-page","status-publish","hentry"],"blocksy_meta":[],"yoast_head":"<!-- This site is optimized with the Yoast SEO plugin v27.3 - https:\/\/yoast.com\/product\/yoast-seo-wordpress\/ -->\n<title>Homme | Chaussures de ville - La Bonne Pointure<\/title>\n<meta name=\"robots\" content=\"index, follow, max-snippet:-1, max-image-preview:large, max-video-preview:-1\" \/>\n<link rel=\"canonical\" href=\"https:\/\/labonnepointure.re\/index.php\/homme-chaussures-de-ville\/\" \/>\n<meta property=\"og:locale\" content=\"fr_FR\" \/>\n<meta property=\"og:type\" content=\"article\" \/>\n<meta property=\"og:title\" content=\"Homme | Chaussures de ville - La Bonne Pointure\" \/>\n<meta property=\"og:description\" content=\"Chaussures de ville Les chaussures de ville pour hommes sont le choix parfait pour ajouter une touche d\u2019\u00e9l\u00e9gance \u00e0 vos tenues professionnelles ou habill\u00e9es. Con\u00e7ues pour offrir un look soign\u00e9 et un confort exceptionnel, elles sont id\u00e9ales pour les journ\u00e9es au bureau ou pour toute occasion n\u00e9cessitant une tenue plus formelle. Avec une vari\u00e9t\u00e9 de [&hellip;]\" \/>\n<meta property=\"og:url\" content=\"https:\/\/labonnepointure.re\/index.php\/homme-chaussures-de-ville\/\" \/>\n<meta property=\"og:site_name\" content=\"La Bonne Pointure\" \/>\n<meta property=\"article:publisher\" content=\"https:\/\/www.facebook.com\/LaBonnePointure974\" \/>\n<meta property=\"article:modified_time\" content=\"2025-12-29T13:40:12+00:00\" \/>\n<meta name=\"twitter:card\" content=\"summary_large_image\" \/>\n<meta name=\"twitter:label1\" content=\"Dur\u00e9e de lecture estim\u00e9e\" \/>\n\t<meta name=\"twitter:data1\" content=\"2 minutes\" \/>\n<script type=\"application\/ld+json\" class=\"yoast-schema-graph\">{\"@context\":\"https:\\\/\\\/schema.org\",\"@graph\":[{\"@type\":\"WebPage\",\"@id\":\"https:\\\/\\\/labonnepointure.re\\\/index.php\\\/homme-chaussures-de-ville\\\/\",\"url\":\"https:\\\/\\\/labonnepointure.re\\\/index.php\\\/homme-chaussures-de-ville\\\/\",\"name\":\"Homme | Chaussures de ville - La Bonne Pointure\",\"isPartOf\":{\"@id\":\"https:\\\/\\\/labonnepointure.re\\\/#website\"},\"datePublished\":\"2024-09-12T06:41:23+00:00\",\"dateModified\":\"2025-12-29T13:40:12+00:00\",\"breadcrumb\":{\"@id\":\"https:\\\/\\\/labonnepointure.re\\\/index.php\\\/homme-chaussures-de-ville\\\/#breadcrumb\"},\"inLanguage\":\"fr-FR\",\"potentialAction\":[{\"@type\":\"ReadAction\",\"target\":[\"https:\\\/\\\/labonnepointure.re\\\/index.php\\\/homme-chaussures-de-ville\\\/\"]}]},{\"@type\":\"BreadcrumbList\",\"@id\":\"https:\\\/\\\/labonnepointure.re\\\/index.php\\\/homme-chaussures-de-ville\\\/#breadcrumb\",\"itemListElement\":[{\"@type\":\"ListItem\",\"position\":1,\"name\":\"Accueil\",\"item\":\"https:\\\/\\\/labonnepointure.re\\\/\"},{\"@type\":\"ListItem\",\"position\":2,\"name\":\"Homme | Chaussures de ville\"}]},{\"@type\":\"WebSite\",\"@id\":\"https:\\\/\\\/labonnepointure.re\\\/#website\",\"url\":\"https:\\\/\\\/labonnepointure.re\\\/\",\"name\":\"La Bonne Pointure R\u00e9union\",\"description\":\"La Bonne Pointure votre marque 100% r\u00e9unionnaise\",\"publisher\":{\"@id\":\"https:\\\/\\\/labonnepointure.re\\\/#organization\"},\"potentialAction\":[{\"@type\":\"SearchAction\",\"target\":{\"@type\":\"EntryPoint\",\"urlTemplate\":\"https:\\\/\\\/labonnepointure.re\\\/?s={search_term_string}\"},\"query-input\":{\"@type\":\"PropertyValueSpecification\",\"valueRequired\":true,\"valueName\":\"search_term_string\"}}],\"inLanguage\":\"fr-FR\"},{\"@type\":\"Organization\",\"@id\":\"https:\\\/\\\/labonnepointure.re\\\/#organization\",\"name\":\"La Bonne Pointure R\u00e9union\",\"alternateName\":\"La Bonne Pointure\",\"url\":\"https:\\\/\\\/labonnepointure.re\\\/\",\"logo\":{\"@type\":\"ImageObject\",\"inLanguage\":\"fr-FR\",\"@id\":\"https:\\\/\\\/labonnepointure.re\\\/#\\\/schema\\\/logo\\\/image\\\/\",\"url\":\"https:\\\/\\\/labonnepointure.re\\\/wp-content\\\/uploads\\\/2024\\\/05\\\/cropped-Copie-de-post-instfb-13.png\",\"contentUrl\":\"https:\\\/\\\/labonnepointure.re\\\/wp-content\\\/uploads\\\/2024\\\/05\\\/cropped-Copie-de-post-instfb-13.png\",\"width\":512,\"height\":512,\"caption\":\"La Bonne Pointure R\u00e9union\"},\"image\":{\"@id\":\"https:\\\/\\\/labonnepointure.re\\\/#\\\/schema\\\/logo\\\/image\\\/\"},\"sameAs\":[\"https:\\\/\\\/www.facebook.com\\\/LaBonnePointure974\",\"https:\\\/\\\/www.instagram.com\\\/labonnepointure_run\\\/\"]}]}<\/script>\n<!-- \/ Yoast SEO plugin. -->","yoast_head_json":{"title":"Homme | Chaussures de ville - La Bonne Pointure","robots":{"index":"index","follow":"follow","max-snippet":"max-snippet:-1","max-image-preview":"max-image-preview:large","max-video-preview":"max-video-preview:-1"},"canonical":"https:\/\/labonnepointure.re\/index.php\/homme-chaussures-de-ville\/","og_locale":"fr_FR","og_type":"article","og_title":"Homme | Chaussures de ville - La Bonne Pointure","og_description":"Chaussures de ville Les chaussures de ville pour hommes sont le choix parfait pour ajouter une touche d\u2019\u00e9l\u00e9gance \u00e0 vos tenues professionnelles ou habill\u00e9es. Con\u00e7ues pour offrir un look soign\u00e9 et un confort exceptionnel, elles sont id\u00e9ales pour les journ\u00e9es au bureau ou pour toute occasion n\u00e9cessitant une tenue plus formelle. Avec une vari\u00e9t\u00e9 de [&hellip;]","og_url":"https:\/\/labonnepointure.re\/index.php\/homme-chaussures-de-ville\/","og_site_name":"La Bonne Pointure","article_publisher":"https:\/\/www.facebook.com\/LaBonnePointure974","article_modified_time":"2025-12-29T13:40:12+00:00","twitter_card":"summary_large_image","twitter_misc":{"Dur\u00e9e de lecture estim\u00e9e":"2 minutes"},"schema":{"@context":"https:\/\/schema.org","@graph":[{"@type":"WebPage","@id":"https:\/\/labonnepointure.re\/index.php\/homme-chaussures-de-ville\/","url":"https:\/\/labonnepointure.re\/index.php\/homme-chaussures-de-ville\/","name":"Homme | Chaussures de ville - La Bonne Pointure","isPartOf":{"@id":"https:\/\/labonnepointure.re\/#website"},"datePublished":"2024-09-12T06:41:23+00:00","dateModified":"2025-12-29T13:40:12+00:00","breadcrumb":{"@id":"https:\/\/labonnepointure.re\/index.php\/homme-chaussures-de-ville\/#breadcrumb"},"inLanguage":"fr-FR","potentialAction":[{"@type":"ReadAction","target":["https:\/\/labonnepointure.re\/index.php\/homme-chaussures-de-ville\/"]}]},{"@type":"BreadcrumbList","@id":"https:\/\/labonnepointure.re\/index.php\/homme-chaussures-de-ville\/#breadcrumb","itemListElement":[{"@type":"ListItem","position":1,"name":"Accueil","item":"https:\/\/labonnepointure.re\/"},{"@type":"ListItem","position":2,"name":"Homme | Chaussures de ville"}]},{"@type":"WebSite","@id":"https:\/\/labonnepointure.re\/#website","url":"https:\/\/labonnepointure.re\/","name":"La Bonne Pointure R\u00e9union","description":"La Bonne Pointure votre marque 100% r\u00e9unionnaise","publisher":{"@id":"https:\/\/labonnepointure.re\/#organization"},"potentialAction":[{"@type":"SearchAction","target":{"@type":"EntryPoint","urlTemplate":"https:\/\/labonnepointure.re\/?s={search_term_string}"},"query-input":{"@type":"PropertyValueSpecification","valueRequired":true,"valueName":"search_term_string"}}],"inLanguage":"fr-FR"},{"@type":"Organization","@id":"https:\/\/labonnepointure.re\/#organization","name":"La Bonne Pointure R\u00e9union","alternateName":"La Bonne Pointure","url":"https:\/\/labonnepointure.re\/","logo":{"@type":"ImageObject","inLanguage":"fr-FR","@id":"https:\/\/labonnepointure.re\/#\/schema\/logo\/image\/","url":"https:\/\/labonnepointure.re\/wp-content\/uploads\/2024\/05\/cropped-Copie-de-post-instfb-13.png","contentUrl":"https:\/\/labonnepointure.re\/wp-content\/uploads\/2024\/05\/cropped-Copie-de-post-instfb-13.png","width":512,"height":512,"caption":"La Bonne Pointure R\u00e9union"},"image":{"@id":"https:\/\/labonnepointure.re\/#\/schema\/logo\/image\/"},"sameAs":["https:\/\/www.facebook.com\/LaBonnePointure974","https:\/\/www.instagram.com\/labonnepointure_run\/"]}]}},"_links":{"self":[{"href":"https:\/\/labonnepointure.re\/index.php\/wp-json\/wp\/v2\/pages\/5476","targetHints":{"allow":["GET"]}}],"collection":[{"href":"https:\/\/labonnepointure.re\/index.php\/wp-json\/wp\/v2\/pages"}],"about":[{"href":"https:\/\/labonnepointure.re\/index.php\/wp-json\/wp\/v2\/types\/page"}],"author":[{"embeddable":true,"href":"https:\/\/labonnepointure.re\/index.php\/wp-json\/wp\/v2\/users\/2"}],"replies":[{"embeddable":true,"href":"https:\/\/labonnepointure.re\/index.php\/wp-json\/wp\/v2\/comments?post=5476"}],"version-history":[{"count":3,"href":"https:\/\/labonnepointure.re\/index.php\/wp-json\/wp\/v2\/pages\/5476\/revisions"}],"predecessor-version":[{"id":21889,"href":"https:\/\/labonnepointure.re\/index.php\/wp-json\/wp\/v2\/pages\/5476\/revisions\/21889"}],"wp:attachment":[{"href":"https:\/\/labonnepointure.re\/index.php\/wp-json\/wp\/v2\/media?parent=5476"}],"curies":[{"name":"wp","href":"https:\/\/api.w.org\/{rel}","templated":true}]}}