{"id":5245,"date":"2024-09-12T09:01:34","date_gmt":"2024-09-12T05:01:34","guid":{"rendered":"http:\/\/labonnk.cluster023.hosting.ovh.net\/?page_id=5245"},"modified":"2026-03-27T14:02:46","modified_gmt":"2026-03-27T10:02:46","slug":"baskets-femme-reunion","status":"publish","type":"page","link":"https:\/\/labonnepointure.re\/index.php\/baskets-femme-reunion\/","title":{"rendered":"Femme | Baskets"},"content":{"rendered":"\t\t<div data-elementor-type=\"wp-page\" data-elementor-id=\"5245\" class=\"elementor elementor-5245\" data-elementor-post-type=\"page\">\n\t\t\t\t<div class=\"elementor-element elementor-element-aecb6d2 e-flex e-con-boxed e-con e-parent\" data-id=\"aecb6d2\" data-element_type=\"container\" data-e-type=\"container\" data-settings=\"{&quot;background_background&quot;:&quot;classic&quot;}\">\n\t\t\t\t\t<div class=\"e-con-inner\">\n\t\t<div class=\"elementor-element elementor-element-a4c12e4 e-con-full e-flex e-con e-child\" data-id=\"a4c12e4\" data-element_type=\"container\" data-e-type=\"container\">\n\t\t<div class=\"elementor-element elementor-element-8d3762e e-con-full e-flex e-con e-child\" data-id=\"8d3762e\" data-element_type=\"container\" data-e-type=\"container\">\n\t\t\t\t<div class=\"elementor-element elementor-element-2127cf7 elementor-widget elementor-widget-woocommerce-breadcrumb\" data-id=\"2127cf7\" data-element_type=\"widget\" data-e-type=\"widget\" data-widget_type=\"woocommerce-breadcrumb.default\">\n\t\t\t\t<div class=\"elementor-widget-container\">\n\t\t\t\t\t<nav class=\"woocommerce-breadcrumb\" aria-label=\"Breadcrumb\">Accueil<\/nav>\t\t\t\t<\/div>\n\t\t\t\t<\/div>\n\t\t\t\t<\/div>\n\t\t\t\t<div class=\"elementor-element elementor-element-1eb7430 elementor-invisible elementor-widget elementor-widget-heading\" data-id=\"1eb7430\" data-element_type=\"widget\" data-e-type=\"widget\" data-settings=\"{&quot;_animation&quot;:&quot;fadeInLeft&quot;}\" data-widget_type=\"heading.default\">\n\t\t\t\t<div class=\"elementor-widget-container\">\n\t\t\t\t\t<h1 class=\"elementor-heading-title elementor-size-default\">Baskets femme \u00e0 La R\u00e9union<\/h1>\t\t\t\t<\/div>\n\t\t\t\t<\/div>\n\t\t<div class=\"elementor-element elementor-element-c8f7e93 e-con-full e-flex e-con e-child\" data-id=\"c8f7e93\" data-element_type=\"container\" data-e-type=\"container\">\n\t\t\t\t<div class=\"elementor-element elementor-element-d5b08dc elementor-widget__width-initial elementor-widget elementor-widget-text-editor\" data-id=\"d5b08dc\" data-element_type=\"widget\" data-e-type=\"widget\" data-widget_type=\"text-editor.default\">\n\t\t\t\t<div class=\"elementor-widget-container\">\n\t\t\t\t\t\t\t\t\t<p class=\"p1\">D\u00e9couvrez notre collection de <strong>baskets pour femme<\/strong> \u00e0 La R\u00e9union. La Bonne Pointure vous propose <strong>des mod\u00e8les tendance<\/strong>, <strong>confortable<\/strong>s et faciles \u00e0 porter au quotidien, \u00e0 <strong>petits prix<\/strong>.<\/p>\t\t\t\t\t\t\t\t<\/div>\n\t\t\t\t<\/div>\n\t\t\t\t<\/div>\n\t\t\t\t<\/div>\n\t\t\t\t\t<\/div>\n\t\t\t\t<\/div>\n\t\t<div class=\"elementor-element elementor-element-821e659 e-flex e-con-boxed e-con e-parent\" data-id=\"821e659\" data-element_type=\"container\" data-e-type=\"container\">\n\t\t\t\t\t<div class=\"e-con-inner\">\n\t\t<div class=\"elementor-element elementor-element-efe8584 e-con-full e-flex e-con e-child\" data-id=\"efe8584\" data-element_type=\"container\" data-e-type=\"container\">\n\t\t\t\t<div class=\"elementor-element elementor-element-0b6e686 elementor-products-grid elementor-wc-products elementor-show-pagination-border-yes elementor-widget elementor-widget-wc-archive-products\" data-id=\"0b6e686\" data-element_type=\"widget\" data-e-type=\"widget\" data-widget_type=\"wc-archive-products.default\">\n\t\t\t\t<div class=\"elementor-widget-container\">\n\t\t\t\t\t<div class=\"elementor-nothing-found elementor-products-nothing-found\">Il semble que nous ne trouvions pas ce que vous cherchez.<\/div>\t\t\t\t<\/div>\n\t\t\t\t<\/div>\n\t\t\t\t<\/div>\n\t\t\t\t\t<\/div>\n\t\t\t\t<\/div>\n\t\t<div class=\"elementor-element elementor-element-b8846b4 e-flex e-con-boxed e-con e-parent\" data-id=\"b8846b4\" data-element_type=\"container\" data-e-type=\"container\">\n\t\t\t\t\t<div class=\"e-con-inner\">\n\t\t<div class=\"elementor-element elementor-element-a84a114 e-con-full e-flex e-con e-child\" data-id=\"a84a114\" data-element_type=\"container\" data-e-type=\"container\">\n\t\t\t\t<div class=\"elementor-element elementor-element-5c68695 elementor-grid-4 elementor-grid-tablet-3 elementor-grid-mobile-2 elementor-products-grid elementor-wc-products elementor-show-pagination-border-yes elementor-widget elementor-widget-woocommerce-products\" data-id=\"5c68695\" data-element_type=\"widget\" data-e-type=\"widget\" data-widget_type=\"woocommerce-products.default\">\n\t\t\t\t<div class=\"elementor-widget-container\">\n\t\t\t\t\t<div class=\"woocommerce columns-4 \"><div class=\"woocommerce-notices-wrapper\"><\/div><div class=\"woo-listing-top\"><\/div><ul class=\"products elementor-grid columns-4\" data-products=\"type-1\">\n<li class=\"add-to-wishlist-before_image product type-product post-21390 status-publish first instock product_cat-basket product_cat-femme product_tag-basket product_tag-basket-femme product_tag-femme has-post-thumbnail taxable shipping-taxable purchasable product-type-variable\">\n\t\n<div\n\tclass=\"yith-wcwl-add-to-wishlist add-to-wishlist-21390 yith-wcwl-add-to-wishlist--link-style wishlist-fragment on-first-load\"\n\tdata-fragment-ref=\"21390\"\n\tdata-fragment-options=\"{&quot;base_url&quot;:&quot;&quot;,&quot;product_id&quot;:21390,&quot;parent_product_id&quot;:0,&quot;product_type&quot;:&quot;variable&quot;,&quot;is_single&quot;:false,&quot;in_default_wishlist&quot;:false,&quot;show_view&quot;:false,&quot;browse_wishlist_text&quot;:&quot;Voir la liste d\\u2019envies&quot;,&quot;already_in_wishslist_text&quot;:&quot;Le produit est d\\u00e9j\\u00e0 dans votre liste de souhaits\\u00a0!&quot;,&quot;product_added_text&quot;:&quot;Produit ajout\\u00e9 !&quot;,&quot;available_multi_wishlist&quot;:false,&quot;disable_wishlist&quot;:false,&quot;show_count&quot;:false,&quot;ajax_loading&quot;:false,&quot;loop_position&quot;:&quot;before_image&quot;,&quot;item&quot;:&quot;add_to_wishlist&quot;}\"\n>\n\t\t\t\n\t\t\t<!-- ADD TO WISHLIST -->\n\t\t\t\n<div class=\"yith-wcwl-add-button\">\n\t\t<a\n\t\thref=\"?add_to_wishlist=21390&#038;_wpnonce=c8f842cb8d\"\n\t\tclass=\"add_to_wishlist single_add_to_wishlist\"\n\t\tdata-product-id=\"21390\"\n\t\tdata-product-type=\"variable\"\n\t\tdata-original-product-id=\"0\"\n\t\tdata-title=\"Ajouter \u00e0 la liste d\u2019envies\"\n\t\trel=\"nofollow\"\n\t>\n\t\t<svg id=\"yith-wcwl-icon-heart\" class=\"yith-wcwl-icon-svg\" fill=\"currentColor\" viewBox=\"0 0 24 24\" xmlns=\"http:\/\/www.w3.org\/2000\/svg\">\n  <path d=\"m11.645 20.91-.007-.003-.022-.012a15.247 15.247 0 0 1-.383-.218 25.18 25.18 0 0 1-4.244-3.17C4.688 15.36 2.25 12.174 2.25 8.25 2.25 5.322 4.714 3 7.688 3A5.5 5.5 0 0 1 12 5.052 5.5 5.5 0 0 1 16.313 3c2.973 0 5.437 2.322 5.437 5.25 0 3.925-2.438 7.111-4.739 9.256a25.175 25.175 0 0 1-4.244 3.17 15.247 15.247 0 0 1-.383.219l-.022.012-.007.004-.003.001a.752.752 0 0 1-.704 0l-.003-.001Z\"><\/path>\n<\/svg>\t\t<span>Ajouter \u00e0 la liste d\u2019envies<\/span>\n\t<\/a>\n<\/div>\n\n\t\t\t<!-- COUNT TEXT -->\n\t\t\t\n\t\t\t<\/div>\n<a href=\"https:\/\/labonnepointure.re\/index.php\/produit\/basket-basse-a-semelle-contrastee\/\" class=\"woocommerce-LoopProduct-link woocommerce-loop-product__link\"><img fetchpriority=\"high\" decoding=\"async\" width=\"300\" height=\"300\" src=\"https:\/\/labonnepointure.re\/wp-content\/uploads\/2025\/12\/ChatGPT-Image-23-dec.-2025-09_45_19-300x300.webp\" class=\"attachment-woocommerce_thumbnail size-woocommerce_thumbnail\" alt=\"Basket basse \u00e0 semelle contrast\u00e9e\" srcset=\"https:\/\/labonnepointure.re\/wp-content\/uploads\/2025\/12\/ChatGPT-Image-23-dec.-2025-09_45_19-300x300.webp 300w, https:\/\/labonnepointure.re\/wp-content\/uploads\/2025\/12\/ChatGPT-Image-23-dec.-2025-09_45_19-10x10.webp 10w, https:\/\/labonnepointure.re\/wp-content\/uploads\/2025\/12\/ChatGPT-Image-23-dec.-2025-09_45_19-100x100.webp 100w\" sizes=\"(max-width: 300px) 100vw, 300px\" \/><h2 class=\"woocommerce-loop-product__title\">Basket basse \u00e0 semelle contrast\u00e9e<\/h2>\n\t<span class=\"price\"><span class=\"woocommerce-Price-amount amount\"><bdi>24,99&nbsp;<span class=\"woocommerce-Price-currencySymbol\">&euro;<\/span><\/bdi><\/span><\/span>\n<\/a><a href=\"https:\/\/labonnepointure.re\/index.php\/produit\/basket-basse-a-semelle-contrastee\/\" aria-describedby=\"woocommerce_loop_add_to_cart_link_describedby_21390\" data-quantity=\"1\" class=\"button product_type_variable add_to_cart_button\" data-product_id=\"21390\" data-product_sku=\"6528\" aria-label=\"S\u00e9lectionner les options pour &ldquo;Basket basse \u00e0 semelle contrast\u00e9e&rdquo;\" rel=\"nofollow\">Choix des options<\/a>\t<span id=\"woocommerce_loop_add_to_cart_link_describedby_21390\" class=\"screen-reader-text\">\n\t\tCe produit a plusieurs variations. Les options peuvent \u00eatre choisies sur la page du produit\t<\/span>\n<\/li>\n<\/ul>\n<\/div>\t\t\t\t<\/div>\n\t\t\t\t<\/div>\n\t\t\t\t<\/div>\n\t\t\t\t\t<\/div>\n\t\t\t\t<\/div>\n\t\t\t\t<\/div>\n\t\t","protected":false},"excerpt":{"rendered":"<p>Baskets femme \u00e0 La R\u00e9union D\u00e9couvrez notre collection de baskets pour femme \u00e0 La R\u00e9union. La Bonne Pointure vous propose des mod\u00e8les tendance, confortables et faciles \u00e0 porter au quotidien, \u00e0 petits prix.<\/p>\n","protected":false},"author":2,"featured_media":0,"parent":0,"menu_order":0,"comment_status":"closed","ping_status":"closed","template":"elementor_header_footer","meta":{"footnotes":""},"class_list":["post-5245","page","type-page","status-publish","hentry"],"blocksy_meta":[],"yoast_head":"<!-- This site is optimized with the Yoast SEO plugin v27.5 - https:\/\/yoast.com\/product\/yoast-seo-wordpress\/ -->\n<title>Baskets femme \u00e0 La R\u00e9union | La Bonne Pointure<\/title>\n<meta name=\"description\" content=\"D\u00e9couvrez notre s\u00e9lection de baskets femme \u00e0 La R\u00e9union : mod\u00e8les tendance, confortables et \u00e0 petits prix chez La Bonne Pointure.\" \/>\n<meta name=\"robots\" content=\"index, follow, max-snippet:-1, max-image-preview:large, max-video-preview:-1\" \/>\n<link rel=\"canonical\" href=\"https:\/\/labonnepointure.re\/index.php\/baskets-femme-reunion\/\" \/>\n<meta property=\"og:locale\" content=\"fr_FR\" \/>\n<meta property=\"og:type\" content=\"article\" \/>\n<meta property=\"og:title\" content=\"Baskets femme \u00e0 La R\u00e9union | La Bonne Pointure\" \/>\n<meta property=\"og:description\" content=\"D\u00e9couvrez notre s\u00e9lection de baskets femme \u00e0 La R\u00e9union : mod\u00e8les tendance, confortables et \u00e0 petits prix chez La Bonne Pointure.\" \/>\n<meta property=\"og:url\" content=\"https:\/\/labonnepointure.re\/index.php\/baskets-femme-reunion\/\" \/>\n<meta property=\"og:site_name\" content=\"La Bonne Pointure\" \/>\n<meta property=\"article:publisher\" content=\"https:\/\/www.facebook.com\/LaBonnePointure974\" \/>\n<meta property=\"article:modified_time\" content=\"2026-03-27T10:02:46+00:00\" \/>\n<meta name=\"twitter:card\" content=\"summary_large_image\" \/>\n<meta name=\"twitter:label1\" content=\"Dur\u00e9e de lecture estim\u00e9e\" \/>\n\t<meta name=\"twitter:data1\" content=\"2 minutes\" \/>\n<script type=\"application\/ld+json\" class=\"yoast-schema-graph\">{\"@context\":\"https:\\\/\\\/schema.org\",\"@graph\":[{\"@type\":\"WebPage\",\"@id\":\"https:\\\/\\\/labonnepointure.re\\\/index.php\\\/baskets-femme-reunion\\\/\",\"url\":\"https:\\\/\\\/labonnepointure.re\\\/index.php\\\/baskets-femme-reunion\\\/\",\"name\":\"Baskets femme \u00e0 La R\u00e9union | La Bonne Pointure\",\"isPartOf\":{\"@id\":\"https:\\\/\\\/labonnepointure.re\\\/#website\"},\"datePublished\":\"2024-09-12T05:01:34+00:00\",\"dateModified\":\"2026-03-27T10:02:46+00:00\",\"description\":\"D\u00e9couvrez notre s\u00e9lection de baskets femme \u00e0 La R\u00e9union : mod\u00e8les tendance, confortables et \u00e0 petits prix chez La Bonne Pointure.\",\"breadcrumb\":{\"@id\":\"https:\\\/\\\/labonnepointure.re\\\/index.php\\\/baskets-femme-reunion\\\/#breadcrumb\"},\"inLanguage\":\"fr-FR\",\"potentialAction\":[{\"@type\":\"ReadAction\",\"target\":[\"https:\\\/\\\/labonnepointure.re\\\/index.php\\\/baskets-femme-reunion\\\/\"]}]},{\"@type\":\"BreadcrumbList\",\"@id\":\"https:\\\/\\\/labonnepointure.re\\\/index.php\\\/baskets-femme-reunion\\\/#breadcrumb\",\"itemListElement\":[{\"@type\":\"ListItem\",\"position\":1,\"name\":\"Accueil\",\"item\":\"https:\\\/\\\/labonnepointure.re\\\/\"},{\"@type\":\"ListItem\",\"position\":2,\"name\":\"Femme | Baskets\"}]},{\"@type\":\"WebSite\",\"@id\":\"https:\\\/\\\/labonnepointure.re\\\/#website\",\"url\":\"https:\\\/\\\/labonnepointure.re\\\/\",\"name\":\"La Bonne Pointure R\u00e9union\",\"description\":\"La Bonne Pointure votre marque 100% r\u00e9unionnaise\",\"publisher\":{\"@id\":\"https:\\\/\\\/labonnepointure.re\\\/#organization\"},\"potentialAction\":[{\"@type\":\"SearchAction\",\"target\":{\"@type\":\"EntryPoint\",\"urlTemplate\":\"https:\\\/\\\/labonnepointure.re\\\/?s={search_term_string}\"},\"query-input\":{\"@type\":\"PropertyValueSpecification\",\"valueRequired\":true,\"valueName\":\"search_term_string\"}}],\"inLanguage\":\"fr-FR\"},{\"@type\":\"Organization\",\"@id\":\"https:\\\/\\\/labonnepointure.re\\\/#organization\",\"name\":\"La Bonne Pointure R\u00e9union\",\"alternateName\":\"La Bonne Pointure\",\"url\":\"https:\\\/\\\/labonnepointure.re\\\/\",\"logo\":{\"@type\":\"ImageObject\",\"inLanguage\":\"fr-FR\",\"@id\":\"https:\\\/\\\/labonnepointure.re\\\/#\\\/schema\\\/logo\\\/image\\\/\",\"url\":\"https:\\\/\\\/labonnepointure.re\\\/wp-content\\\/uploads\\\/2024\\\/05\\\/cropped-Copie-de-post-instfb-13.png\",\"contentUrl\":\"https:\\\/\\\/labonnepointure.re\\\/wp-content\\\/uploads\\\/2024\\\/05\\\/cropped-Copie-de-post-instfb-13.png\",\"width\":512,\"height\":512,\"caption\":\"La Bonne Pointure R\u00e9union\"},\"image\":{\"@id\":\"https:\\\/\\\/labonnepointure.re\\\/#\\\/schema\\\/logo\\\/image\\\/\"},\"sameAs\":[\"https:\\\/\\\/www.facebook.com\\\/LaBonnePointure974\",\"https:\\\/\\\/www.instagram.com\\\/labonnepointure_run\\\/\"]}]}<\/script>\n<!-- \/ Yoast SEO plugin. -->","yoast_head_json":{"title":"Baskets femme \u00e0 La R\u00e9union | La Bonne Pointure","description":"D\u00e9couvrez notre s\u00e9lection de baskets femme \u00e0 La R\u00e9union : mod\u00e8les tendance, confortables et \u00e0 petits prix chez La Bonne Pointure.","robots":{"index":"index","follow":"follow","max-snippet":"max-snippet:-1","max-image-preview":"max-image-preview:large","max-video-preview":"max-video-preview:-1"},"canonical":"https:\/\/labonnepointure.re\/index.php\/baskets-femme-reunion\/","og_locale":"fr_FR","og_type":"article","og_title":"Baskets femme \u00e0 La R\u00e9union | La Bonne Pointure","og_description":"D\u00e9couvrez notre s\u00e9lection de baskets femme \u00e0 La R\u00e9union : mod\u00e8les tendance, confortables et \u00e0 petits prix chez La Bonne Pointure.","og_url":"https:\/\/labonnepointure.re\/index.php\/baskets-femme-reunion\/","og_site_name":"La Bonne Pointure","article_publisher":"https:\/\/www.facebook.com\/LaBonnePointure974","article_modified_time":"2026-03-27T10:02:46+00:00","twitter_card":"summary_large_image","twitter_misc":{"Dur\u00e9e de lecture estim\u00e9e":"2 minutes"},"schema":{"@context":"https:\/\/schema.org","@graph":[{"@type":"WebPage","@id":"https:\/\/labonnepointure.re\/index.php\/baskets-femme-reunion\/","url":"https:\/\/labonnepointure.re\/index.php\/baskets-femme-reunion\/","name":"Baskets femme \u00e0 La R\u00e9union | La Bonne Pointure","isPartOf":{"@id":"https:\/\/labonnepointure.re\/#website"},"datePublished":"2024-09-12T05:01:34+00:00","dateModified":"2026-03-27T10:02:46+00:00","description":"D\u00e9couvrez notre s\u00e9lection de baskets femme \u00e0 La R\u00e9union : mod\u00e8les tendance, confortables et \u00e0 petits prix chez La Bonne Pointure.","breadcrumb":{"@id":"https:\/\/labonnepointure.re\/index.php\/baskets-femme-reunion\/#breadcrumb"},"inLanguage":"fr-FR","potentialAction":[{"@type":"ReadAction","target":["https:\/\/labonnepointure.re\/index.php\/baskets-femme-reunion\/"]}]},{"@type":"BreadcrumbList","@id":"https:\/\/labonnepointure.re\/index.php\/baskets-femme-reunion\/#breadcrumb","itemListElement":[{"@type":"ListItem","position":1,"name":"Accueil","item":"https:\/\/labonnepointure.re\/"},{"@type":"ListItem","position":2,"name":"Femme | Baskets"}]},{"@type":"WebSite","@id":"https:\/\/labonnepointure.re\/#website","url":"https:\/\/labonnepointure.re\/","name":"La Bonne Pointure R\u00e9union","description":"La Bonne Pointure votre marque 100% r\u00e9unionnaise","publisher":{"@id":"https:\/\/labonnepointure.re\/#organization"},"potentialAction":[{"@type":"SearchAction","target":{"@type":"EntryPoint","urlTemplate":"https:\/\/labonnepointure.re\/?s={search_term_string}"},"query-input":{"@type":"PropertyValueSpecification","valueRequired":true,"valueName":"search_term_string"}}],"inLanguage":"fr-FR"},{"@type":"Organization","@id":"https:\/\/labonnepointure.re\/#organization","name":"La Bonne Pointure R\u00e9union","alternateName":"La Bonne Pointure","url":"https:\/\/labonnepointure.re\/","logo":{"@type":"ImageObject","inLanguage":"fr-FR","@id":"https:\/\/labonnepointure.re\/#\/schema\/logo\/image\/","url":"https:\/\/labonnepointure.re\/wp-content\/uploads\/2024\/05\/cropped-Copie-de-post-instfb-13.png","contentUrl":"https:\/\/labonnepointure.re\/wp-content\/uploads\/2024\/05\/cropped-Copie-de-post-instfb-13.png","width":512,"height":512,"caption":"La Bonne Pointure R\u00e9union"},"image":{"@id":"https:\/\/labonnepointure.re\/#\/schema\/logo\/image\/"},"sameAs":["https:\/\/www.facebook.com\/LaBonnePointure974","https:\/\/www.instagram.com\/labonnepointure_run\/"]}]}},"_links":{"self":[{"href":"https:\/\/labonnepointure.re\/index.php\/wp-json\/wp\/v2\/pages\/5245","targetHints":{"allow":["GET"]}}],"collection":[{"href":"https:\/\/labonnepointure.re\/index.php\/wp-json\/wp\/v2\/pages"}],"about":[{"href":"https:\/\/labonnepointure.re\/index.php\/wp-json\/wp\/v2\/types\/page"}],"author":[{"embeddable":true,"href":"https:\/\/labonnepointure.re\/index.php\/wp-json\/wp\/v2\/users\/2"}],"replies":[{"embeddable":true,"href":"https:\/\/labonnepointure.re\/index.php\/wp-json\/wp\/v2\/comments?post=5245"}],"version-history":[{"count":23,"href":"https:\/\/labonnepointure.re\/index.php\/wp-json\/wp\/v2\/pages\/5245\/revisions"}],"predecessor-version":[{"id":23973,"href":"https:\/\/labonnepointure.re\/index.php\/wp-json\/wp\/v2\/pages\/5245\/revisions\/23973"}],"wp:attachment":[{"href":"https:\/\/labonnepointure.re\/index.php\/wp-json\/wp\/v2\/media?parent=5245"}],"curies":[{"name":"wp","href":"https:\/\/api.w.org\/{rel}","templated":true}]}}