{"id":3,"date":"2021-12-23T22:06:12","date_gmt":"2021-12-23T22:06:12","guid":{"rendered":"https:\/\/startersites.io\/elementor\/garderobe\/?page_id=3"},"modified":"2025-08-12T10:01:36","modified_gmt":"2025-08-12T06:01:36","slug":"privacy-policy","status":"publish","type":"page","link":"https:\/\/labonnepointure.re\/index.php\/privacy-policy\/","title":{"rendered":"Mentions l\u00e9gales"},"content":{"rendered":"\t\t<div data-elementor-type=\"wp-page\" data-elementor-id=\"3\" class=\"elementor elementor-3\" data-elementor-post-type=\"page\">\n\t\t\t\t<div class=\"elementor-element elementor-element-12340e7a e-flex e-con-boxed e-con e-parent\" data-id=\"12340e7a\" data-element_type=\"container\" data-e-type=\"container\">\n\t\t\t\t\t<div class=\"e-con-inner\">\n\t\t\t\t<div class=\"elementor-element elementor-element-3f0c0106 elementor-widget elementor-widget-text-editor\" data-id=\"3f0c0106\" data-element_type=\"widget\" data-e-type=\"widget\" data-widget_type=\"text-editor.default\">\n\t\t\t\t<div class=\"elementor-widget-container\">\n\t\t\t\t\t\t\t\t\t<h2><strong>Mentions l\u00e9gales<\/strong><\/h2><p><span style=\"font-weight: 400;\">Le site internet https:\/\/www.labonnepointure.re est soumis \u00e0 la loi fran\u00e7aise. Le pr\u00e9sent site est \u00e9dit\u00e9 et g\u00e9r\u00e9 par la soci\u00e9t\u00e9 LBP III (LA BONNE POINTURE), au capital de 1 000\u20ac, immatricul\u00e9e au Registre du Commerce et des Soci\u00e9t\u00e9s de Saint Denis, La R\u00e9union sous le num\u00e9ro 524 932 506, dont le si\u00e8ge social est situ\u00e9 <a href=\"https:\/\/annuaire-entreprises.data.gouv.fr\/etablissement\/52493250600016\">158 AVENUE ILE DE FRANCE 97440 SAINT-ANDRE<\/a>.<\/span><\/p><p>Num\u00e9ro de SIRET :\u00a0<span style=\"font-family: 'Helvetica Neue'; font-size: 13px;\">439 312 232 00101<\/span><\/p><p><span style=\"font-weight: 400;\">DIRECTRICE DE LA PUBLICATION ET REPR\u00c9SENTANT L\u00c9GAL : Tayebah Ingar<\/span><\/p><p>LA BONNE POINTURE III est propri\u00e9taire des sources du site internet.<\/p><p><span style=\"font-weight: 400;\">H\u00c9BERGEUR<\/span><\/p><p><span style=\"font-weight: 400;\">Site h\u00e9berg\u00e9 en France par :<\/span><\/p><p><span style=\"font-weight: 400;\">OVH SARL\u2013<\/span><\/p><p><a href=\"https:\/\/www.ovhcloud.com\/fr\/\"><span style=\"font-weight: 400;\">https:\/\/www.ovhcloud.com\/fr\/<\/span><span style=\"font-weight: 400;\"><br \/><\/span><\/a><span style=\"font-weight: 400;\">Lille <\/span><b>2, rue Kellermann, 59100 Roubaix<\/b><span style=\"font-weight: 400;\">.<\/span><\/p><p><span style=\"font-weight: 400;\">R\u00c9ALISATION DU SITE<\/span><\/p><p><span style=\"font-weight: 400;\">LA BONNE POINTURE \u2013 <\/span><a href=\"https:\/\/labonnepointure.re\/\"><span style=\"font-weight: 400;\">labonnepointure.re<\/span><span style=\"font-weight: 400;\"><br \/><\/span><\/a><span style=\"font-weight: 400;\">LA BONNE POINTURE, 158 Avenue Ile de France 97440 Saint Andr\u00e9<\/span><\/p><p><span style=\"font-weight: 400;\">GESTION DES DONN\u00c9ES PERSONNELLES<\/span><\/p><p><span style=\"font-weight: 400;\">Les informations susceptibles d\u2019\u00eatre collect\u00e9es sur le pr\u00e9sent site sont exclusivement destin\u00e9es au traitement de votre demande par LA BONNE POINTURE. Conform\u00e9ment aux dispositions des articles 38 et suivants de la loi 78-17 du 6 janvier 1978, vous disposez \u00e0 tout moment d\u2019un droit d\u2019acc\u00e8s, de communication, de rectification, d\u2019actualisation et de suppression des donn\u00e9es personnelles vous concernant. Pour exercer l\u2019un de ces droits, vous pouvez adresser un courrier postal \u00e0 l\u2019adresse suivante :<\/span><span style=\"font-weight: 400;\"><br \/><\/span><span style=\"font-weight: 400;\">LA BONNE POINTURE, 158 Avenue Ile de France 97440 Saint Andr\u00e9<\/span><\/p><p><span style=\"font-weight: 400;\">INFORMATIONS SUR LES COOKIES<\/span><\/p><p><span style=\"font-weight: 400;\">Lors de votre consultation du site https:\/\/www.labonnepointure.re , des informations relatives \u00e0 notre navigation sont susceptibles d\u2019\u00eatre enregistr\u00e9es dans des fichiers \u00ab Cookies \u00bb install\u00e9s sur votre terminal, sous r\u00e9serve de vos choix concernant les cookies, afin d\u2019optimiser votre exp\u00e9rience sur ce site et vous proposer des offres adapt\u00e9es \u00e0 vos centres d\u2019int\u00e9r\u00eats.<\/span><\/p><p><span style=\"font-weight: 400;\">Vous \u00eates libre d\u2019accepter ou de refuser les cookies en configurant votre navigateur (d\u00e9sactivation de tout ou partie des cookies \u2013 voir manuel de votre navigateur Web ou fonction d\u2019aide).<\/span><span style=\"font-weight: 400;\"><br \/><\/span><span style=\"font-weight: 400;\">La d\u00e9sactivation des cookies peut entra\u00eener l\u2019indisponibilit\u00e9 de certains services auxquels ils sont associ\u00e9s. Elle n\u2019emp\u00eache pas l\u2019acc\u00e8s aux espaces non r\u00e9serv\u00e9s du site.<\/span><\/p><p><span style=\"font-weight: 400;\">Pour en savoir plus sur les cookies et leur gestion, nous vous invitons \u00e0 consulter le site internet de la Commission Nationale de l\u2019Informatique et des Libert\u00e9s : <\/span><a href=\"http:\/\/www.cnil.fr\/vos-droits\/vos-traces\/les-cookies\/\"><span style=\"font-weight: 400;\">http:\/\/www.cnil.fr\/vos-droits\/vos-traces\/les-cookies\/<\/span><\/a><span style=\"font-weight: 400;\"> , ou l\u2019option \u00ab Aide \u00bb du menu de votre navigateur.<\/span><\/p><p><span style=\"font-weight: 400;\">PROPRI\u00c9T\u00c9 INTELLECTUELLE ET INDUSTRIELLE<\/span><\/p><p><span style=\"font-weight: 400;\">Ce site internet est la propri\u00e9t\u00e9 de LA BONNE POINTURE.<\/span><\/p><p><span style=\"font-weight: 400;\">Toute extraction, par transfert permanent ou temporaire, de la totalit\u00e9 ou d\u2019une partie du contenu du pr\u00e9sent site internet sur un autre support, par tout moyen ou sous toute forme que ce soit, ainsi que la r\u00e9utilisation, par la mise \u00e0 disposition du public de la totalit\u00e9 ou d\u2019une partie du contenu du pr\u00e9sent site internet, quelle qu\u2019en soit la forme, est illicite. Tous les \u00e9l\u00e9ments (textes, commentaires, ouvrages, illustrations, logos, marques, vid\u00e9os et images, sans que cette liste soit limitative) affich\u00e9s ou cit\u00e9es sur le pr\u00e9sent site internet sont la propri\u00e9t\u00e9 exclusive de leurs titulaires respectifs. Conform\u00e9ment au Code de la Propri\u00e9t\u00e9 Intellectuelle, toute utilisation ou reproduction totale ou partielle desdits \u00e9l\u00e9ments effectu\u00e9e \u00e0 partir du pr\u00e9sent site internet sans l\u2019autorisation expresse et \u00e9crite de LA BONNE POINTURE est interdite.<\/span><\/p><p><span style=\"font-weight: 400;\">UTILISATION DU SITE<\/span><\/p><p><span style=\"font-weight: 400;\">LA BONNE POINTURE s\u2019engage \u00e0 mettre en \u0153uvre tous les moyens \u00e0 sa disposition pour assurer la fiabilit\u00e9 de l\u2019utilisation du pr\u00e9sent site internet et de ses contenus.<\/span><\/p><p><span style=\"font-weight: 400;\">N\u00e9anmoins, LA BONNE POINTURE ne donne aucune garantie et ne saurait en aucun cas \u00eatre responsable de l\u2019utilisation faite du pr\u00e9sent site internet. Notamment, la soci\u00e9t\u00e9 ne saurait \u00eatre tenu responsable en cas d\u2019erreurs, d\u2019interruptions, de dysfonctionnements, de perte de donn\u00e9es, de saturation du r\u00e9seau internet, de d\u00e9faillance de tout mat\u00e9riel de r\u00e9ception ou des lignes de communication, ou de tout autre \u00e9v\u00e8nement impactant ou r\u00e9sultant de l\u2019utilisation du pr\u00e9sent site internet. De m\u00eame, LA BONNE POINTURE ne saurait voir sa responsabilit\u00e9 engag\u00e9e en raison de la nature ou du contenu des pages constituant le pr\u00e9sent site internet ou des sites tiers r\u00e9f\u00e9renc\u00e9s sur les pages du pr\u00e9sent site internet, notamment ceux pour lesquels il existe un lien hypertexte.<\/span><\/p><p><span style=\"font-weight: 400;\"><a href=\"https:\/\/labonnepointure.re\/index.php\/conditions-generales-de-vente\/?preview_id=5370&amp;preview_nonce=36ef8726e7&amp;preview=true\">CONDITIONS G\u00c9N\u00c9RALES DE VENTE DE LA BONNE POINTURE<\/a> Toute commande pass\u00e9e aupr\u00e8s de LA BONNE POINTURE implique l\u2019adh\u00e9sion enti\u00e8re et sans r\u00e9serve du client aux <a href=\"https:\/\/labonnepointure.re\/index.php\/conditions-generales-de-vente\/?preview_id=5370&amp;preview_nonce=36ef8726e7&amp;preview=true\">CGV<\/a>.<\/span><\/p><p><br style=\"font-weight: 400;\" \/><br style=\"font-weight: 400;\" \/><\/p><p><!-- \/wp:paragraph --><\/p>\t\t\t\t\t\t\t\t<\/div>\n\t\t\t\t<\/div>\n\t\t\t\t\t<\/div>\n\t\t\t\t<\/div>\n\t\t\t\t<\/div>\n\t\t","protected":false},"excerpt":{"rendered":"<p>Mentions l\u00e9gales Le site internet https:\/\/www.labonnepointure.re est soumis \u00e0 la loi fran\u00e7aise. Le pr\u00e9sent site est \u00e9dit\u00e9 et g\u00e9r\u00e9 par la soci\u00e9t\u00e9 LBP III (LA BONNE POINTURE), au capital de 1 000\u20ac, immatricul\u00e9e au Registre du Commerce et des Soci\u00e9t\u00e9s de Saint Denis, La R\u00e9union sous le num\u00e9ro 524 932 506, dont le si\u00e8ge social [&hellip;]<\/p>\n","protected":false},"author":2,"featured_media":0,"parent":0,"menu_order":0,"comment_status":"closed","ping_status":"closed","template":"elementor_header_footer","meta":{"footnotes":""},"class_list":["post-3","page","type-page","status-publish","hentry"],"blocksy_meta":[],"yoast_head":"<!-- This site is optimized with the Yoast SEO plugin v27.3 - https:\/\/yoast.com\/product\/yoast-seo-wordpress\/ -->\n<title>Mentions l\u00e9gales - La Bonne Pointure<\/title>\n<meta name=\"robots\" content=\"index, follow, max-snippet:-1, max-image-preview:large, max-video-preview:-1\" \/>\n<link rel=\"canonical\" href=\"https:\/\/labonnepointure.re\/index.php\/privacy-policy\/\" \/>\n<meta property=\"og:locale\" content=\"fr_FR\" \/>\n<meta property=\"og:type\" content=\"article\" \/>\n<meta property=\"og:title\" content=\"Mentions l\u00e9gales - La Bonne Pointure\" \/>\n<meta property=\"og:description\" content=\"Mentions l\u00e9gales Le site internet https:\/\/www.labonnepointure.re est soumis \u00e0 la loi fran\u00e7aise. Le pr\u00e9sent site est \u00e9dit\u00e9 et g\u00e9r\u00e9 par la soci\u00e9t\u00e9 LBP III (LA BONNE POINTURE), au capital de 1 000\u20ac, immatricul\u00e9e au Registre du Commerce et des Soci\u00e9t\u00e9s de Saint Denis, La R\u00e9union sous le num\u00e9ro 524 932 506, dont le si\u00e8ge social [&hellip;]\" \/>\n<meta property=\"og:url\" content=\"https:\/\/labonnepointure.re\/index.php\/privacy-policy\/\" \/>\n<meta property=\"og:site_name\" content=\"La Bonne Pointure\" \/>\n<meta property=\"article:publisher\" content=\"https:\/\/www.facebook.com\/LaBonnePointure974\" \/>\n<meta property=\"article:modified_time\" content=\"2025-08-12T06:01:36+00:00\" \/>\n<meta name=\"twitter:card\" content=\"summary_large_image\" \/>\n<meta name=\"twitter:label1\" content=\"Dur\u00e9e de lecture estim\u00e9e\" \/>\n\t<meta name=\"twitter:data1\" content=\"4 minutes\" \/>\n<script type=\"application\/ld+json\" class=\"yoast-schema-graph\">{\"@context\":\"https:\\\/\\\/schema.org\",\"@graph\":[{\"@type\":\"WebPage\",\"@id\":\"https:\\\/\\\/labonnepointure.re\\\/index.php\\\/privacy-policy\\\/\",\"url\":\"https:\\\/\\\/labonnepointure.re\\\/index.php\\\/privacy-policy\\\/\",\"name\":\"Mentions l\u00e9gales - La Bonne Pointure\",\"isPartOf\":{\"@id\":\"https:\\\/\\\/labonnepointure.re\\\/#website\"},\"datePublished\":\"2021-12-23T22:06:12+00:00\",\"dateModified\":\"2025-08-12T06:01:36+00:00\",\"breadcrumb\":{\"@id\":\"https:\\\/\\\/labonnepointure.re\\\/index.php\\\/privacy-policy\\\/#breadcrumb\"},\"inLanguage\":\"fr-FR\",\"potentialAction\":[{\"@type\":\"ReadAction\",\"target\":[\"https:\\\/\\\/labonnepointure.re\\\/index.php\\\/privacy-policy\\\/\"]}]},{\"@type\":\"BreadcrumbList\",\"@id\":\"https:\\\/\\\/labonnepointure.re\\\/index.php\\\/privacy-policy\\\/#breadcrumb\",\"itemListElement\":[{\"@type\":\"ListItem\",\"position\":1,\"name\":\"Accueil\",\"item\":\"https:\\\/\\\/labonnepointure.re\\\/\"},{\"@type\":\"ListItem\",\"position\":2,\"name\":\"Mentions l\u00e9gales\"}]},{\"@type\":\"WebSite\",\"@id\":\"https:\\\/\\\/labonnepointure.re\\\/#website\",\"url\":\"https:\\\/\\\/labonnepointure.re\\\/\",\"name\":\"La Bonne Pointure R\u00e9union\",\"description\":\"La Bonne Pointure votre marque 100% r\u00e9unionnaise\",\"publisher\":{\"@id\":\"https:\\\/\\\/labonnepointure.re\\\/#organization\"},\"potentialAction\":[{\"@type\":\"SearchAction\",\"target\":{\"@type\":\"EntryPoint\",\"urlTemplate\":\"https:\\\/\\\/labonnepointure.re\\\/?s={search_term_string}\"},\"query-input\":{\"@type\":\"PropertyValueSpecification\",\"valueRequired\":true,\"valueName\":\"search_term_string\"}}],\"inLanguage\":\"fr-FR\"},{\"@type\":\"Organization\",\"@id\":\"https:\\\/\\\/labonnepointure.re\\\/#organization\",\"name\":\"La Bonne Pointure R\u00e9union\",\"alternateName\":\"La Bonne Pointure\",\"url\":\"https:\\\/\\\/labonnepointure.re\\\/\",\"logo\":{\"@type\":\"ImageObject\",\"inLanguage\":\"fr-FR\",\"@id\":\"https:\\\/\\\/labonnepointure.re\\\/#\\\/schema\\\/logo\\\/image\\\/\",\"url\":\"https:\\\/\\\/labonnepointure.re\\\/wp-content\\\/uploads\\\/2024\\\/05\\\/cropped-Copie-de-post-instfb-13.png\",\"contentUrl\":\"https:\\\/\\\/labonnepointure.re\\\/wp-content\\\/uploads\\\/2024\\\/05\\\/cropped-Copie-de-post-instfb-13.png\",\"width\":512,\"height\":512,\"caption\":\"La Bonne Pointure R\u00e9union\"},\"image\":{\"@id\":\"https:\\\/\\\/labonnepointure.re\\\/#\\\/schema\\\/logo\\\/image\\\/\"},\"sameAs\":[\"https:\\\/\\\/www.facebook.com\\\/LaBonnePointure974\",\"https:\\\/\\\/www.instagram.com\\\/labonnepointure_run\\\/\"]}]}<\/script>\n<!-- \/ Yoast SEO plugin. -->","yoast_head_json":{"title":"Mentions l\u00e9gales - La Bonne Pointure","robots":{"index":"index","follow":"follow","max-snippet":"max-snippet:-1","max-image-preview":"max-image-preview:large","max-video-preview":"max-video-preview:-1"},"canonical":"https:\/\/labonnepointure.re\/index.php\/privacy-policy\/","og_locale":"fr_FR","og_type":"article","og_title":"Mentions l\u00e9gales - La Bonne Pointure","og_description":"Mentions l\u00e9gales Le site internet https:\/\/www.labonnepointure.re est soumis \u00e0 la loi fran\u00e7aise. Le pr\u00e9sent site est \u00e9dit\u00e9 et g\u00e9r\u00e9 par la soci\u00e9t\u00e9 LBP III (LA BONNE POINTURE), au capital de 1 000\u20ac, immatricul\u00e9e au Registre du Commerce et des Soci\u00e9t\u00e9s de Saint Denis, La R\u00e9union sous le num\u00e9ro 524 932 506, dont le si\u00e8ge social [&hellip;]","og_url":"https:\/\/labonnepointure.re\/index.php\/privacy-policy\/","og_site_name":"La Bonne Pointure","article_publisher":"https:\/\/www.facebook.com\/LaBonnePointure974","article_modified_time":"2025-08-12T06:01:36+00:00","twitter_card":"summary_large_image","twitter_misc":{"Dur\u00e9e de lecture estim\u00e9e":"4 minutes"},"schema":{"@context":"https:\/\/schema.org","@graph":[{"@type":"WebPage","@id":"https:\/\/labonnepointure.re\/index.php\/privacy-policy\/","url":"https:\/\/labonnepointure.re\/index.php\/privacy-policy\/","name":"Mentions l\u00e9gales - La Bonne Pointure","isPartOf":{"@id":"https:\/\/labonnepointure.re\/#website"},"datePublished":"2021-12-23T22:06:12+00:00","dateModified":"2025-08-12T06:01:36+00:00","breadcrumb":{"@id":"https:\/\/labonnepointure.re\/index.php\/privacy-policy\/#breadcrumb"},"inLanguage":"fr-FR","potentialAction":[{"@type":"ReadAction","target":["https:\/\/labonnepointure.re\/index.php\/privacy-policy\/"]}]},{"@type":"BreadcrumbList","@id":"https:\/\/labonnepointure.re\/index.php\/privacy-policy\/#breadcrumb","itemListElement":[{"@type":"ListItem","position":1,"name":"Accueil","item":"https:\/\/labonnepointure.re\/"},{"@type":"ListItem","position":2,"name":"Mentions l\u00e9gales"}]},{"@type":"WebSite","@id":"https:\/\/labonnepointure.re\/#website","url":"https:\/\/labonnepointure.re\/","name":"La Bonne Pointure R\u00e9union","description":"La Bonne Pointure votre marque 100% r\u00e9unionnaise","publisher":{"@id":"https:\/\/labonnepointure.re\/#organization"},"potentialAction":[{"@type":"SearchAction","target":{"@type":"EntryPoint","urlTemplate":"https:\/\/labonnepointure.re\/?s={search_term_string}"},"query-input":{"@type":"PropertyValueSpecification","valueRequired":true,"valueName":"search_term_string"}}],"inLanguage":"fr-FR"},{"@type":"Organization","@id":"https:\/\/labonnepointure.re\/#organization","name":"La Bonne Pointure R\u00e9union","alternateName":"La Bonne Pointure","url":"https:\/\/labonnepointure.re\/","logo":{"@type":"ImageObject","inLanguage":"fr-FR","@id":"https:\/\/labonnepointure.re\/#\/schema\/logo\/image\/","url":"https:\/\/labonnepointure.re\/wp-content\/uploads\/2024\/05\/cropped-Copie-de-post-instfb-13.png","contentUrl":"https:\/\/labonnepointure.re\/wp-content\/uploads\/2024\/05\/cropped-Copie-de-post-instfb-13.png","width":512,"height":512,"caption":"La Bonne Pointure R\u00e9union"},"image":{"@id":"https:\/\/labonnepointure.re\/#\/schema\/logo\/image\/"},"sameAs":["https:\/\/www.facebook.com\/LaBonnePointure974","https:\/\/www.instagram.com\/labonnepointure_run\/"]}]}},"_links":{"self":[{"href":"https:\/\/labonnepointure.re\/index.php\/wp-json\/wp\/v2\/pages\/3","targetHints":{"allow":["GET"]}}],"collection":[{"href":"https:\/\/labonnepointure.re\/index.php\/wp-json\/wp\/v2\/pages"}],"about":[{"href":"https:\/\/labonnepointure.re\/index.php\/wp-json\/wp\/v2\/types\/page"}],"author":[{"embeddable":true,"href":"https:\/\/labonnepointure.re\/index.php\/wp-json\/wp\/v2\/users\/2"}],"replies":[{"embeddable":true,"href":"https:\/\/labonnepointure.re\/index.php\/wp-json\/wp\/v2\/comments?post=3"}],"version-history":[{"count":3,"href":"https:\/\/labonnepointure.re\/index.php\/wp-json\/wp\/v2\/pages\/3\/revisions"}],"predecessor-version":[{"id":18007,"href":"https:\/\/labonnepointure.re\/index.php\/wp-json\/wp\/v2\/pages\/3\/revisions\/18007"}],"wp:attachment":[{"href":"https:\/\/labonnepointure.re\/index.php\/wp-json\/wp\/v2\/media?parent=3"}],"curies":[{"name":"wp","href":"https:\/\/api.w.org\/{rel}","templated":true}]}}